{"id":8214,"date":"2025-09-09T14:01:49","date_gmt":"2025-09-09T21:01:49","guid":{"rendered":"https:\/\/fcgma.org\/?page_id=8214"},"modified":"2025-09-09T14:06:15","modified_gmt":"2025-09-09T21:06:15","slug":"variance-ad-hoc-subcommittee","status":"publish","type":"page","link":"https:\/\/fcgma.org\/es\/committee-meetings\/variance-ad-hoc-subcommittee\/","title":{"rendered":"Subcomit\u00e9 ad hoc de varianza"},"content":{"rendered":"<div data-elementor-type=\"wp-page\" data-elementor-id=\"8214\" class=\"elementor elementor-8214\" data-elementor-post-type=\"page\">\n\t\t\t\t\t\t<section class=\"elementor-section elementor-top-section elementor-element elementor-element-49085a2 elementor-section-boxed elementor-section-height-default elementor-section-height-default\" data-id=\"49085a2\" data-element_type=\"section\" data-e-type=\"section\">\n\t\t\t\t\t\t<div class=\"elementor-container elementor-column-gap-default\">\n\t\t\t\t\t<div class=\"elementor-column elementor-col-100 elementor-top-column elementor-element elementor-element-30df7430\" data-id=\"30df7430\" data-element_type=\"column\" data-e-type=\"column\">\n\t\t\t<div class=\"elementor-widget-wrap elementor-element-populated\">\n\t\t\t\t\t\t<section class=\"elementor-section elementor-inner-section elementor-element elementor-element-ad3fbc5 elementor-section-boxed elementor-section-height-default elementor-section-height-default\" data-id=\"ad3fbc5\" data-element_type=\"section\" data-e-type=\"section\">\n\t\t\t\t\t\t<div class=\"elementor-container elementor-column-gap-default\">\n\t\t\t\t\t<div class=\"elementor-column elementor-col-50 elementor-inner-column elementor-element elementor-element-3d63b56\" data-id=\"3d63b56\" data-element_type=\"column\" data-e-type=\"column\">\n\t\t\t<div class=\"elementor-widget-wrap elementor-element-populated\">\n\t\t\t\t\t\t<div class=\"elementor-element elementor-element-9fd1461 hfe-link-redirect-self_link elementor-widget__width-initial hfe-nav-menu__align-left hfe-submenu-icon-arrow hfe-nav-menu__breakpoint-tablet elementor-widget elementor-widget-navigation-menu\" data-id=\"9fd1461\" data-element_type=\"widget\" data-e-type=\"widget\" data-settings=\"{&quot;padding_horizontal_menu_item&quot;:{&quot;unit&quot;:&quot;px&quot;,&quot;size&quot;:11,&quot;sizes&quot;:[]},&quot;menu_space_between&quot;:{&quot;unit&quot;:&quot;px&quot;,&quot;size&quot;:0,&quot;sizes&quot;:[]},&quot;padding_horizontal_dropdown_item&quot;:{&quot;unit&quot;:&quot;px&quot;,&quot;size&quot;:14,&quot;sizes&quot;:[]},&quot;padding_vertical_dropdown_item&quot;:{&quot;unit&quot;:&quot;px&quot;,&quot;size&quot;:11,&quot;sizes&quot;:[]},&quot;distance_from_menu&quot;:{&quot;unit&quot;:&quot;px&quot;,&quot;size&quot;:2,&quot;sizes&quot;:[]},&quot;padding_horizontal_menu_item_tablet&quot;:{&quot;unit&quot;:&quot;px&quot;,&quot;size&quot;:&quot;&quot;,&quot;sizes&quot;:[]},&quot;padding_horizontal_menu_item_mobile&quot;:{&quot;unit&quot;:&quot;px&quot;,&quot;size&quot;:&quot;&quot;,&quot;sizes&quot;:[]},&quot;padding_vertical_menu_item&quot;:{&quot;unit&quot;:&quot;px&quot;,&quot;size&quot;:15,&quot;sizes&quot;:[]},&quot;padding_vertical_menu_item_tablet&quot;:{&quot;unit&quot;:&quot;px&quot;,&quot;size&quot;:&quot;&quot;,&quot;sizes&quot;:[]},&quot;padding_vertical_menu_item_mobile&quot;:{&quot;unit&quot;:&quot;px&quot;,&quot;size&quot;:&quot;&quot;,&quot;sizes&quot;:[]},&quot;menu_space_between_tablet&quot;:{&quot;unit&quot;:&quot;px&quot;,&quot;size&quot;:&quot;&quot;,&quot;sizes&quot;:[]},&quot;menu_space_between_mobile&quot;:{&quot;unit&quot;:&quot;px&quot;,&quot;size&quot;:&quot;&quot;,&quot;sizes&quot;:[]},&quot;dropdown_border_radius&quot;:{&quot;unit&quot;:&quot;px&quot;,&quot;top&quot;:&quot;&quot;,&quot;right&quot;:&quot;&quot;,&quot;bottom&quot;:&quot;&quot;,&quot;left&quot;:&quot;&quot;,&quot;isLinked&quot;:true},&quot;dropdown_border_radius_tablet&quot;:{&quot;unit&quot;:&quot;px&quot;,&quot;top&quot;:&quot;&quot;,&quot;right&quot;:&quot;&quot;,&quot;bottom&quot;:&quot;&quot;,&quot;left&quot;:&quot;&quot;,&quot;isLinked&quot;:true},&quot;dropdown_border_radius_mobile&quot;:{&quot;unit&quot;:&quot;px&quot;,&quot;top&quot;:&quot;&quot;,&quot;right&quot;:&quot;&quot;,&quot;bottom&quot;:&quot;&quot;,&quot;left&quot;:&quot;&quot;,&quot;isLinked&quot;:true},&quot;padding_horizontal_dropdown_item_tablet&quot;:{&quot;unit&quot;:&quot;px&quot;,&quot;size&quot;:&quot;&quot;,&quot;sizes&quot;:[]},&quot;padding_horizontal_dropdown_item_mobile&quot;:{&quot;unit&quot;:&quot;px&quot;,&quot;size&quot;:&quot;&quot;,&quot;sizes&quot;:[]},&quot;padding_vertical_dropdown_item_tablet&quot;:{&quot;unit&quot;:&quot;px&quot;,&quot;size&quot;:&quot;&quot;,&quot;sizes&quot;:[]},&quot;padding_vertical_dropdown_item_mobile&quot;:{&quot;unit&quot;:&quot;px&quot;,&quot;size&quot;:&quot;&quot;,&quot;sizes&quot;:[]},&quot;distance_from_menu_tablet&quot;:{&quot;unit&quot;:&quot;px&quot;,&quot;size&quot;:&quot;&quot;,&quot;sizes&quot;:[]},&quot;distance_from_menu_mobile&quot;:{&quot;unit&quot;:&quot;px&quot;,&quot;size&quot;:&quot;&quot;,&quot;sizes&quot;:[]},&quot;toggle_size&quot;:{&quot;unit&quot;:&quot;px&quot;,&quot;size&quot;:&quot;&quot;,&quot;sizes&quot;:[]},&quot;toggle_size_tablet&quot;:{&quot;unit&quot;:&quot;px&quot;,&quot;size&quot;:&quot;&quot;,&quot;sizes&quot;:[]},&quot;toggle_size_mobile&quot;:{&quot;unit&quot;:&quot;px&quot;,&quot;size&quot;:&quot;&quot;,&quot;sizes&quot;:[]},&quot;toggle_border_width&quot;:{&quot;unit&quot;:&quot;px&quot;,&quot;size&quot;:&quot;&quot;,&quot;sizes&quot;:[]},&quot;toggle_border_width_tablet&quot;:{&quot;unit&quot;:&quot;px&quot;,&quot;size&quot;:&quot;&quot;,&quot;sizes&quot;:[]},&quot;toggle_border_width_mobile&quot;:{&quot;unit&quot;:&quot;px&quot;,&quot;size&quot;:&quot;&quot;,&quot;sizes&quot;:[]},&quot;toggle_border_radius&quot;:{&quot;unit&quot;:&quot;px&quot;,&quot;size&quot;:&quot;&quot;,&quot;sizes&quot;:[]},&quot;toggle_border_radius_tablet&quot;:{&quot;unit&quot;:&quot;px&quot;,&quot;size&quot;:&quot;&quot;,&quot;sizes&quot;:[]},&quot;toggle_border_radius_mobile&quot;:{&quot;unit&quot;:&quot;px&quot;,&quot;size&quot;:&quot;&quot;,&quot;sizes&quot;:[]}}\" data-widget_type=\"navigation-menu.default\">\n\t\t\t\t<div class=\"elementor-widget-container\">\n\t\t\t\t\t\t\t\t<div class=\"hfe-nav-menu hfe-layout-vertical hfe-nav-menu-layout vertical\" data-layout=\"vertical\">\n\t\t\t\t<div role=\"button\" class=\"hfe-nav-menu__toggle elementor-clickable\">\n\t\t\t\t\t<span class=\"screen-reader-text\">Men\u00fa<\/span>\n\t\t\t\t\t<div class=\"hfe-nav-menu-icon\">\n\t\t\t\t\t\t<i aria-hidden=\"true\"  class=\"fas fa-align-justify\"><\/i>\t\t\t\t\t<\/div>\n\t\t\t\t<\/div>\n\t\t\t\t<nav itemscope=\"itemscope\" itemtype=\"http:\/\/schema.org\/SiteNavigationElement\" class=\"hfe-nav-menu__layout-vertical hfe-nav-menu__submenu-arrow\" data-toggle-icon=\"&lt;i aria-hidden=&quot;true&quot; tabindex=&quot;0&quot; class=&quot;fas fa-align-justify&quot;&gt;&lt;\/i&gt;\" data-close-icon=\"&lt;i aria-hidden=&quot;true&quot; tabindex=&quot;0&quot; class=&quot;far fa-window-close&quot;&gt;&lt;\/i&gt;\" data-full-width=\"yes\"><ul id=\"menu-1-9fd1461\" class=\"hfe-nav-menu\"><li id=\"menu-item-5852\" itemprop=\"name\" class=\"menu-item menu-item-type-post_type menu-item-object-page menu-item-has-children parent hfe-has-submenu hfe-creative-menu\"><div class=\"hfe-has-submenu-container\"><a href=\"https:\/\/fcgma.org\/es\/groundwater-extraction-reporting\/\" itemprop=\"url\" class = \"hfe-menu-item\">Informes de extracci\u00f3n de aguas subterr\u00e1neas<span class='hfe-menu-toggle sub-arrow hfe-menu-child-0'><i class='fa'><\/i><\/span><\/a><\/div>\n<ul class=\"sub-menu\">\n\t<li id=\"menu-item-5861\" itemprop=\"name\" class=\"menu-item menu-item-type-post_type menu-item-object-page hfe-creative-menu\"><a href=\"https:\/\/fcgma.org\/es\/extraction-reporting-periods\/\" itemprop=\"url\" class = \"hfe-sub-menu-item\">Periodos de presentaci\u00f3n de informes<\/a><\/li>\n\t<li id=\"menu-item-8388\" itemprop=\"name\" class=\"menu-item menu-item-type-post_type menu-item-object-page menu-item-has-children hfe-has-submenu hfe-creative-menu\"><div class=\"hfe-has-submenu-container\"><a href=\"https:\/\/fcgma.org\/es\/flowmeter-requirements\/\" itemprop=\"url\" class = \"hfe-sub-menu-item\">Medidores de caudal<span class='hfe-menu-toggle sub-arrow hfe-menu-child-1'><i class='fa'><\/i><\/span><\/a><\/div>\n\t<ul class=\"sub-menu\">\n\t\t<li id=\"menu-item-8389\" itemprop=\"name\" class=\"menu-item menu-item-type-post_type menu-item-object-page hfe-creative-menu\"><a href=\"https:\/\/fcgma.org\/es\/flowmeter-faq\/\" itemprop=\"url\" class = \"hfe-sub-menu-item\">Preguntas frecuentes sobre caudal\u00edmetros<\/a><\/li>\n\t<\/ul>\n<\/li>\n\t<li id=\"menu-item-5862\" itemprop=\"name\" class=\"menu-item menu-item-type-post_type menu-item-object-page hfe-creative-menu\"><a href=\"https:\/\/fcgma.org\/es\/fees_and_penalties\/\" itemprop=\"url\" class = \"hfe-sub-menu-item\">Tarifas y sanciones<\/a><\/li>\n\t<li id=\"menu-item-5863\" itemprop=\"name\" class=\"menu-item menu-item-type-post_type menu-item-object-page hfe-creative-menu\"><a href=\"https:\/\/fcgma.org\/es\/payment-options\/\" itemprop=\"url\" class = \"hfe-sub-menu-item\">Opciones de pago<\/a><\/li>\n\t<li id=\"menu-item-2399\" itemprop=\"name\" class=\"menu-item menu-item-type-custom menu-item-object-custom menu-item-has-children hfe-has-submenu hfe-creative-menu\"><div class=\"hfe-has-submenu-container\"><a href=\"https:\/\/fcgma.org\/es\/general-information\/\" itemprop=\"url\" class = \"hfe-sub-menu-item\">\u00cdndice de subsidios para riego<span class='hfe-menu-toggle sub-arrow hfe-menu-child-1'><i class='fa'><\/i><\/span><\/a><\/div>\n\t<ul class=\"sub-menu\">\n\t\t<li id=\"menu-item-3125\" itemprop=\"name\" class=\"menu-item menu-item-type-post_type menu-item-object-page hfe-creative-menu\"><a href=\"https:\/\/fcgma.org\/es\/irrigation-allowance-index-faqs\/\" itemprop=\"url\" class = \"hfe-sub-menu-item\">Preguntas frecuentes sobre el \u00edndice de subsidios para riego<\/a><\/li>\n\t\t<li id=\"menu-item-3153\" itemprop=\"name\" class=\"menu-item menu-item-type-post_type menu-item-object-page hfe-creative-menu\"><a href=\"https:\/\/fcgma.org\/es\/irrigation-allowance-index-case-examples\/\" itemprop=\"url\" class = \"hfe-sub-menu-item\">Ejemplos de casos de \u00edndices de subsidios para riego<\/a><\/li>\n\t<\/ul>\n<\/li>\n\t<li id=\"menu-item-5866\" itemprop=\"name\" class=\"menu-item menu-item-type-custom menu-item-object-custom hfe-creative-menu\"><a target=\"_blank\"rel=\"noopener\" href=\"https:\/\/www.fcgmaonline.org\/Logon\/Logon.aspx\" itemprop=\"url\" class = \"hfe-sub-menu-item\">Iniciar sesi\u00f3n en la cuenta<\/a><\/li>\n\t<li id=\"menu-item-5864\" itemprop=\"name\" class=\"menu-item menu-item-type-post_type menu-item-object-page hfe-creative-menu\"><a href=\"https:\/\/fcgma.org\/es\/fcgma-online-account_user-guide\/\" itemprop=\"url\" class = \"hfe-sub-menu-item\">Gu\u00eda del usuario de la cuenta<\/a><\/li>\n\t<li id=\"menu-item-10150\" itemprop=\"name\" class=\"menu-item menu-item-type-post_type menu-item-object-page hfe-creative-menu\"><a href=\"https:\/\/fcgma.org\/es\/groundwater-extraction-reporting\/fcgma-reporting-workshops\/\" itemprop=\"url\" class = \"hfe-sub-menu-item\">Talleres de elaboraci\u00f3n de informes sobre extracci\u00f3n de aguas subterr\u00e1neas<\/a><\/li>\n\t<li id=\"menu-item-5865\" itemprop=\"name\" class=\"menu-item menu-item-type-post_type menu-item-object-page hfe-creative-menu\"><a href=\"https:\/\/fcgma.org\/es\/fee-statement-faq\/\" itemprop=\"url\" class = \"hfe-sub-menu-item\">Preguntas frecuentes sobre tarifas y estados de cuenta<\/a><\/li>\n<\/ul>\n<\/li>\n<li id=\"menu-item-6162\" itemprop=\"name\" class=\"menu-item menu-item-type-post_type menu-item-object-page menu-item-has-children parent hfe-has-submenu hfe-creative-menu\"><div class=\"hfe-has-submenu-container\"><a href=\"https:\/\/fcgma.org\/es\/public-meetings\/\" itemprop=\"url\" class = \"hfe-menu-item\">Reuniones p\u00fablicas<span class='hfe-menu-toggle sub-arrow hfe-menu-child-0'><i class='fa'><\/i><\/span><\/a><\/div>\n<ul class=\"sub-menu\">\n\t<li id=\"menu-item-2157\" itemprop=\"name\" class=\"menu-item menu-item-type-post_type menu-item-object-page hfe-creative-menu\"><a href=\"https:\/\/fcgma.org\/es\/board-agendas-broadcasts-minutes\/\" itemprop=\"url\" class = \"hfe-sub-menu-item\">\u00d3rdenes del d\u00eda, transmisiones y actas de la junta<\/a><\/li>\n\t<li id=\"menu-item-2922\" itemprop=\"name\" class=\"menu-item menu-item-type-post_type menu-item-object-page menu-item-has-children hfe-has-submenu hfe-creative-menu\"><div class=\"hfe-has-submenu-container\"><a href=\"https:\/\/fcgma.org\/es\/public-documents\/brown-act\/\" itemprop=\"url\" class = \"hfe-sub-menu-item\">Ley Brown<span class='hfe-menu-toggle sub-arrow hfe-menu-child-1'><i class='fa'><\/i><\/span><\/a><\/div>\n\t<ul class=\"sub-menu\">\n\t\t<li id=\"menu-item-2179\" itemprop=\"name\" class=\"menu-item menu-item-type-post_type menu-item-object-page hfe-creative-menu\"><a href=\"https:\/\/fcgma.org\/es\/meeting-protocols\/\" itemprop=\"url\" class = \"hfe-sub-menu-item\">Protocolos de reuniones<\/a><\/li>\n\t<\/ul>\n<\/li>\n\t<li id=\"menu-item-3064\" itemprop=\"name\" class=\"menu-item menu-item-type-post_type menu-item-object-page hfe-creative-menu\"><a href=\"https:\/\/fcgma.org\/es\/public-documents\/public-notices\/\" itemprop=\"url\" class = \"hfe-sub-menu-item\">Avisos p\u00fablicos<\/a><\/li>\n\t<li id=\"menu-item-2214\" itemprop=\"name\" class=\"menu-item menu-item-type-post_type menu-item-object-page menu-item-has-children hfe-has-submenu hfe-creative-menu\"><div class=\"hfe-has-submenu-container\"><a href=\"https:\/\/fcgma.org\/es\/committee-meetings\/\" itemprop=\"url\" class = \"hfe-sub-menu-item\">Reuniones de comit\u00e9s<span class='hfe-menu-toggle sub-arrow hfe-menu-child-1'><i class='fa'><\/i><\/span><\/a><\/div>\n\t<ul class=\"sub-menu\">\n\t\t<li id=\"menu-item-2221\" itemprop=\"name\" class=\"menu-item menu-item-type-post_type menu-item-object-page hfe-creative-menu\"><a href=\"https:\/\/fcgma.org\/es\/executive-committee\/\" itemprop=\"url\" class = \"hfe-sub-menu-item\">Comit\u00e9 Ejecutivo<\/a><\/li>\n\t\t<li id=\"menu-item-2829\" itemprop=\"name\" class=\"menu-item menu-item-type-post_type menu-item-object-page hfe-creative-menu\"><a href=\"https:\/\/fcgma.org\/es\/committee-meetings\/operations-committee\/\" itemprop=\"url\" class = \"hfe-sub-menu-item\">Comit\u00e9 de operaciones<\/a><\/li>\n\t\t<li id=\"menu-item-2830\" itemprop=\"name\" class=\"menu-item menu-item-type-post_type menu-item-object-page hfe-creative-menu\"><a href=\"https:\/\/fcgma.org\/es\/committee-meetings\/fiscal-committee\/\" itemprop=\"url\" class = \"hfe-sub-menu-item\">Comit\u00e9 Fiscal<\/a><\/li>\n\t\t<li id=\"menu-item-2858\" itemprop=\"name\" class=\"menu-item menu-item-type-post_type menu-item-object-page hfe-creative-menu\"><a href=\"https:\/\/fcgma.org\/es\/committee-meetings\/technical-advisory-group\/\" itemprop=\"url\" class = \"hfe-sub-menu-item\">Grupo Asesor T\u00e9cnico<\/a><\/li>\n\t\t<li id=\"menu-item-2915\" itemprop=\"name\" class=\"menu-item menu-item-type-post_type menu-item-object-page hfe-creative-menu\"><a href=\"https:\/\/fcgma.org\/es\/committee-meetings\/opv-variance-review-committee\/\" itemprop=\"url\" class = \"hfe-sub-menu-item\">Comit\u00e9 de revisi\u00f3n de la variaci\u00f3n de la OPV<\/a><\/li>\n\t\t<li id=\"menu-item-8222\" itemprop=\"name\" class=\"menu-item menu-item-type-post_type menu-item-object-page hfe-creative-menu\"><a href=\"https:\/\/fcgma.org\/es\/committee-meetings\/variance-ad-hoc-subcommittee\/\" itemprop=\"url\" class = \"hfe-sub-menu-item\">Subcomit\u00e9 ad hoc de varianza<\/a><\/li>\n\t<\/ul>\n<\/li>\n<\/ul>\n<\/li>\n<li id=\"menu-item-4969\" itemprop=\"name\" class=\"menu-item menu-item-type-custom menu-item-object-custom menu-item-has-children parent hfe-has-submenu hfe-creative-menu\"><div class=\"hfe-has-submenu-container\"><a itemprop=\"url\" class = \"hfe-menu-item\">Mapas y datos<span class='hfe-menu-toggle sub-arrow hfe-menu-child-0'><i class='fa'><\/i><\/span><\/a><\/div>\n<ul class=\"sub-menu\">\n\t<li id=\"menu-item-4968\" itemprop=\"name\" class=\"menu-item menu-item-type-post_type menu-item-object-page hfe-creative-menu\"><a href=\"https:\/\/fcgma.org\/es\/interactive-map\/\" itemprop=\"url\" class = \"hfe-sub-menu-item\">Mapa interactivo<\/a><\/li>\n\t<li id=\"menu-item-3247\" itemprop=\"name\" class=\"menu-item menu-item-type-post_type menu-item-object-page hfe-creative-menu\"><a href=\"https:\/\/fcgma.org\/es\/water-levels\/\" itemprop=\"url\" class = \"hfe-sub-menu-item\">Niveles de agua<\/a><\/li>\n\t<li id=\"menu-item-4936\" itemprop=\"name\" class=\"menu-item menu-item-type-post_type menu-item-object-page hfe-creative-menu\"><a href=\"https:\/\/fcgma.org\/es\/dwr-sgma-data-viewer\/\" itemprop=\"url\" class = \"hfe-sub-menu-item\">Visor de datos DWR SGMA<\/a><\/li>\n\t<li id=\"menu-item-2406\" itemprop=\"name\" class=\"menu-item menu-item-type-custom menu-item-object-custom menu-item-has-children hfe-has-submenu hfe-creative-menu\"><div class=\"hfe-has-submenu-container\"><a href=\"#\" itemprop=\"url\" class = \"hfe-sub-menu-item\">Datos meteorol\u00f3gicos<span class='hfe-menu-toggle sub-arrow hfe-menu-child-1'><i class='fa'><\/i><\/span><\/a><\/div>\n\t<ul class=\"sub-menu\">\n\t\t<li id=\"menu-item-3193\" itemprop=\"name\" class=\"menu-item menu-item-type-custom menu-item-object-custom hfe-creative-menu\"><a href=\"https:\/\/cimis.water.ca.gov\/\" itemprop=\"url\" class = \"hfe-sub-menu-item\">Sistema de informaci\u00f3n sobre gesti\u00f3n del riego en California<\/a><\/li>\n\t<\/ul>\n<\/li>\n<\/ul>\n<\/li>\n<li id=\"menu-item-6410\" itemprop=\"name\" class=\"menu-item menu-item-type-post_type menu-item-object-page parent hfe-creative-menu\"><a href=\"https:\/\/fcgma.org\/es\/legislation\/\" itemprop=\"url\" class = \"hfe-menu-item\">Legislaci\u00f3n<\/a><\/li>\n<li id=\"menu-item-6419\" itemprop=\"name\" class=\"menu-item menu-item-type-post_type menu-item-object-page parent hfe-creative-menu\"><a href=\"https:\/\/fcgma.org\/es\/ordinances\/\" itemprop=\"url\" class = \"hfe-menu-item\">Ordenanzas<\/a><\/li>\n<li id=\"menu-item-6453\" itemprop=\"name\" class=\"menu-item menu-item-type-post_type menu-item-object-page parent hfe-creative-menu\"><a href=\"https:\/\/fcgma.org\/es\/resolutions\/\" itemprop=\"url\" class = \"hfe-menu-item\">Resoluciones<\/a><\/li>\n<li id=\"menu-item-6023\" itemprop=\"name\" class=\"menu-item menu-item-type-post_type menu-item-object-page menu-item-has-children parent hfe-has-submenu hfe-creative-menu\"><div class=\"hfe-has-submenu-container\"><a href=\"https:\/\/fcgma.org\/es\/agency-reports\/\" itemprop=\"url\" class = \"hfe-menu-item\">Informes<span class='hfe-menu-toggle sub-arrow hfe-menu-child-0'><i class='fa'><\/i><\/span><\/a><\/div>\n<ul class=\"sub-menu\">\n\t<li id=\"menu-item-10531\" itemprop=\"name\" class=\"menu-item menu-item-type-post_type menu-item-object-page hfe-creative-menu\"><a href=\"https:\/\/fcgma.org\/es\/agency-rfps\/\" itemprop=\"url\" class = \"hfe-sub-menu-item\">Agency RFPs &amp; RFQs<\/a><\/li>\n\t<li id=\"menu-item-6174\" itemprop=\"name\" class=\"menu-item menu-item-type-post_type menu-item-object-page hfe-creative-menu\"><a href=\"https:\/\/fcgma.org\/es\/annual-report-archive\/\" itemprop=\"url\" class = \"hfe-sub-menu-item\">Archivo de informes anuales<\/a><\/li>\n\t<li id=\"menu-item-6192\" itemprop=\"name\" class=\"menu-item menu-item-type-post_type menu-item-object-page hfe-creative-menu\"><a href=\"https:\/\/fcgma.org\/es\/bmo-report-card-archive\/\" itemprop=\"url\" class = \"hfe-sub-menu-item\">Archivo de boletines de calificaciones de BMO<\/a><\/li>\n\t<li id=\"menu-item-6204\" itemprop=\"name\" class=\"menu-item menu-item-type-post_type menu-item-object-page hfe-creative-menu\"><a href=\"https:\/\/fcgma.org\/es\/fcgma-financial-audit-archive\/\" itemprop=\"url\" class = \"hfe-sub-menu-item\">Archivo de Auditor\u00eda Financiera<\/a><\/li>\n\t<li id=\"menu-item-6214\" itemprop=\"name\" class=\"menu-item menu-item-type-post_type menu-item-object-page hfe-creative-menu\"><a href=\"https:\/\/fcgma.org\/es\/agency-budget-documents\/\" itemprop=\"url\" class = \"hfe-sub-menu-item\">Documentos presupuestarios<\/a><\/li>\n\t<li id=\"menu-item-6231\" itemprop=\"name\" class=\"menu-item menu-item-type-post_type menu-item-object-page hfe-creative-menu\"><a href=\"https:\/\/fcgma.org\/es\/lafco-municipal-service-review\/\" itemprop=\"url\" class = \"hfe-sub-menu-item\">Revisi\u00f3n del servicio municipal de LAFCo<\/a><\/li>\n\t<li id=\"menu-item-6247\" itemprop=\"name\" class=\"menu-item menu-item-type-post_type menu-item-object-page menu-item-has-children hfe-has-submenu hfe-creative-menu\"><div class=\"hfe-has-submenu-container\"><a href=\"https:\/\/fcgma.org\/es\/other-reports\/\" itemprop=\"url\" class = \"hfe-sub-menu-item\">Otros informes<span class='hfe-menu-toggle sub-arrow hfe-menu-child-1'><i class='fa'><\/i><\/span><\/a><\/div>\n\t<ul class=\"sub-menu\">\n\t\t<li id=\"menu-item-6572\" itemprop=\"name\" class=\"menu-item menu-item-type-post_type menu-item-object-page hfe-creative-menu\"><a href=\"https:\/\/fcgma.org\/es\/faqs-ami-water-market\/\" itemprop=\"url\" class = \"hfe-sub-menu-item\">Preguntas frecuentes archivadas sobre el mercado del agua<\/a><\/li>\n\t<\/ul>\n<\/li>\n\t<li id=\"menu-item-3305\" itemprop=\"name\" class=\"menu-item menu-item-type-post_type menu-item-object-page hfe-creative-menu\"><a href=\"https:\/\/fcgma.org\/es\/semi-annual-newsletter\/\" itemprop=\"url\" class = \"hfe-sub-menu-item\">Bolet\u00edn informativo semestral<\/a><\/li>\n<\/ul>\n<\/li>\n<li id=\"menu-item-6325\" itemprop=\"name\" class=\"menu-item menu-item-type-post_type menu-item-object-page parent hfe-creative-menu\"><a href=\"https:\/\/fcgma.org\/es\/agency-forms\/\" itemprop=\"url\" class = \"hfe-menu-item\">Formularios<\/a><\/li>\n<\/ul><\/nav>\n\t\t\t<\/div>\n\t\t\t\t\t\t\t<\/div>\n\t\t\t\t<\/div>\n\t\t\t\t\t<\/div>\n\t\t<\/div>\n\t\t\t\t<div class=\"elementor-column elementor-col-50 elementor-inner-column elementor-element elementor-element-d3089ae\" data-id=\"d3089ae\" data-element_type=\"column\" data-e-type=\"column\">\n\t\t\t<div class=\"elementor-widget-wrap elementor-element-populated\">\n\t\t\t\t\t\t<div class=\"elementor-element elementor-element-3953670b elementor-widget elementor-widget-page-title\" data-id=\"3953670b\" data-element_type=\"widget\" data-e-type=\"widget\" data-settings=\"{&quot;align&quot;:&quot;center&quot;}\" data-widget_type=\"page-title.default\">\n\t\t\t\t<div class=\"elementor-widget-container\">\n\t\t\t\t\t\t\t\n\t\t<div class=\"hfe-page-title hfe-page-title-wrapper elementor-widget-heading\">\n\n\t\t\t\t\t\t\t\t<h2 class=\"elementor-heading-title elementor-size-default\">\n\t\t\t\t\t\t\t\t\n\t\t\t\tSubcomit\u00e9 ad hoc de varianza  \n\t\t\t<\/h2> \n\t\t\t\t\t<\/div>\n\t\t\t\t\t\t<\/div>\n\t\t\t\t<\/div>\n\t\t\t\t<div class=\"elementor-element elementor-element-bac6cb3 elementor-widget__width-initial elementor-widget elementor-widget-text-editor\" data-id=\"bac6cb3\" data-element_type=\"widget\" data-e-type=\"widget\" data-widget_type=\"text-editor.default\">\n\t\t\t\t<div class=\"elementor-widget-container\">\n\t\t\t\t\t\t\t\t\t<p>El Subcomit\u00e9 Ad Hoc de Variaci\u00f3n se form\u00f3 por decisi\u00f3n de la Junta en su reuni\u00f3n especial del 13 de junio de 2025.<a href=\"https:\/\/ventura.primegov.com\/Portal\/Meeting?meetingTemplateId=21217\" target=\"_blank\" rel=\"noopener\">Ver art\u00edculo 16 materiales y registro<\/a>.)<\/p>\t\t\t\t\t\t\t\t<\/div>\n\t\t\t\t<\/div>\n\t\t\t\t<div class=\"elementor-element elementor-element-a5128ee elementor-widget elementor-widget-accordion\" data-id=\"a5128ee\" data-element_type=\"widget\" data-e-type=\"widget\" data-widget_type=\"accordion.default\">\n\t\t\t\t<div class=\"elementor-widget-container\">\n\t\t\t\t\t\t\t<div class=\"elementor-accordion\">\n\t\t\t\t\t\t\t<div class=\"elementor-accordion-item\">\n\t\t\t\t\t<div id=\"elementor-tab-title-1731\" class=\"elementor-tab-title\" data-tab=\"1\" role=\"button\" aria-controls=\"elementor-tab-content-1731\" aria-expanded=\"false\">\n\t\t\t\t\t\t\t\t\t\t\t\t\t<span class=\"elementor-accordion-icon elementor-accordion-icon-left\" aria-hidden=\"true\">\n\t\t\t\t\t\t\t\t\t\t\t\t\t\t\t<span class=\"elementor-accordion-icon-closed\"><i class=\"fas fa-folder-plus\"><\/i><\/span>\n\t\t\t\t\t\t\t\t<span class=\"elementor-accordion-icon-opened\"><i class=\"far fa-folder-open\"><\/i><\/span>\n\t\t\t\t\t\t\t\t\t\t\t\t\t\t<\/span>\n\t\t\t\t\t\t\t\t\t\t\t\t<a class=\"elementor-accordion-title\" tabindex=\"0\">12 de septiembre de 2025<\/a>\n\t\t\t\t\t<\/div>\n\t\t\t\t\t<div id=\"elementor-tab-content-1731\" class=\"elementor-tab-content elementor-clearfix\" data-tab=\"1\" role=\"region\" aria-labelledby=\"elementor-tab-title-1731\"><p><a href=\"https:\/\/s42135.pcdn.co\/wp-content\/uploads\/2025\/09\/09-12-2025-FCGMA-Variance-Ad-Hoc-Subcommittee-Agenda.pdf\" target=\"_blank\" rel=\"noopener\">Orden del d\u00eda<\/a><\/p><\/div>\n\t\t\t\t<\/div>\n\t\t\t\t\t\t\t\t<\/div>\n\t\t\t\t\t\t<\/div>\n\t\t\t\t<\/div>\n\t\t\t\t\t<\/div>\n\t\t<\/div>\n\t\t\t\t\t<\/div>\n\t\t<\/section>\n\t\t\t\t\t<\/div>\n\t\t<\/div>\n\t\t\t\t\t<\/div>\n\t\t<\/section>\n\t\t\t\t<\/div>","protected":false},"excerpt":{"rendered":"<p>Menu Groundwater Extraction Reporting Reporting Periods Fees &amp; Penalties Payment Options Irrigation Allowance Index Irrigation Allowance Index FAQs Irrigation Allowance Index Case Examples Account Login Account User Guide Fees &amp; [&hellip;]<\/p>\n","protected":false},"author":13,"featured_media":0,"parent":2193,"menu_order":0,"comment_status":"closed","ping_status":"closed","template":"","meta":{"_price":"","_stock":"","_tribe_ticket_header":"","_tribe_default_ticket_provider":"","_tribe_ticket_capacity":"0","_ticket_start_date":"","_ticket_end_date":"","_tribe_ticket_show_description":"","_tribe_ticket_show_not_going":false,"_tribe_ticket_use_global_stock":"","_tribe_ticket_global_stock_level":"","_global_stock_mode":"","_global_stock_cap":"","_tribe_rsvp_for_event":"","_tribe_ticket_going_count":"","_tribe_ticket_not_going_count":"","_tribe_tickets_list":"[]","_tribe_ticket_has_attendee_info_fields":false,"footnotes":"","_tec_slr_enabled":"","_tec_slr_layout":""},"class_list":["post-8214","page","type-page","status-publish","hentry"],"ticketed":false,"_links":{"self":[{"href":"https:\/\/fcgma.org\/es\/wp-json\/wp\/v2\/pages\/8214","targetHints":{"allow":["GET"]}}],"collection":[{"href":"https:\/\/fcgma.org\/es\/wp-json\/wp\/v2\/pages"}],"about":[{"href":"https:\/\/fcgma.org\/es\/wp-json\/wp\/v2\/types\/page"}],"author":[{"embeddable":true,"href":"https:\/\/fcgma.org\/es\/wp-json\/wp\/v2\/users\/13"}],"replies":[{"embeddable":true,"href":"https:\/\/fcgma.org\/es\/wp-json\/wp\/v2\/comments?post=8214"}],"version-history":[{"count":3,"href":"https:\/\/fcgma.org\/es\/wp-json\/wp\/v2\/pages\/8214\/revisions"}],"predecessor-version":[{"id":8225,"href":"https:\/\/fcgma.org\/es\/wp-json\/wp\/v2\/pages\/8214\/revisions\/8225"}],"up":[{"embeddable":true,"href":"https:\/\/fcgma.org\/es\/wp-json\/wp\/v2\/pages\/2193"}],"wp:attachment":[{"href":"https:\/\/fcgma.org\/es\/wp-json\/wp\/v2\/media?parent=8214"}],"curies":[{"name":"gracias","href":"https:\/\/api.w.org\/{rel}","templated":true}]}}