{"id":5584,"date":"2024-10-10T12:26:55","date_gmt":"2024-10-10T19:26:55","guid":{"rendered":"https:\/\/fcgma.org\/?page_id=5584"},"modified":"2026-04-30T16:33:11","modified_gmt":"2026-04-30T23:33:11","slug":"lpv-gsp-files","status":"publish","type":"page","link":"https:\/\/fcgma.org\/es\/lpv-gsp-files\/","title":{"rendered":"Cuenca del Valle de Las Posas"},"content":{"rendered":"<div data-elementor-type=\"page\" data-elementor-id=\"5584\" class=\"elementor elementor-5584\" data-elementor-post-type=\"page\">\n\t\t\t\t\t\t<section class=\"elementor-section elementor-top-section elementor-element elementor-element-3b126151 elementor-section-boxed elementor-section-height-default elementor-section-height-default\" data-id=\"3b126151\" data-element_type=\"section\" data-e-type=\"section\">\n\t\t\t\t\t\t<div class=\"elementor-container elementor-column-gap-default\">\n\t\t\t\t\t<div class=\"elementor-column elementor-col-50 elementor-top-column elementor-element elementor-element-730f4464\" data-id=\"730f4464\" data-element_type=\"column\" data-e-type=\"column\">\n\t\t\t<div class=\"elementor-widget-wrap elementor-element-populated\">\n\t\t\t\t\t\t<div class=\"elementor-element elementor-element-24c82508 quick-links elementor-widget__width-initial hfe-nav-menu__align-left hfe-submenu-icon-arrow hfe-link-redirect-child hfe-nav-menu__breakpoint-tablet elementor-widget elementor-widget-navigation-menu\" data-id=\"24c82508\" data-element_type=\"widget\" data-e-type=\"widget\" data-settings=\"{&quot;padding_horizontal_menu_item&quot;:{&quot;unit&quot;:&quot;px&quot;,&quot;size&quot;:15,&quot;sizes&quot;:[]},&quot;padding_horizontal_menu_item_tablet&quot;:{&quot;unit&quot;:&quot;px&quot;,&quot;size&quot;:&quot;&quot;,&quot;sizes&quot;:[]},&quot;padding_horizontal_menu_item_mobile&quot;:{&quot;unit&quot;:&quot;px&quot;,&quot;size&quot;:&quot;&quot;,&quot;sizes&quot;:[]},&quot;padding_vertical_menu_item&quot;:{&quot;unit&quot;:&quot;px&quot;,&quot;size&quot;:15,&quot;sizes&quot;:[]},&quot;padding_vertical_menu_item_tablet&quot;:{&quot;unit&quot;:&quot;px&quot;,&quot;size&quot;:&quot;&quot;,&quot;sizes&quot;:[]},&quot;padding_vertical_menu_item_mobile&quot;:{&quot;unit&quot;:&quot;px&quot;,&quot;size&quot;:&quot;&quot;,&quot;sizes&quot;:[]},&quot;menu_space_between&quot;:{&quot;unit&quot;:&quot;px&quot;,&quot;size&quot;:&quot;&quot;,&quot;sizes&quot;:[]},&quot;menu_space_between_tablet&quot;:{&quot;unit&quot;:&quot;px&quot;,&quot;size&quot;:&quot;&quot;,&quot;sizes&quot;:[]},&quot;menu_space_between_mobile&quot;:{&quot;unit&quot;:&quot;px&quot;,&quot;size&quot;:&quot;&quot;,&quot;sizes&quot;:[]},&quot;dropdown_border_radius&quot;:{&quot;unit&quot;:&quot;px&quot;,&quot;top&quot;:&quot;&quot;,&quot;right&quot;:&quot;&quot;,&quot;bottom&quot;:&quot;&quot;,&quot;left&quot;:&quot;&quot;,&quot;isLinked&quot;:true},&quot;dropdown_border_radius_tablet&quot;:{&quot;unit&quot;:&quot;px&quot;,&quot;top&quot;:&quot;&quot;,&quot;right&quot;:&quot;&quot;,&quot;bottom&quot;:&quot;&quot;,&quot;left&quot;:&quot;&quot;,&quot;isLinked&quot;:true},&quot;dropdown_border_radius_mobile&quot;:{&quot;unit&quot;:&quot;px&quot;,&quot;top&quot;:&quot;&quot;,&quot;right&quot;:&quot;&quot;,&quot;bottom&quot;:&quot;&quot;,&quot;left&quot;:&quot;&quot;,&quot;isLinked&quot;:true},&quot;padding_horizontal_dropdown_item&quot;:{&quot;unit&quot;:&quot;px&quot;,&quot;size&quot;:&quot;&quot;,&quot;sizes&quot;:[]},&quot;padding_horizontal_dropdown_item_tablet&quot;:{&quot;unit&quot;:&quot;px&quot;,&quot;size&quot;:&quot;&quot;,&quot;sizes&quot;:[]},&quot;padding_horizontal_dropdown_item_mobile&quot;:{&quot;unit&quot;:&quot;px&quot;,&quot;size&quot;:&quot;&quot;,&quot;sizes&quot;:[]},&quot;padding_vertical_dropdown_item&quot;:{&quot;unit&quot;:&quot;px&quot;,&quot;size&quot;:15,&quot;sizes&quot;:[]},&quot;padding_vertical_dropdown_item_tablet&quot;:{&quot;unit&quot;:&quot;px&quot;,&quot;size&quot;:&quot;&quot;,&quot;sizes&quot;:[]},&quot;padding_vertical_dropdown_item_mobile&quot;:{&quot;unit&quot;:&quot;px&quot;,&quot;size&quot;:&quot;&quot;,&quot;sizes&quot;:[]},&quot;distance_from_menu&quot;:{&quot;unit&quot;:&quot;px&quot;,&quot;size&quot;:&quot;&quot;,&quot;sizes&quot;:[]},&quot;distance_from_menu_tablet&quot;:{&quot;unit&quot;:&quot;px&quot;,&quot;size&quot;:&quot;&quot;,&quot;sizes&quot;:[]},&quot;distance_from_menu_mobile&quot;:{&quot;unit&quot;:&quot;px&quot;,&quot;size&quot;:&quot;&quot;,&quot;sizes&quot;:[]},&quot;toggle_size&quot;:{&quot;unit&quot;:&quot;px&quot;,&quot;size&quot;:&quot;&quot;,&quot;sizes&quot;:[]},&quot;toggle_size_tablet&quot;:{&quot;unit&quot;:&quot;px&quot;,&quot;size&quot;:&quot;&quot;,&quot;sizes&quot;:[]},&quot;toggle_size_mobile&quot;:{&quot;unit&quot;:&quot;px&quot;,&quot;size&quot;:&quot;&quot;,&quot;sizes&quot;:[]},&quot;toggle_border_width&quot;:{&quot;unit&quot;:&quot;px&quot;,&quot;size&quot;:&quot;&quot;,&quot;sizes&quot;:[]},&quot;toggle_border_width_tablet&quot;:{&quot;unit&quot;:&quot;px&quot;,&quot;size&quot;:&quot;&quot;,&quot;sizes&quot;:[]},&quot;toggle_border_width_mobile&quot;:{&quot;unit&quot;:&quot;px&quot;,&quot;size&quot;:&quot;&quot;,&quot;sizes&quot;:[]},&quot;toggle_border_radius&quot;:{&quot;unit&quot;:&quot;px&quot;,&quot;size&quot;:&quot;&quot;,&quot;sizes&quot;:[]},&quot;toggle_border_radius_tablet&quot;:{&quot;unit&quot;:&quot;px&quot;,&quot;size&quot;:&quot;&quot;,&quot;sizes&quot;:[]},&quot;toggle_border_radius_mobile&quot;:{&quot;unit&quot;:&quot;px&quot;,&quot;size&quot;:&quot;&quot;,&quot;sizes&quot;:[]}}\" data-widget_type=\"navigation-menu.default\">\n\t\t\t\t<div class=\"elementor-widget-container\">\n\t\t\t\t\t\t\t\t<div class=\"hfe-nav-menu hfe-layout-vertical hfe-nav-menu-layout vertical\" data-layout=\"vertical\">\n\t\t\t\t<div role=\"button\" class=\"hfe-nav-menu__toggle elementor-clickable\">\n\t\t\t\t\t<span class=\"screen-reader-text\">Men\u00fa<\/span>\n\t\t\t\t\t<div class=\"hfe-nav-menu-icon\">\n\t\t\t\t\t\t<i aria-hidden=\"true\"  class=\"fas fa-align-justify\"><\/i>\t\t\t\t\t<\/div>\n\t\t\t\t<\/div>\n\t\t\t\t<nav class=\"hfe-nav-menu__layout-vertical hfe-nav-menu__submenu-arrow\" data-toggle-icon=\"&lt;i aria-hidden=&quot;true&quot; tabindex=&quot;0&quot; class=&quot;fas fa-align-justify&quot;&gt;&lt;\/i&gt;\" data-close-icon=\"&lt;i aria-hidden=&quot;true&quot; tabindex=&quot;0&quot; class=&quot;far fa-window-close&quot;&gt;&lt;\/i&gt;\" data-full-width=\"yes\"><ul id=\"menu-1-24c82508\" class=\"hfe-nav-menu\"><li id=\"menu-item-5580\" class=\"menu-item menu-item-type-post_type menu-item-object-page parent hfe-creative-menu\"><a href=\"https:\/\/fcgma.org\/es\/gsps\/\" class = \"hfe-menu-item\">Planes de Sostenibilidad de Aguas Subterr\u00e1neas (PSP)<\/a><\/li>\n<li id=\"menu-item-5539\" class=\"menu-item menu-item-type-post_type menu-item-object-page menu-item-has-children parent hfe-has-submenu hfe-creative-menu\"><div class=\"hfe-has-submenu-container\"><a href=\"https:\/\/fcgma.org\/es\/gsp-files\/\" class = \"hfe-menu-item\">Archivos GSP por cuenca<span class='hfe-menu-toggle sub-arrow hfe-menu-child-0'><i class='fa'><\/i><\/span><\/a><\/div>\n<ul class=\"sub-menu\">\n\t<li id=\"menu-item-5585\" class=\"menu-item menu-item-type-post_type menu-item-object-page hfe-creative-menu\"><a href=\"https:\/\/fcgma.org\/es\/lpv-gsp-files\/\" class = \"hfe-sub-menu-item\">Cuenca del Valle de Las Posas<\/a><\/li>\n\t<li id=\"menu-item-5588\" class=\"menu-item menu-item-type-post_type menu-item-object-page hfe-creative-menu\"><a href=\"https:\/\/fcgma.org\/es\/oxnard-subbasin-gsp-files\/\" class = \"hfe-sub-menu-item\">Subcuenca de Oxnard<\/a><\/li>\n\t<li id=\"menu-item-5590\" class=\"menu-item menu-item-type-post_type menu-item-object-page hfe-creative-menu\"><a href=\"https:\/\/fcgma.org\/es\/pleasant-valley-gsp-files\/\" class = \"hfe-sub-menu-item\">Cuenca del valle agradable<\/a><\/li>\n<\/ul>\n<\/li>\n<li id=\"menu-item-5566\" class=\"menu-item menu-item-type-post_type menu-item-object-page parent hfe-creative-menu\"><a href=\"https:\/\/fcgma.org\/es\/gsp-annual-reports\/\" class = \"hfe-menu-item\">Informes anuales del SGP<\/a><\/li>\n<li id=\"menu-item-5547\" class=\"menu-item menu-item-type-post_type menu-item-object-page menu-item-has-children parent hfe-has-submenu hfe-creative-menu\"><div class=\"hfe-has-submenu-container\"><a href=\"https:\/\/fcgma.org\/es\/gsp-periodic-evaluations\/\" class = \"hfe-menu-item\">Evaluaciones peri\u00f3dicas<span class='hfe-menu-toggle sub-arrow hfe-menu-child-0'><i class='fa'><\/i><\/span><\/a><\/div>\n<ul class=\"sub-menu\">\n\t<li id=\"menu-item-5643\" class=\"menu-item menu-item-type-post_type menu-item-object-page hfe-creative-menu\"><a href=\"https:\/\/fcgma.org\/es\/gsp-evals-draft-comments\/\" class = \"hfe-sub-menu-item\">Borradores y comentarios de la evaluaci\u00f3n peri\u00f3dica<\/a><\/li>\n\t<li id=\"menu-item-5644\" class=\"menu-item menu-item-type-post_type menu-item-object-page hfe-creative-menu\"><a href=\"https:\/\/fcgma.org\/es\/gsp-evals-workshops\/\" class = \"hfe-sub-menu-item\">Talleres para las partes interesadas en el desarrollo de evaluaciones<\/a><\/li>\n<\/ul>\n<\/li>\n<li id=\"menu-item-5545\" class=\"menu-item menu-item-type-post_type menu-item-object-page parent hfe-creative-menu\"><a href=\"https:\/\/fcgma.org\/es\/technical-background-presentations-on-groundwater-conditions\/\" class = \"hfe-menu-item\">Antecedentes t\u00e9cnicos sobre las condiciones de las aguas subterr\u00e1neas<\/a><\/li>\n<li id=\"menu-item-5554\" class=\"menu-item menu-item-type-post_type menu-item-object-page parent hfe-creative-menu\"><a href=\"https:\/\/fcgma.org\/es\/project-solicitation-and-evaluation\/\" class = \"hfe-menu-item\">Solicitud y evaluaci\u00f3n de proyectos<\/a><\/li>\n<li id=\"menu-item-5553\" class=\"menu-item menu-item-type-post_type menu-item-object-page parent hfe-creative-menu\"><a href=\"https:\/\/fcgma.org\/es\/arroyo-santa-rosa-valley-basin-gsp\/\" class = \"hfe-menu-item\">Arroyo Cuenca del Valle Santa Rosa GSP<\/a><\/li>\n<li id=\"menu-item-5583\" class=\"menu-item menu-item-type-post_type menu-item-object-page parent hfe-creative-menu\"><a href=\"https:\/\/fcgma.org\/es\/gsp-faqs\/\" class = \"hfe-menu-item\">Preguntas frecuentes sobre el SGP<\/a><\/li>\n<\/ul><\/nav>\n\t\t\t<\/div>\n\t\t\t\t\t\t\t<\/div>\n\t\t\t\t<\/div>\n\t\t\t\t\t<\/div>\n\t\t<\/div>\n\t\t\t\t<div class=\"elementor-column elementor-col-50 elementor-top-column elementor-element elementor-element-6645cd64\" data-id=\"6645cd64\" data-element_type=\"column\" data-e-type=\"column\">\n\t\t\t<div class=\"elementor-widget-wrap elementor-element-populated\">\n\t\t\t\t\t\t<div class=\"elementor-element elementor-element-6adb09c elementor-widget elementor-widget-page-title\" data-id=\"6adb09c\" data-element_type=\"widget\" data-e-type=\"widget\" data-widget_type=\"page-title.default\">\n\t\t\t\t<div class=\"elementor-widget-container\">\n\t\t\t\t\t\t\t\n\t\t<div class=\"hfe-page-title hfe-page-title-wrapper elementor-widget-heading\">\n\n\t\t\t\t\t\t\t\t<h2 class=\"elementor-heading-title elementor-size-default\">\n\t\t\t\t\t\t\t\t\n\t\t\t\tCuenca del Valle de Las Posas  \n\t\t\t<\/h2> \n\t\t\t\t\t<\/div>\n\t\t\t\t\t\t<\/div>\n\t\t\t\t<\/div>\n\t\t\t\t<div class=\"elementor-element elementor-element-673bc781 elementor-widget__width-initial elementor-widget elementor-widget-text-editor\" data-id=\"673bc781\" data-element_type=\"widget\" data-e-type=\"widget\" data-widget_type=\"text-editor.default\">\n\t\t\t\t<div class=\"elementor-widget-container\">\n\t\t\t\t\t\t\t\t\t<p>Los archivos iniciales del Plan de Sostenibilidad de las Aguas Subterr\u00e1neas (GSP) para la Cuenca del Valle de Las Posas (LPV) est\u00e1n disponibles para descargar a trav\u00e9s de los enlaces que aparecen a continuaci\u00f3n.\u00a0<span style=\"color: var( --e-global-color-text ); font-family: var( --e-global-typography-text-font-family ), Sans-serif; font-weight: var( --e-global-typography-text-font-weight ); font-size: 1rem;\">El Departamento de Recursos H\u00eddricos de California (DWR) aprob\u00f3 el GSP para el\u00a0<\/span><a style=\"font-family: var( --e-global-typography-text-font-family ), Sans-serif; font-weight: var( --e-global-typography-text-font-weight ); font-size: 1rem; background-color: #ffffff;\" href=\"https:\/\/fcgma.org\/wp-content\/uploads\/2022\/05\/LasPosasValley_GSP2022_Determination.pdf\" target=\"_blank\" rel=\"noopener\" aria-label=\"Valle de Las Posas - abrir en una pesta\u00f1a nueva\" data-uw-rm-ext-link=\"\">Valle de Las Posas<\/a><span style=\"color: var( --e-global-color-text ); font-family: var( --e-global-typography-text-font-family ), Sans-serif; font-weight: var( --e-global-typography-text-font-weight ); font-size: 1rem;\">\u00a0Cuenca el 13 de enero de 2022.<\/span><\/p>\t\t\t\t\t\t\t\t<\/div>\n\t\t\t\t<\/div>\n\t\t\t\t<div class=\"elementor-element elementor-element-8990f9c elementor-widget elementor-widget-n-accordion\" data-id=\"8990f9c\" data-element_type=\"widget\" data-e-type=\"widget\" data-settings=\"{&quot;default_state&quot;:&quot;expanded&quot;,&quot;max_items_expended&quot;:&quot;one&quot;,&quot;n_accordion_animation_duration&quot;:{&quot;unit&quot;:&quot;ms&quot;,&quot;size&quot;:400,&quot;sizes&quot;:[]}}\" data-widget_type=\"nested-accordion.default\">\n\t\t\t\t<div class=\"elementor-widget-container\">\n\t\t\t\t\t\t\t<div class=\"e-n-accordion\" aria-label=\"Acorde\u00f3n. Abra los enlaces con Enter o Espacio, ci\u00e9rrelos con Escape y navegue con las teclas de flecha\">\n\t\t\t\t\t\t<details id=\"e-n-accordion-item-1440\" class=\"e-n-accordion-item\" open>\n\t\t\t\t<summary class=\"e-n-accordion-item-title\" data-accordion-index=\"1\" tabindex=\"0\" aria-expanded=\"true\" aria-controls=\"e-n-accordion-item-1440\" >\n\t\t\t\t\t<span class='e-n-accordion-item-title-header'><div class=\"e-n-accordion-item-title-text\"> Archivos iniciales del GSP del Valle de Las Posas <\/div><\/span>\n\t\t\t\t\t\t\t<span class='e-n-accordion-item-title-icon'>\n\t\t\t<span class='e-opened' ><i aria-hidden=\"true\" class=\"fas fa-minus\"><\/i><\/span>\n\t\t\t<span class='e-closed'><i aria-hidden=\"true\" class=\"fas fa-plus\"><\/i><\/span>\n\t\t<\/span>\n\n\t\t\t\t\t\t<\/summary>\n\t\t\t\t<div role=\"region\" aria-labelledby=\"e-n-accordion-item-1440\" class=\"elementor-element elementor-element-bbedff9 e-con-full e-flex e-con e-child\" data-id=\"bbedff9\" data-element_type=\"container\" data-e-type=\"container\">\n\t\t<div role=\"region\" aria-labelledby=\"e-n-accordion-item-1440\" class=\"elementor-element elementor-element-7eabbc9 e-flex e-con-boxed e-con e-child\" data-id=\"7eabbc9\" data-element_type=\"container\" data-e-type=\"container\">\n\t\t\t\t\t<div class=\"e-con-inner\">\n\t\t\t\t<div class=\"elementor-element elementor-element-f414b5a elementor-widget elementor-widget-text-editor\" data-id=\"f414b5a\" data-element_type=\"widget\" data-e-type=\"widget\" data-widget_type=\"text-editor.default\">\n\t\t\t\t<div class=\"elementor-widget-container\">\n\t\t\t\t\t\t\t\t\t<p><a href=\"https:\/\/fcgma.org\/wp-content\/uploads\/2026\/04\/signed_final_las-posas-valley-basin-gsp.pdf\" target=\"_blank\" rel=\"noopener\">GSP Finales del Valle de Las Posas \u2013 Completo<\/a><\/p><p><a href=\"https:\/\/fcgma.org\/wp-content\/uploads\/2026\/04\/lpvb-gsp-table-of-contents-acronyms-and-executive-summary_signed.pdf\" target=\"_blank\" rel=\"noopener\">Tabla de Contenidos del Plan Final del Valle de Las Posas Siglas y Resumen Ejecutivo<\/a><\/p><p><a href=\"https:\/\/fcgma.org\/wp-content\/uploads\/2026\/04\/lpvb-gsp-chapter-1-administrative-information.cleaned.pdf\" target=\"_blank\" rel=\"noopener\">Informaci\u00f3n administrativa del Cap\u00edtulo 1 de los GSP finales del Valle de Las Posas<\/a><\/p><p><a href=\"https:\/\/fcgma.org\/wp-content\/uploads\/2026\/04\/lpvb-gsp-chapter-2-basin-setting.cleaned.pdf\" target=\"_blank\" rel=\"noopener\">GSP Finales del Valle de Las Posas \u2013 Cap\u00edtulo 2 Configuraci\u00f3n de la Cuenca<\/a><\/p><p><a href=\"https:\/\/fcgma.org\/wp-content\/uploads\/2026\/04\/lpvb-gsp-chapter-3-sustainable-management-criteria.cleaned.pdf\" target=\"_blank\" rel=\"noopener\">GSP Finales del Valle de Las Posas \u2013 Cap\u00edtulo 3 Criterios de Gesti\u00f3n Sostenible<\/a><\/p><p><a href=\"https:\/\/fcgma.org\/wp-content\/uploads\/2026\/04\/lpvb-gsp-chapter-4-monitoring-networks.cleaned.pdf\" target=\"_blank\" rel=\"noopener\">GSP Finales del Valle de Las Posas \u2013 Cap\u00edtulo 4 Redes de Monitoreo<\/a><\/p><p><a href=\"https:\/\/fcgma.org\/wp-content\/uploads\/2026\/04\/lpvb-gsp-chapter-5-projects-and-management-actions.cleaned.pdf\" target=\"_blank\" rel=\"noopener\">Proyectos y acciones de gesti\u00f3n del Valle de Las Posas \u2013 Cap\u00edtulo 5<\/a><\/p><p><a href=\"https:\/\/fcgma.org\/wp-content\/uploads\/2026\/04\/las_posas_valley_basin_gsp_chapter_redlines_changes_from_july_2019.cleaned.pdf\" target=\"_blank\" rel=\"noopener\">Cambios en las l\u00edneas rojas del cap\u00edtulo del GSP de la Cuenca del Valle de Las Posas a partir de julio de 2019<\/a><\/p><p><a href=\"https:\/\/fcgma.org\/wp-content\/uploads\/2026\/04\/lpv_appendix-a.-gsa-formation-documentation.cleaned.pdf\" target=\"_blank\" rel=\"noopener\">Ap\u00e9ndice A. Documentaci\u00f3n de formaci\u00f3n de la GSA (incluye comentarios p\u00fablicos)<\/a><\/p><p><a href=\"https:\/\/fcgma.org\/wp-content\/uploads\/2026\/04\/lpv_appendix-b.-public-outreach-and-engagement-plan.cleaned.pdf\" target=\"_blank\" rel=\"noopener\">Ap\u00e9ndice B. Plan de participaci\u00f3n y difusi\u00f3n p\u00fablica<\/a><\/p><p><a href=\"https:\/\/fcgma.org\/wp-content\/uploads\/2026\/04\/lpv_appendix-c.-cmwd_elpma_report_final_011718.pdf\" target=\"_blank\" rel=\"noopener\">Ap\u00e9ndice C. Informe final de la ELPMA sobre el control de las armas qu\u00edmicas y biol\u00f3gicas 011718<\/a><\/p><p><a href=\"https:\/\/fcgma.org\/wp-content\/uploads\/2026\/04\/lpv_appendix-d.-las-posas-water-elevation-hydrographs.cleaned.pdf\" target=\"_blank\" rel=\"noopener\">Ap\u00e9ndice D. Hidrogramas de elevaci\u00f3n del agua de Las Posas<\/a><\/p><p><a href=\"https:\/\/fcgma.org\/wp-content\/uploads\/2026\/04\/lpv_appendix-e.-uwcd-ofr2018-02_model_documentation_report.pdf\" target=\"_blank\" rel=\"noopener\">Ap\u00e9ndice E. Informe de documentaci\u00f3n modelo UWCD-OFR2018-02<\/a><\/p><p><a href=\"https:\/\/fcgma.org\/wp-content\/uploads\/2026\/04\/lpv_appendix-f.-las-posas-water-quality-hydrographs.pdf\" target=\"_blank\" rel=\"noopener\">Ap\u00e9ndice F. Hidrogramas de calidad del agua de Las Posas<\/a><\/p><p><a href=\"https:\/\/fcgma.org\/wp-content\/uploads\/2026\/04\/lpv_appendix-g.-fcgma-water-quality-statistics.pdf\" target=\"_blank\" rel=\"noopener\">Ap\u00e9ndice G. Estad\u00edsticas de calidad del agua de la FCGMA<\/a><\/p><p><a href=\"https:\/\/fcgma.org\/wp-content\/uploads\/2026\/04\/lpv_appendix-h.-las-posas-303d-list-reaches.cleaned.pdf\" target=\"_blank\" rel=\"noopener\">Ap\u00e9ndice H. Alcances de la lista 303(d) de Las Posas<\/a><\/p><p><a href=\"https:\/\/fcgma.org\/wp-content\/uploads\/2026\/04\/lpv_appendix-i.-tnc-gde-tech-memo.cleaned.pdf\" target=\"_blank\" rel=\"noopener\">Ap\u00e9ndice I. Memor\u00e1ndum t\u00e9cnico de TNC GDE<\/a><\/p><p><a href=\"https:\/\/fcgma.org\/wp-content\/uploads\/2026\/04\/lpv_appendix-j.-peer_review-mar-12.cleaned.pdf\" target=\"_blank\" rel=\"noopener\">Ap\u00e9ndice J. Revisi\u00f3n por pares 12 de marzo<\/a><\/p><p><a href=\"https:\/\/fcgma.org\/wp-content\/uploads\/2026\/04\/lpv_appendix-k.-potential-impact-on-storage-production-and-recharge-of-baseline-scenario-elpma.cleaned.pdf\" target=\"_blank\" rel=\"noopener\">Ap\u00e9ndice K. Impacto potencial en el almacenamiento, la producci\u00f3n y la recarga del escenario de referencia ELPMA<\/a><\/p><p><a href=\"https:\/\/fcgma.org\/wp-content\/uploads\/2026\/04\/lpv_appendix-l.-gsps_model_documentation_from_uwcd_nov_2019.cleaned.pdf\" target=\"_blank\" rel=\"noopener\">Ap\u00e9ndice L. Documentaci\u00f3n del modelo SGP de UWCD, noviembre de 2019<\/a><\/p><p><a href=\"https:\/\/fcgma.org\/wp-content\/uploads\/2026\/04\/lpv_appendix-m.-cmwd-peer_review-jul-2019.cleaned-1.pdf\" target=\"_blank\" rel=\"noopener\">Ap\u00e9ndice M. Revisi\u00f3n por pares del CMWD JULIO DE 2019<\/a><\/p>\t\t\t\t\t\t\t\t<\/div>\n\t\t\t\t<\/div>\n\t\t\t\t\t<\/div>\n\t\t\t\t<\/div>\n\t\t\t\t<\/div>\n\t\t\t\t\t<\/details>\n\t\t\t\t\t<\/div>\n\t\t\t\t\t\t<\/div>\n\t\t\t\t<\/div>\n\t\t\t\t\t<\/div>\n\t\t<\/div>\n\t\t\t\t\t<\/div>\n\t\t<\/section>\n\t\t\t\t<\/div>","protected":false},"excerpt":{"rendered":"<p>Menu Groundwater Sustainability Plans (GSPs) GSP Files by Basin Las Posas Valley Basin Oxnard Subbasin Pleasant Valley Basin GSP Annual Reports Periodic Evaluations Periodic Evaluation Drafts &#038; Comments Stakeholder Workshops [&hellip;]<\/p>\n","protected":false},"author":11,"featured_media":0,"parent":0,"menu_order":0,"comment_status":"closed","ping_status":"closed","template":"","meta":{"_price":"","_stock":"","_tribe_ticket_header":"","_tribe_default_ticket_provider":"","_tribe_ticket_capacity":"0","_ticket_start_date":"","_ticket_end_date":"","_tribe_ticket_show_description":"","_tribe_ticket_show_not_going":false,"_tribe_ticket_use_global_stock":"","_tribe_ticket_global_stock_level":"","_global_stock_mode":"","_global_stock_cap":"","_tribe_rsvp_for_event":"","_tribe_ticket_going_count":"","_tribe_ticket_not_going_count":"","_tribe_tickets_list":"[]","_tribe_ticket_has_attendee_info_fields":false,"footnotes":"","_tec_slr_enabled":"","_tec_slr_layout":""},"class_list":["post-5584","page","type-page","status-publish","hentry"],"ticketed":false,"_links":{"self":[{"href":"https:\/\/fcgma.org\/es\/wp-json\/wp\/v2\/pages\/5584","targetHints":{"allow":["GET"]}}],"collection":[{"href":"https:\/\/fcgma.org\/es\/wp-json\/wp\/v2\/pages"}],"about":[{"href":"https:\/\/fcgma.org\/es\/wp-json\/wp\/v2\/types\/page"}],"author":[{"embeddable":true,"href":"https:\/\/fcgma.org\/es\/wp-json\/wp\/v2\/users\/11"}],"replies":[{"embeddable":true,"href":"https:\/\/fcgma.org\/es\/wp-json\/wp\/v2\/comments?post=5584"}],"version-history":[{"count":3,"href":"https:\/\/fcgma.org\/es\/wp-json\/wp\/v2\/pages\/5584\/revisions"}],"predecessor-version":[{"id":10997,"href":"https:\/\/fcgma.org\/es\/wp-json\/wp\/v2\/pages\/5584\/revisions\/10997"}],"wp:attachment":[{"href":"https:\/\/fcgma.org\/es\/wp-json\/wp\/v2\/media?parent=5584"}],"curies":[{"name":"gracias","href":"https:\/\/api.w.org\/{rel}","templated":true}]}}