{"id":5548,"date":"2024-09-30T21:14:22","date_gmt":"2024-10-01T04:14:22","guid":{"rendered":"https:\/\/fcgma.org\/?post_type=elementor_library&#038;p=5548"},"modified":"2025-04-04T14:10:38","modified_gmt":"2025-04-04T21:10:38","slug":"project-solicitation-and-evaluation","status":"publish","type":"page","link":"https:\/\/fcgma.org\/es\/project-solicitation-and-evaluation\/","title":{"rendered":"Solicitud y evaluaci\u00f3n de proyectos"},"content":{"rendered":"<div data-elementor-type=\"page\" data-elementor-id=\"5548\" class=\"elementor elementor-5548\" data-elementor-post-type=\"page\">\n\t\t\t\t\t\t<section class=\"elementor-section elementor-top-section elementor-element elementor-element-3b126151 elementor-section-boxed elementor-section-height-default elementor-section-height-default\" data-id=\"3b126151\" data-element_type=\"section\" data-e-type=\"section\">\n\t\t\t\t\t\t<div class=\"elementor-container elementor-column-gap-default\">\n\t\t\t\t\t<div class=\"elementor-column elementor-col-50 elementor-top-column elementor-element elementor-element-730f4464\" data-id=\"730f4464\" data-element_type=\"column\" data-e-type=\"column\">\n\t\t\t<div class=\"elementor-widget-wrap elementor-element-populated\">\n\t\t\t\t\t\t<div class=\"elementor-element elementor-element-24c82508 quick-links hfe-nav-menu__align-left hfe-submenu-icon-arrow hfe-link-redirect-child hfe-nav-menu__breakpoint-tablet elementor-widget elementor-widget-navigation-menu\" data-id=\"24c82508\" data-element_type=\"widget\" data-e-type=\"widget\" data-settings=\"{&quot;padding_horizontal_menu_item&quot;:{&quot;unit&quot;:&quot;px&quot;,&quot;size&quot;:15,&quot;sizes&quot;:[]},&quot;padding_horizontal_menu_item_tablet&quot;:{&quot;unit&quot;:&quot;px&quot;,&quot;size&quot;:&quot;&quot;,&quot;sizes&quot;:[]},&quot;padding_horizontal_menu_item_mobile&quot;:{&quot;unit&quot;:&quot;px&quot;,&quot;size&quot;:&quot;&quot;,&quot;sizes&quot;:[]},&quot;padding_vertical_menu_item&quot;:{&quot;unit&quot;:&quot;px&quot;,&quot;size&quot;:15,&quot;sizes&quot;:[]},&quot;padding_vertical_menu_item_tablet&quot;:{&quot;unit&quot;:&quot;px&quot;,&quot;size&quot;:&quot;&quot;,&quot;sizes&quot;:[]},&quot;padding_vertical_menu_item_mobile&quot;:{&quot;unit&quot;:&quot;px&quot;,&quot;size&quot;:&quot;&quot;,&quot;sizes&quot;:[]},&quot;menu_space_between&quot;:{&quot;unit&quot;:&quot;px&quot;,&quot;size&quot;:&quot;&quot;,&quot;sizes&quot;:[]},&quot;menu_space_between_tablet&quot;:{&quot;unit&quot;:&quot;px&quot;,&quot;size&quot;:&quot;&quot;,&quot;sizes&quot;:[]},&quot;menu_space_between_mobile&quot;:{&quot;unit&quot;:&quot;px&quot;,&quot;size&quot;:&quot;&quot;,&quot;sizes&quot;:[]},&quot;dropdown_border_radius&quot;:{&quot;unit&quot;:&quot;px&quot;,&quot;top&quot;:&quot;&quot;,&quot;right&quot;:&quot;&quot;,&quot;bottom&quot;:&quot;&quot;,&quot;left&quot;:&quot;&quot;,&quot;isLinked&quot;:true},&quot;dropdown_border_radius_tablet&quot;:{&quot;unit&quot;:&quot;px&quot;,&quot;top&quot;:&quot;&quot;,&quot;right&quot;:&quot;&quot;,&quot;bottom&quot;:&quot;&quot;,&quot;left&quot;:&quot;&quot;,&quot;isLinked&quot;:true},&quot;dropdown_border_radius_mobile&quot;:{&quot;unit&quot;:&quot;px&quot;,&quot;top&quot;:&quot;&quot;,&quot;right&quot;:&quot;&quot;,&quot;bottom&quot;:&quot;&quot;,&quot;left&quot;:&quot;&quot;,&quot;isLinked&quot;:true},&quot;padding_horizontal_dropdown_item&quot;:{&quot;unit&quot;:&quot;px&quot;,&quot;size&quot;:&quot;&quot;,&quot;sizes&quot;:[]},&quot;padding_horizontal_dropdown_item_tablet&quot;:{&quot;unit&quot;:&quot;px&quot;,&quot;size&quot;:&quot;&quot;,&quot;sizes&quot;:[]},&quot;padding_horizontal_dropdown_item_mobile&quot;:{&quot;unit&quot;:&quot;px&quot;,&quot;size&quot;:&quot;&quot;,&quot;sizes&quot;:[]},&quot;padding_vertical_dropdown_item&quot;:{&quot;unit&quot;:&quot;px&quot;,&quot;size&quot;:15,&quot;sizes&quot;:[]},&quot;padding_vertical_dropdown_item_tablet&quot;:{&quot;unit&quot;:&quot;px&quot;,&quot;size&quot;:&quot;&quot;,&quot;sizes&quot;:[]},&quot;padding_vertical_dropdown_item_mobile&quot;:{&quot;unit&quot;:&quot;px&quot;,&quot;size&quot;:&quot;&quot;,&quot;sizes&quot;:[]},&quot;distance_from_menu&quot;:{&quot;unit&quot;:&quot;px&quot;,&quot;size&quot;:&quot;&quot;,&quot;sizes&quot;:[]},&quot;distance_from_menu_tablet&quot;:{&quot;unit&quot;:&quot;px&quot;,&quot;size&quot;:&quot;&quot;,&quot;sizes&quot;:[]},&quot;distance_from_menu_mobile&quot;:{&quot;unit&quot;:&quot;px&quot;,&quot;size&quot;:&quot;&quot;,&quot;sizes&quot;:[]},&quot;toggle_size&quot;:{&quot;unit&quot;:&quot;px&quot;,&quot;size&quot;:&quot;&quot;,&quot;sizes&quot;:[]},&quot;toggle_size_tablet&quot;:{&quot;unit&quot;:&quot;px&quot;,&quot;size&quot;:&quot;&quot;,&quot;sizes&quot;:[]},&quot;toggle_size_mobile&quot;:{&quot;unit&quot;:&quot;px&quot;,&quot;size&quot;:&quot;&quot;,&quot;sizes&quot;:[]},&quot;toggle_border_width&quot;:{&quot;unit&quot;:&quot;px&quot;,&quot;size&quot;:&quot;&quot;,&quot;sizes&quot;:[]},&quot;toggle_border_width_tablet&quot;:{&quot;unit&quot;:&quot;px&quot;,&quot;size&quot;:&quot;&quot;,&quot;sizes&quot;:[]},&quot;toggle_border_width_mobile&quot;:{&quot;unit&quot;:&quot;px&quot;,&quot;size&quot;:&quot;&quot;,&quot;sizes&quot;:[]},&quot;toggle_border_radius&quot;:{&quot;unit&quot;:&quot;px&quot;,&quot;size&quot;:&quot;&quot;,&quot;sizes&quot;:[]},&quot;toggle_border_radius_tablet&quot;:{&quot;unit&quot;:&quot;px&quot;,&quot;size&quot;:&quot;&quot;,&quot;sizes&quot;:[]},&quot;toggle_border_radius_mobile&quot;:{&quot;unit&quot;:&quot;px&quot;,&quot;size&quot;:&quot;&quot;,&quot;sizes&quot;:[]}}\" data-widget_type=\"navigation-menu.default\">\n\t\t\t\t<div class=\"elementor-widget-container\">\n\t\t\t\t\t\t\t\t<div class=\"hfe-nav-menu hfe-layout-vertical hfe-nav-menu-layout vertical\" data-layout=\"vertical\">\n\t\t\t\t<div role=\"button\" class=\"hfe-nav-menu__toggle elementor-clickable\">\n\t\t\t\t\t<span class=\"screen-reader-text\">Men\u00fa<\/span>\n\t\t\t\t\t<div class=\"hfe-nav-menu-icon\">\n\t\t\t\t\t\t<i aria-hidden=\"true\"  class=\"fas fa-align-justify\"><\/i>\t\t\t\t\t<\/div>\n\t\t\t\t<\/div>\n\t\t\t\t<nav class=\"hfe-nav-menu__layout-vertical hfe-nav-menu__submenu-arrow\" data-toggle-icon=\"&lt;i aria-hidden=&quot;true&quot; tabindex=&quot;0&quot; class=&quot;fas fa-align-justify&quot;&gt;&lt;\/i&gt;\" data-close-icon=\"&lt;i aria-hidden=&quot;true&quot; tabindex=&quot;0&quot; class=&quot;far fa-window-close&quot;&gt;&lt;\/i&gt;\" data-full-width=\"yes\"><ul id=\"menu-1-24c82508\" class=\"hfe-nav-menu\"><li id=\"menu-item-5580\" class=\"menu-item menu-item-type-post_type menu-item-object-page parent hfe-creative-menu\"><a href=\"https:\/\/fcgma.org\/es\/gsps\/\" class = \"hfe-menu-item\">Planes de Sostenibilidad de Aguas Subterr\u00e1neas (PSP)<\/a><\/li>\n<li id=\"menu-item-5539\" class=\"menu-item menu-item-type-post_type menu-item-object-page menu-item-has-children parent hfe-has-submenu hfe-creative-menu\"><div class=\"hfe-has-submenu-container\"><a href=\"https:\/\/fcgma.org\/es\/gsp-files\/\" class = \"hfe-menu-item\">Archivos GSP por cuenca<span class='hfe-menu-toggle sub-arrow hfe-menu-child-0'><i class='fa'><\/i><\/span><\/a><\/div>\n<ul class=\"sub-menu\">\n\t<li id=\"menu-item-5585\" class=\"menu-item menu-item-type-post_type menu-item-object-page hfe-creative-menu\"><a href=\"https:\/\/fcgma.org\/es\/lpv-gsp-files\/\" class = \"hfe-sub-menu-item\">Cuenca del Valle de Las Posas<\/a><\/li>\n\t<li id=\"menu-item-5588\" class=\"menu-item menu-item-type-post_type menu-item-object-page hfe-creative-menu\"><a href=\"https:\/\/fcgma.org\/es\/oxnard-subbasin-gsp-files\/\" class = \"hfe-sub-menu-item\">Subcuenca de Oxnard<\/a><\/li>\n\t<li id=\"menu-item-5590\" class=\"menu-item menu-item-type-post_type menu-item-object-page hfe-creative-menu\"><a href=\"https:\/\/fcgma.org\/es\/pleasant-valley-gsp-files\/\" class = \"hfe-sub-menu-item\">Cuenca del valle agradable<\/a><\/li>\n<\/ul>\n<\/li>\n<li id=\"menu-item-5566\" class=\"menu-item menu-item-type-post_type menu-item-object-page parent hfe-creative-menu\"><a href=\"https:\/\/fcgma.org\/es\/gsp-annual-reports\/\" class = \"hfe-menu-item\">Informes anuales del SGP<\/a><\/li>\n<li id=\"menu-item-5547\" class=\"menu-item menu-item-type-post_type menu-item-object-page menu-item-has-children parent hfe-has-submenu hfe-creative-menu\"><div class=\"hfe-has-submenu-container\"><a href=\"https:\/\/fcgma.org\/es\/gsp-periodic-evaluations\/\" class = \"hfe-menu-item\">Evaluaciones peri\u00f3dicas<span class='hfe-menu-toggle sub-arrow hfe-menu-child-0'><i class='fa'><\/i><\/span><\/a><\/div>\n<ul class=\"sub-menu\">\n\t<li id=\"menu-item-5643\" class=\"menu-item menu-item-type-post_type menu-item-object-page hfe-creative-menu\"><a href=\"https:\/\/fcgma.org\/es\/gsp-evals-draft-comments\/\" class = \"hfe-sub-menu-item\">Borradores y comentarios de la evaluaci\u00f3n peri\u00f3dica<\/a><\/li>\n\t<li id=\"menu-item-5644\" class=\"menu-item menu-item-type-post_type menu-item-object-page hfe-creative-menu\"><a href=\"https:\/\/fcgma.org\/es\/gsp-evals-workshops\/\" class = \"hfe-sub-menu-item\">Talleres para las partes interesadas en el desarrollo de evaluaciones<\/a><\/li>\n<\/ul>\n<\/li>\n<li id=\"menu-item-5545\" class=\"menu-item menu-item-type-post_type menu-item-object-page parent hfe-creative-menu\"><a href=\"https:\/\/fcgma.org\/es\/technical-background-presentations-on-groundwater-conditions\/\" class = \"hfe-menu-item\">Antecedentes t\u00e9cnicos sobre las condiciones de las aguas subterr\u00e1neas<\/a><\/li>\n<li id=\"menu-item-5554\" class=\"menu-item menu-item-type-post_type menu-item-object-page parent hfe-creative-menu\"><a href=\"https:\/\/fcgma.org\/es\/project-solicitation-and-evaluation\/\" class = \"hfe-menu-item\">Solicitud y evaluaci\u00f3n de proyectos<\/a><\/li>\n<li id=\"menu-item-5553\" class=\"menu-item menu-item-type-post_type menu-item-object-page parent hfe-creative-menu\"><a href=\"https:\/\/fcgma.org\/es\/arroyo-santa-rosa-valley-basin-gsp\/\" class = \"hfe-menu-item\">Arroyo Cuenca del Valle Santa Rosa GSP<\/a><\/li>\n<li id=\"menu-item-5583\" class=\"menu-item menu-item-type-post_type menu-item-object-page parent hfe-creative-menu\"><a href=\"https:\/\/fcgma.org\/es\/gsp-faqs\/\" class = \"hfe-menu-item\">Preguntas frecuentes sobre el SGP<\/a><\/li>\n<\/ul><\/nav>\n\t\t\t<\/div>\n\t\t\t\t\t\t\t<\/div>\n\t\t\t\t<\/div>\n\t\t\t\t\t<\/div>\n\t\t<\/div>\n\t\t\t\t<div class=\"elementor-column elementor-col-50 elementor-top-column elementor-element elementor-element-6645cd64\" data-id=\"6645cd64\" data-element_type=\"column\" data-e-type=\"column\">\n\t\t\t<div class=\"elementor-widget-wrap elementor-element-populated\">\n\t\t\t\t\t\t<div class=\"elementor-element elementor-element-b50e23f elementor-widget elementor-widget-page-title\" data-id=\"b50e23f\" data-element_type=\"widget\" data-e-type=\"widget\" data-widget_type=\"page-title.default\">\n\t\t\t\t<div class=\"elementor-widget-container\">\n\t\t\t\t\t\t\t\n\t\t<div class=\"hfe-page-title hfe-page-title-wrapper elementor-widget-heading\">\n\n\t\t\t\t\t\t\t\t<h2 class=\"elementor-heading-title elementor-size-default\">\n\t\t\t\t\t\t\t\t\n\t\t\t\tSolicitud y evaluaci\u00f3n de proyectos  \n\t\t\t<\/h2> \n\t\t\t\t\t<\/div>\n\t\t\t\t\t\t<\/div>\n\t\t\t\t<\/div>\n\t\t\t\t<div class=\"elementor-element elementor-element-673bc781 elementor-widget elementor-widget-text-editor\" data-id=\"673bc781\" data-element_type=\"widget\" data-e-type=\"widget\" data-widget_type=\"text-editor.default\">\n\t\t\t\t<div class=\"elementor-widget-container\">\n\t\t\t\t\t\t\t\t\t<p><strong>Fecha l\u00edmite de presentaci\u00f3n: 30 de septiembre de 2023<\/strong><\/p><p>La Agencia de Gesti\u00f3n de Aguas Subterr\u00e1neas de Fox Canyon (FCGMA) est\u00e1 solicitando la presentaci\u00f3n de proyectos de suministro de agua e infraestructura en la Cuenca del Valle de Las Posas, la Subcuenca de Oxnard y la Cuenca del Valle Pleasant.<\/p><p>La Junta Directiva de la Agencia estableci\u00f3 un proceso y criterios para evaluar y priorizar proyectos para su inclusi\u00f3n en las actualizaciones del Plan de Sostenibilidad de las Aguas Subterr\u00e1neas (GSP) y para su posible financiaci\u00f3n a trav\u00e9s de futuras oportunidades de subvenciones y\/o el desarrollo de tarifas para la financiaci\u00f3n por parte de los operadores de cuencas. El prop\u00f3sito del proceso de clasificaci\u00f3n de proyectos es clasificar y priorizar los proyectos en las listas de proyectos adoptadas por la Junta para el GSP para cada una de las cuencas. Esto crear\u00e1 un sistema de clasificaci\u00f3n de proyectos.\u00a0<em>Lista de priorizaci\u00f3n de proyectos<\/em>\u00a0de proyectos que ser\u00e1n implementados por la FCGMA y\/u otras agencias. La priorizaci\u00f3n se utilizar\u00e1 para recomendar a la Junta qu\u00e9 proyectos deber\u00edan incluirse para su financiamiento mediante posibles tarifas de reposici\u00f3n y\/o en las solicitudes de la Agencia presentadas en respuesta a oportunidades de subvenci\u00f3n. Adem\u00e1s, la priorizaci\u00f3n ayudar\u00e1 a informar qu\u00e9 proyectos deber\u00edan incluirse en el modelado de escenarios futuros para las evaluaciones del GSP de cinco a\u00f1os en funci\u00f3n de la probabilidad de que el proyecto se implemente antes de la fecha l\u00edmite de 2040 para llevar las cuencas a una gesti\u00f3n sostenible de las aguas subterr\u00e1neas.<\/p><p>El\u00a0<em>Lista de priorizaci\u00f3n de proyectos<\/em>\u00a0Se revisar\u00e1n, calificar\u00e1n y priorizar\u00e1n nuevamente todos los a\u00f1os. Se solicitar\u00e1 informaci\u00f3n actualizada de los proyectos que se encuentran actualmente en la lista para su calificaci\u00f3n actualizada y se podr\u00e1n considerar nuevos proyectos para su incorporaci\u00f3n a la lista en este momento. La informaci\u00f3n actualizada de los proyectos y los nuevos proyectos deben presentarse antes del 30 de septiembre de cada a\u00f1o. El personal de la agencia revisar\u00e1 la informaci\u00f3n actualizada y nueva de los proyectos y preparar\u00e1 un borrador de la clasificaci\u00f3n de los proyectos utilizando la\u00a0<em>Hoja de clasificaci\u00f3n de proyectos<\/em>El Comit\u00e9 de Operaciones revisar\u00e1 la nueva informaci\u00f3n, redactar\u00e1 la clasificaci\u00f3n del proyecto y actualizar\u00e1 la\u00a0<em>Lista de priorizaci\u00f3n de proyectos<\/em>\u00a0en una o m\u00e1s reuniones p\u00fablicas. El Comit\u00e9 de Operaciones luego remitir\u00e1 la actualizaci\u00f3n\u00a0<em>Lista de priorizaci\u00f3n de proyectos<\/em> a la Junta para su adopci\u00f3n como parte del proceso de aprobaci\u00f3n del Informe Anual del SGP.<\/p>\t\t\t\t\t\t\t\t<\/div>\n\t\t\t\t<\/div>\n\t\t\t\t<div class=\"elementor-element elementor-element-01cc7dc elementor-widget elementor-widget-n-accordion\" data-id=\"01cc7dc\" data-element_type=\"widget\" data-e-type=\"widget\" data-settings=\"{&quot;default_state&quot;:&quot;expanded&quot;,&quot;max_items_expended&quot;:&quot;one&quot;,&quot;n_accordion_animation_duration&quot;:{&quot;unit&quot;:&quot;ms&quot;,&quot;size&quot;:400,&quot;sizes&quot;:[]}}\" data-widget_type=\"nested-accordion.default\">\n\t\t\t\t<div class=\"elementor-widget-container\">\n\t\t\t\t\t\t\t<div class=\"e-n-accordion\" aria-label=\"Acorde\u00f3n. Abra los enlaces con Enter o Espacio, ci\u00e9rrelos con Escape y navegue con las teclas de flecha\">\n\t\t\t\t\t\t<details id=\"e-n-accordion-item-1880\" class=\"e-n-accordion-item\" open>\n\t\t\t\t<summary class=\"e-n-accordion-item-title\" data-accordion-index=\"1\" tabindex=\"0\" aria-expanded=\"true\" aria-controls=\"e-n-accordion-item-1880\" >\n\t\t\t\t\t<span class='e-n-accordion-item-title-header'><div class=\"e-n-accordion-item-title-text\"> Instrucciones y formularios de evaluaci\u00f3n de proyectos <\/div><\/span>\n\t\t\t\t\t\t\t<span class='e-n-accordion-item-title-icon'>\n\t\t\t<span class='e-opened' ><i aria-hidden=\"true\" class=\"fas fa-minus\"><\/i><\/span>\n\t\t\t<span class='e-closed'><i aria-hidden=\"true\" class=\"fas fa-plus\"><\/i><\/span>\n\t\t<\/span>\n\n\t\t\t\t\t\t<\/summary>\n\t\t\t\t<div role=\"region\" aria-labelledby=\"e-n-accordion-item-1880\" class=\"elementor-element elementor-element-0f4069d e-con-full e-flex e-con e-child\" data-id=\"0f4069d\" data-element_type=\"container\" data-e-type=\"container\">\n\t\t<div role=\"region\" aria-labelledby=\"e-n-accordion-item-1880\" class=\"elementor-element elementor-element-4e77f25 e-flex e-con-boxed e-con e-child\" data-id=\"4e77f25\" data-element_type=\"container\" data-e-type=\"container\">\n\t\t\t\t\t<div class=\"e-con-inner\">\n\t\t\t\t<div class=\"elementor-element elementor-element-1ebdfe0 elementor-widget elementor-widget-text-editor\" data-id=\"1ebdfe0\" data-element_type=\"widget\" data-e-type=\"widget\" data-widget_type=\"text-editor.default\">\n\t\t\t\t<div class=\"elementor-widget-container\">\n\t\t\t\t\t\t\t\t\t<p>Las instrucciones completas y los formularios est\u00e1n disponibles en los siguientes enlaces:<\/p><p><a href=\"https:\/\/s42135.pcdn.co\/wp-content\/uploads\/2023\/09\/Project_Evaluation_Instructions_20230901-2.pdf\" target=\"_blank\" rel=\"noopener\" data-uw-pdf-br=\"1\" data-uw-pdf-doc=\"\" aria-label=\"Instrucciones para la evaluaci\u00f3n del proyecto - abrir en una nueva pesta\u00f1a\" data-uw-rm-ext-link=\"\">Instrucciones de evaluaci\u00f3n del proyecto<\/a><\/p><p><a href=\"https:\/\/s42135.pcdn.co\/wp-content\/uploads\/2023\/08\/Project_Evaluation_Checklist_20230829.xlsx\" target=\"_blank\" rel=\"noopener\" data-uw-rm-brl=\"PR\" data-uw-original-href=\"https:\/\/s42135.pcdn.co\/wp-content\/uploads\/2023\/08\/Project_Evaluation_Checklist_20230829.xlsx\" aria-label=\"Lista de verificaci\u00f3n para la evaluaci\u00f3n del proyecto: abrir en una nueva pesta\u00f1a\" data-uw-rm-ext-link=\"\">Lista de verificaci\u00f3n para la evaluaci\u00f3n del proyecto<\/a><\/p><p><a href=\"https:\/\/s42135.pcdn.co\/wp-content\/uploads\/2023\/08\/Project_Ranking_Sheet_20230628.pdf\" target=\"_blank\" rel=\"noopener\" data-uw-pdf-br=\"1\" data-uw-pdf-doc=\"\" aria-label=\"Hoja de clasificaci\u00f3n de proyectos: abrir en una nueva pesta\u00f1a\" data-uw-rm-ext-link=\"\">Hoja de clasificaci\u00f3n de proyectos<\/a><\/p><p>Las presentaciones de proyectos deben enviarse a FCGMA@ventura.org.<\/p>\t\t\t\t\t\t\t\t<\/div>\n\t\t\t\t<\/div>\n\t\t\t\t\t<\/div>\n\t\t\t\t<\/div>\n\t\t\t\t<\/div>\n\t\t\t\t\t<\/details>\n\t\t\t\t\t<\/div>\n\t\t\t\t\t\t<\/div>\n\t\t\t\t<\/div>\n\t\t\t\t\t<\/div>\n\t\t<\/div>\n\t\t\t\t\t<\/div>\n\t\t<\/section>\n\t\t\t\t<section class=\"elementor-section elementor-top-section elementor-element elementor-element-1c5dcc63 elementor-section-boxed elementor-section-height-default elementor-section-height-default\" data-id=\"1c5dcc63\" data-element_type=\"section\" data-e-type=\"section\">\n\t\t\t\t\t\t<div class=\"elementor-container elementor-column-gap-default\">\n\t\t\t\t\t<div class=\"elementor-column elementor-col-100 elementor-top-column elementor-element elementor-element-3858d6ef\" data-id=\"3858d6ef\" data-element_type=\"column\" data-e-type=\"column\">\n\t\t\t<div class=\"elementor-widget-wrap\">\n\t\t\t\t\t\t\t<\/div>\n\t\t<\/div>\n\t\t\t\t\t<\/div>\n\t\t<\/section>\n\t\t\t\t<\/div>","protected":false},"excerpt":{"rendered":"<p>Menu Groundwater Sustainability Plans (GSPs) GSP Files by Basin Las Posas Valley Basin Oxnard Subbasin Pleasant Valley Basin GSP Annual Reports Periodic Evaluations Periodic Evaluation Drafts &#038; Comments Stakeholder Workshops [&hellip;]<\/p>\n","protected":false},"author":11,"featured_media":0,"parent":0,"menu_order":0,"comment_status":"closed","ping_status":"closed","template":"","meta":{"_price":"","_stock":"","_tribe_ticket_header":"","_tribe_default_ticket_provider":"","_tribe_ticket_capacity":"0","_ticket_start_date":"","_ticket_end_date":"","_tribe_ticket_show_description":"","_tribe_ticket_show_not_going":false,"_tribe_ticket_use_global_stock":"","_tribe_ticket_global_stock_level":"","_global_stock_mode":"","_global_stock_cap":"","_tribe_rsvp_for_event":"","_tribe_ticket_going_count":"","_tribe_ticket_not_going_count":"","_tribe_tickets_list":"[]","_tribe_ticket_has_attendee_info_fields":false,"footnotes":"","_tec_slr_enabled":"","_tec_slr_layout":""},"class_list":["post-5548","page","type-page","status-publish","hentry"],"yoast_head":"<!-- This site is optimized with the Yoast SEO plugin v26.8 - https:\/\/yoast.com\/product\/yoast-seo-wordpress\/ -->\n<title>Project Solicitation and Evaluation - FCGMA<\/title>\n<meta name=\"robots\" content=\"index, follow, max-snippet:-1, max-image-preview:large, max-video-preview:-1\" \/>\n<link rel=\"canonical\" href=\"https:\/\/fcgma.org\/es\/project-solicitation-and-evaluation\/\" \/>\n<meta property=\"og:locale\" content=\"es_MX\" \/>\n<meta property=\"og:type\" content=\"article\" \/>\n<meta property=\"og:title\" content=\"Project Solicitation and Evaluation - FCGMA\" \/>\n<meta property=\"og:description\" content=\"Menu Groundwater Sustainability Plans (GSPs) GSP Files by Basin Las Posas Valley Basin Oxnard Subbasin Pleasant Valley Basin GSP Annual Reports Periodic Evaluations Periodic Evaluation Drafts &#038; Comments Stakeholder Workshops [&hellip;]\" \/>\n<meta property=\"og:url\" content=\"https:\/\/fcgma.org\/es\/project-solicitation-and-evaluation\/\" \/>\n<meta property=\"og:site_name\" content=\"FCGMA\" \/>\n<meta property=\"article:modified_time\" content=\"2025-04-04T21:10:38+00:00\" \/>\n<meta name=\"twitter:card\" content=\"summary_large_image\" \/>\n<script type=\"application\/ld+json\" class=\"yoast-schema-graph\">{\"@context\":\"https:\/\/schema.org\",\"@graph\":[{\"@type\":\"WebPage\",\"@id\":\"https:\/\/fcgma.org\/project-solicitation-and-evaluation\/\",\"url\":\"https:\/\/fcgma.org\/project-solicitation-and-evaluation\/\",\"name\":\"Project Solicitation and Evaluation - FCGMA\",\"isPartOf\":{\"@id\":\"https:\/\/fcgma.org\/#website\"},\"datePublished\":\"2024-10-01T04:14:22+00:00\",\"dateModified\":\"2025-04-04T21:10:38+00:00\",\"breadcrumb\":{\"@id\":\"https:\/\/fcgma.org\/project-solicitation-and-evaluation\/#breadcrumb\"},\"inLanguage\":\"es\",\"potentialAction\":[{\"@type\":\"ReadAction\",\"target\":[\"https:\/\/fcgma.org\/project-solicitation-and-evaluation\/\"]}]},{\"@type\":\"BreadcrumbList\",\"@id\":\"https:\/\/fcgma.org\/project-solicitation-and-evaluation\/#breadcrumb\",\"itemListElement\":[{\"@type\":\"ListItem\",\"position\":1,\"name\":\"Home\",\"item\":\"https:\/\/fcgma.org\/\"},{\"@type\":\"ListItem\",\"position\":2,\"name\":\"Project Solicitation and Evaluation\"}]},{\"@type\":\"WebSite\",\"@id\":\"https:\/\/fcgma.org\/#website\",\"url\":\"https:\/\/fcgma.org\/\",\"name\":\"FCGMA\",\"description\":\"Fox Canyon Groundwater Management Agency\",\"publisher\":{\"@id\":\"https:\/\/fcgma.org\/#organization\"},\"potentialAction\":[{\"@type\":\"SearchAction\",\"target\":{\"@type\":\"EntryPoint\",\"urlTemplate\":\"https:\/\/fcgma.org\/?s={search_term_string}\"},\"query-input\":{\"@type\":\"PropertyValueSpecification\",\"valueRequired\":true,\"valueName\":\"search_term_string\"}}],\"inLanguage\":\"es\"},{\"@type\":\"Organization\",\"@id\":\"https:\/\/fcgma.org\/#organization\",\"name\":\"Fox Canyon General Management Agency\",\"url\":\"https:\/\/fcgma.org\/\",\"logo\":{\"@type\":\"ImageObject\",\"inLanguage\":\"es\",\"@id\":\"https:\/\/fcgma.org\/#\/schema\/logo\/image\/\",\"url\":\"https:\/\/fcgma.org\/wp-content\/uploads\/2022\/04\/fcgma-logo-v2.png\",\"contentUrl\":\"https:\/\/fcgma.org\/wp-content\/uploads\/2022\/04\/fcgma-logo-v2.png\",\"width\":310,\"height\":310,\"caption\":\"Fox Canyon General Management Agency\"},\"image\":{\"@id\":\"https:\/\/fcgma.org\/#\/schema\/logo\/image\/\"}}]}<\/script>\n<!-- \/ Yoast SEO plugin. -->","yoast_head_json":{"title":"Solicitud y evaluaci\u00f3n de proyectos - FCGMA","robots":{"index":"index","follow":"follow","max-snippet":"max-snippet:-1","max-image-preview":"max-image-preview:large","max-video-preview":"max-video-preview:-1"},"canonical":"https:\/\/fcgma.org\/es\/project-solicitation-and-evaluation\/","og_locale":"es_MX","og_type":"article","og_title":"Project Solicitation and Evaluation - FCGMA","og_description":"Menu Groundwater Sustainability Plans (GSPs) GSP Files by Basin Las Posas Valley Basin Oxnard Subbasin Pleasant Valley Basin GSP Annual Reports Periodic Evaluations Periodic Evaluation Drafts &#038; Comments Stakeholder Workshops [&hellip;]","og_url":"https:\/\/fcgma.org\/es\/project-solicitation-and-evaluation\/","og_site_name":"FCGMA","article_modified_time":"2025-04-04T21:10:38+00:00","twitter_card":"summary_large_image","schema":{"@context":"https:\/\/schema.org","@graph":[{"@type":"WebPage","@id":"https:\/\/fcgma.org\/project-solicitation-and-evaluation\/","url":"https:\/\/fcgma.org\/project-solicitation-and-evaluation\/","name":"Solicitud y evaluaci\u00f3n de proyectos - FCGMA","isPartOf":{"@id":"https:\/\/fcgma.org\/#website"},"datePublished":"2024-10-01T04:14:22+00:00","dateModified":"2025-04-04T21:10:38+00:00","breadcrumb":{"@id":"https:\/\/fcgma.org\/project-solicitation-and-evaluation\/#breadcrumb"},"inLanguage":"es","potentialAction":[{"@type":"ReadAction","target":["https:\/\/fcgma.org\/project-solicitation-and-evaluation\/"]}]},{"@type":"BreadcrumbList","@id":"https:\/\/fcgma.org\/project-solicitation-and-evaluation\/#breadcrumb","itemListElement":[{"@type":"ListItem","position":1,"name":"Home","item":"https:\/\/fcgma.org\/"},{"@type":"ListItem","position":2,"name":"Project Solicitation and Evaluation"}]},{"@type":"WebSite","@id":"https:\/\/fcgma.org\/#website","url":"https:\/\/fcgma.org\/","name":"FCGMA","description":"Agencia de Gesti\u00f3n de Aguas Subterr\u00e1neas de Fox Canyon","publisher":{"@id":"https:\/\/fcgma.org\/#organization"},"potentialAction":[{"@type":"SearchAction","target":{"@type":"EntryPoint","urlTemplate":"https:\/\/fcgma.org\/?s={search_term_string}"},"query-input":{"@type":"PropertyValueSpecification","valueRequired":true,"valueName":"search_term_string"}}],"inLanguage":"es"},{"@type":"Organization","@id":"https:\/\/fcgma.org\/#organization","name":"Agencia de Gesti\u00f3n General de Fox Canyon","url":"https:\/\/fcgma.org\/","logo":{"@type":"ImageObject","inLanguage":"es","@id":"https:\/\/fcgma.org\/#\/schema\/logo\/image\/","url":"https:\/\/fcgma.org\/wp-content\/uploads\/2022\/04\/fcgma-logo-v2.png","contentUrl":"https:\/\/fcgma.org\/wp-content\/uploads\/2022\/04\/fcgma-logo-v2.png","width":310,"height":310,"caption":"Fox Canyon General Management Agency"},"image":{"@id":"https:\/\/fcgma.org\/#\/schema\/logo\/image\/"}}]}},"ticketed":false,"_links":{"self":[{"href":"https:\/\/fcgma.org\/es\/wp-json\/wp\/v2\/pages\/5548","targetHints":{"allow":["GET"]}}],"collection":[{"href":"https:\/\/fcgma.org\/es\/wp-json\/wp\/v2\/pages"}],"about":[{"href":"https:\/\/fcgma.org\/es\/wp-json\/wp\/v2\/types\/page"}],"author":[{"embeddable":true,"href":"https:\/\/fcgma.org\/es\/wp-json\/wp\/v2\/users\/11"}],"replies":[{"embeddable":true,"href":"https:\/\/fcgma.org\/es\/wp-json\/wp\/v2\/comments?post=5548"}],"version-history":[{"count":0,"href":"https:\/\/fcgma.org\/es\/wp-json\/wp\/v2\/pages\/5548\/revisions"}],"wp:attachment":[{"href":"https:\/\/fcgma.org\/es\/wp-json\/wp\/v2\/media?parent=5548"}],"curies":[{"name":"gracias","href":"https:\/\/api.w.org\/{rel}","templated":true}]}}