{"id":5544,"date":"2024-09-30T20:39:20","date_gmt":"2024-10-01T03:39:20","guid":{"rendered":"https:\/\/fcgma.org\/?post_type=elementor_library&#038;p=5544"},"modified":"2025-04-04T13:59:28","modified_gmt":"2025-04-04T20:59:28","slug":"technical-background-presentations-on-groundwater-conditions","status":"publish","type":"page","link":"https:\/\/fcgma.org\/es\/technical-background-presentations-on-groundwater-conditions\/","title":{"rendered":"Presentaciones de antecedentes t\u00e9cnicos sobre las condiciones de las aguas subterr\u00e1neas"},"content":{"rendered":"<div data-elementor-type=\"page\" data-elementor-id=\"5544\" class=\"elementor elementor-5544\" data-elementor-post-type=\"page\">\n\t\t\t\t\t\t<section class=\"elementor-section elementor-top-section elementor-element elementor-element-3b126151 elementor-section-boxed elementor-section-height-default elementor-section-height-default\" data-id=\"3b126151\" data-element_type=\"section\" data-e-type=\"section\">\n\t\t\t\t\t\t<div class=\"elementor-container elementor-column-gap-default\">\n\t\t\t\t\t<div class=\"elementor-column elementor-col-50 elementor-top-column elementor-element elementor-element-730f4464\" data-id=\"730f4464\" data-element_type=\"column\" data-e-type=\"column\">\n\t\t\t<div class=\"elementor-widget-wrap elementor-element-populated\">\n\t\t\t\t\t\t<div class=\"elementor-element elementor-element-24c82508 quick-links hfe-nav-menu__align-left hfe-submenu-icon-arrow hfe-link-redirect-child hfe-nav-menu__breakpoint-tablet elementor-widget elementor-widget-navigation-menu\" data-id=\"24c82508\" data-element_type=\"widget\" data-e-type=\"widget\" data-settings=\"{&quot;padding_horizontal_menu_item&quot;:{&quot;unit&quot;:&quot;px&quot;,&quot;size&quot;:15,&quot;sizes&quot;:[]},&quot;padding_horizontal_menu_item_tablet&quot;:{&quot;unit&quot;:&quot;px&quot;,&quot;size&quot;:&quot;&quot;,&quot;sizes&quot;:[]},&quot;padding_horizontal_menu_item_mobile&quot;:{&quot;unit&quot;:&quot;px&quot;,&quot;size&quot;:&quot;&quot;,&quot;sizes&quot;:[]},&quot;padding_vertical_menu_item&quot;:{&quot;unit&quot;:&quot;px&quot;,&quot;size&quot;:15,&quot;sizes&quot;:[]},&quot;padding_vertical_menu_item_tablet&quot;:{&quot;unit&quot;:&quot;px&quot;,&quot;size&quot;:&quot;&quot;,&quot;sizes&quot;:[]},&quot;padding_vertical_menu_item_mobile&quot;:{&quot;unit&quot;:&quot;px&quot;,&quot;size&quot;:&quot;&quot;,&quot;sizes&quot;:[]},&quot;menu_space_between&quot;:{&quot;unit&quot;:&quot;px&quot;,&quot;size&quot;:&quot;&quot;,&quot;sizes&quot;:[]},&quot;menu_space_between_tablet&quot;:{&quot;unit&quot;:&quot;px&quot;,&quot;size&quot;:&quot;&quot;,&quot;sizes&quot;:[]},&quot;menu_space_between_mobile&quot;:{&quot;unit&quot;:&quot;px&quot;,&quot;size&quot;:&quot;&quot;,&quot;sizes&quot;:[]},&quot;dropdown_border_radius&quot;:{&quot;unit&quot;:&quot;px&quot;,&quot;top&quot;:&quot;&quot;,&quot;right&quot;:&quot;&quot;,&quot;bottom&quot;:&quot;&quot;,&quot;left&quot;:&quot;&quot;,&quot;isLinked&quot;:true},&quot;dropdown_border_radius_tablet&quot;:{&quot;unit&quot;:&quot;px&quot;,&quot;top&quot;:&quot;&quot;,&quot;right&quot;:&quot;&quot;,&quot;bottom&quot;:&quot;&quot;,&quot;left&quot;:&quot;&quot;,&quot;isLinked&quot;:true},&quot;dropdown_border_radius_mobile&quot;:{&quot;unit&quot;:&quot;px&quot;,&quot;top&quot;:&quot;&quot;,&quot;right&quot;:&quot;&quot;,&quot;bottom&quot;:&quot;&quot;,&quot;left&quot;:&quot;&quot;,&quot;isLinked&quot;:true},&quot;padding_horizontal_dropdown_item&quot;:{&quot;unit&quot;:&quot;px&quot;,&quot;size&quot;:&quot;&quot;,&quot;sizes&quot;:[]},&quot;padding_horizontal_dropdown_item_tablet&quot;:{&quot;unit&quot;:&quot;px&quot;,&quot;size&quot;:&quot;&quot;,&quot;sizes&quot;:[]},&quot;padding_horizontal_dropdown_item_mobile&quot;:{&quot;unit&quot;:&quot;px&quot;,&quot;size&quot;:&quot;&quot;,&quot;sizes&quot;:[]},&quot;padding_vertical_dropdown_item&quot;:{&quot;unit&quot;:&quot;px&quot;,&quot;size&quot;:15,&quot;sizes&quot;:[]},&quot;padding_vertical_dropdown_item_tablet&quot;:{&quot;unit&quot;:&quot;px&quot;,&quot;size&quot;:&quot;&quot;,&quot;sizes&quot;:[]},&quot;padding_vertical_dropdown_item_mobile&quot;:{&quot;unit&quot;:&quot;px&quot;,&quot;size&quot;:&quot;&quot;,&quot;sizes&quot;:[]},&quot;distance_from_menu&quot;:{&quot;unit&quot;:&quot;px&quot;,&quot;size&quot;:&quot;&quot;,&quot;sizes&quot;:[]},&quot;distance_from_menu_tablet&quot;:{&quot;unit&quot;:&quot;px&quot;,&quot;size&quot;:&quot;&quot;,&quot;sizes&quot;:[]},&quot;distance_from_menu_mobile&quot;:{&quot;unit&quot;:&quot;px&quot;,&quot;size&quot;:&quot;&quot;,&quot;sizes&quot;:[]},&quot;toggle_size&quot;:{&quot;unit&quot;:&quot;px&quot;,&quot;size&quot;:&quot;&quot;,&quot;sizes&quot;:[]},&quot;toggle_size_tablet&quot;:{&quot;unit&quot;:&quot;px&quot;,&quot;size&quot;:&quot;&quot;,&quot;sizes&quot;:[]},&quot;toggle_size_mobile&quot;:{&quot;unit&quot;:&quot;px&quot;,&quot;size&quot;:&quot;&quot;,&quot;sizes&quot;:[]},&quot;toggle_border_width&quot;:{&quot;unit&quot;:&quot;px&quot;,&quot;size&quot;:&quot;&quot;,&quot;sizes&quot;:[]},&quot;toggle_border_width_tablet&quot;:{&quot;unit&quot;:&quot;px&quot;,&quot;size&quot;:&quot;&quot;,&quot;sizes&quot;:[]},&quot;toggle_border_width_mobile&quot;:{&quot;unit&quot;:&quot;px&quot;,&quot;size&quot;:&quot;&quot;,&quot;sizes&quot;:[]},&quot;toggle_border_radius&quot;:{&quot;unit&quot;:&quot;px&quot;,&quot;size&quot;:&quot;&quot;,&quot;sizes&quot;:[]},&quot;toggle_border_radius_tablet&quot;:{&quot;unit&quot;:&quot;px&quot;,&quot;size&quot;:&quot;&quot;,&quot;sizes&quot;:[]},&quot;toggle_border_radius_mobile&quot;:{&quot;unit&quot;:&quot;px&quot;,&quot;size&quot;:&quot;&quot;,&quot;sizes&quot;:[]}}\" data-widget_type=\"navigation-menu.default\">\n\t\t\t\t<div class=\"elementor-widget-container\">\n\t\t\t\t\t\t\t\t<div class=\"hfe-nav-menu hfe-layout-vertical hfe-nav-menu-layout vertical\" data-layout=\"vertical\">\n\t\t\t\t<div role=\"button\" class=\"hfe-nav-menu__toggle elementor-clickable\">\n\t\t\t\t\t<span class=\"screen-reader-text\">Men\u00fa<\/span>\n\t\t\t\t\t<div class=\"hfe-nav-menu-icon\">\n\t\t\t\t\t\t<i aria-hidden=\"true\"  class=\"fas fa-align-justify\"><\/i>\t\t\t\t\t<\/div>\n\t\t\t\t<\/div>\n\t\t\t\t<nav class=\"hfe-nav-menu__layout-vertical hfe-nav-menu__submenu-arrow\" data-toggle-icon=\"&lt;i aria-hidden=&quot;true&quot; tabindex=&quot;0&quot; class=&quot;fas fa-align-justify&quot;&gt;&lt;\/i&gt;\" data-close-icon=\"&lt;i aria-hidden=&quot;true&quot; tabindex=&quot;0&quot; class=&quot;far fa-window-close&quot;&gt;&lt;\/i&gt;\" data-full-width=\"yes\"><ul id=\"menu-1-24c82508\" class=\"hfe-nav-menu\"><li id=\"menu-item-5580\" class=\"menu-item menu-item-type-post_type menu-item-object-page parent hfe-creative-menu\"><a href=\"https:\/\/fcgma.org\/es\/gsps\/\" class = \"hfe-menu-item\">Planes de Sostenibilidad de Aguas Subterr\u00e1neas (PSP)<\/a><\/li>\n<li id=\"menu-item-5539\" class=\"menu-item menu-item-type-post_type menu-item-object-page menu-item-has-children parent hfe-has-submenu hfe-creative-menu\"><div class=\"hfe-has-submenu-container\"><a href=\"https:\/\/fcgma.org\/es\/gsp-files\/\" class = \"hfe-menu-item\">Archivos GSP por cuenca<span class='hfe-menu-toggle sub-arrow hfe-menu-child-0'><i class='fa'><\/i><\/span><\/a><\/div>\n<ul class=\"sub-menu\">\n\t<li id=\"menu-item-5585\" class=\"menu-item menu-item-type-post_type menu-item-object-page hfe-creative-menu\"><a href=\"https:\/\/fcgma.org\/es\/lpv-gsp-files\/\" class = \"hfe-sub-menu-item\">Cuenca del Valle de Las Posas<\/a><\/li>\n\t<li id=\"menu-item-5588\" class=\"menu-item menu-item-type-post_type menu-item-object-page hfe-creative-menu\"><a href=\"https:\/\/fcgma.org\/es\/oxnard-subbasin-gsp-files\/\" class = \"hfe-sub-menu-item\">Subcuenca de Oxnard<\/a><\/li>\n\t<li id=\"menu-item-5590\" class=\"menu-item menu-item-type-post_type menu-item-object-page hfe-creative-menu\"><a href=\"https:\/\/fcgma.org\/es\/pleasant-valley-gsp-files\/\" class = \"hfe-sub-menu-item\">Cuenca del valle agradable<\/a><\/li>\n<\/ul>\n<\/li>\n<li id=\"menu-item-5566\" class=\"menu-item menu-item-type-post_type menu-item-object-page parent hfe-creative-menu\"><a href=\"https:\/\/fcgma.org\/es\/gsp-annual-reports\/\" class = \"hfe-menu-item\">Informes anuales del SGP<\/a><\/li>\n<li id=\"menu-item-5547\" class=\"menu-item menu-item-type-post_type menu-item-object-page menu-item-has-children parent hfe-has-submenu hfe-creative-menu\"><div class=\"hfe-has-submenu-container\"><a href=\"https:\/\/fcgma.org\/es\/gsp-periodic-evaluations\/\" class = \"hfe-menu-item\">Evaluaciones peri\u00f3dicas<span class='hfe-menu-toggle sub-arrow hfe-menu-child-0'><i class='fa'><\/i><\/span><\/a><\/div>\n<ul class=\"sub-menu\">\n\t<li id=\"menu-item-5643\" class=\"menu-item menu-item-type-post_type menu-item-object-page hfe-creative-menu\"><a href=\"https:\/\/fcgma.org\/es\/gsp-evals-draft-comments\/\" class = \"hfe-sub-menu-item\">Borradores y comentarios de la evaluaci\u00f3n peri\u00f3dica<\/a><\/li>\n\t<li id=\"menu-item-5644\" class=\"menu-item menu-item-type-post_type menu-item-object-page hfe-creative-menu\"><a href=\"https:\/\/fcgma.org\/es\/gsp-evals-workshops\/\" class = \"hfe-sub-menu-item\">Talleres para las partes interesadas en el desarrollo de evaluaciones<\/a><\/li>\n<\/ul>\n<\/li>\n<li id=\"menu-item-5545\" class=\"menu-item menu-item-type-post_type menu-item-object-page parent hfe-creative-menu\"><a href=\"https:\/\/fcgma.org\/es\/technical-background-presentations-on-groundwater-conditions\/\" class = \"hfe-menu-item\">Antecedentes t\u00e9cnicos sobre las condiciones de las aguas subterr\u00e1neas<\/a><\/li>\n<li id=\"menu-item-5554\" class=\"menu-item menu-item-type-post_type menu-item-object-page parent hfe-creative-menu\"><a href=\"https:\/\/fcgma.org\/es\/project-solicitation-and-evaluation\/\" class = \"hfe-menu-item\">Solicitud y evaluaci\u00f3n de proyectos<\/a><\/li>\n<li id=\"menu-item-5553\" class=\"menu-item menu-item-type-post_type menu-item-object-page parent hfe-creative-menu\"><a href=\"https:\/\/fcgma.org\/es\/arroyo-santa-rosa-valley-basin-gsp\/\" class = \"hfe-menu-item\">Arroyo Cuenca del Valle Santa Rosa GSP<\/a><\/li>\n<li id=\"menu-item-5583\" class=\"menu-item menu-item-type-post_type menu-item-object-page parent hfe-creative-menu\"><a href=\"https:\/\/fcgma.org\/es\/gsp-faqs\/\" class = \"hfe-menu-item\">Preguntas frecuentes sobre el SGP<\/a><\/li>\n<\/ul><\/nav>\n\t\t\t<\/div>\n\t\t\t\t\t\t\t<\/div>\n\t\t\t\t<\/div>\n\t\t\t\t\t<\/div>\n\t\t<\/div>\n\t\t\t\t<div class=\"elementor-column elementor-col-50 elementor-top-column elementor-element elementor-element-6645cd64\" data-id=\"6645cd64\" data-element_type=\"column\" data-e-type=\"column\">\n\t\t\t<div class=\"elementor-widget-wrap elementor-element-populated\">\n\t\t\t\t\t\t<div class=\"elementor-element elementor-element-3feeb8d elementor-widget elementor-widget-page-title\" data-id=\"3feeb8d\" data-element_type=\"widget\" data-e-type=\"widget\" data-widget_type=\"page-title.default\">\n\t\t\t\t<div class=\"elementor-widget-container\">\n\t\t\t\t\t\t\t\n\t\t<div class=\"hfe-page-title hfe-page-title-wrapper elementor-widget-heading\">\n\n\t\t\t\t\t\t\t\t<h2 class=\"elementor-heading-title elementor-size-default\">\n\t\t\t\t\t\t\t\t\n\t\t\t\tPresentaciones de antecedentes t\u00e9cnicos sobre las condiciones de las aguas subterr\u00e1neas  \n\t\t\t<\/h2> \n\t\t\t\t\t<\/div>\n\t\t\t\t\t\t<\/div>\n\t\t\t\t<\/div>\n\t\t\t\t<div class=\"elementor-element elementor-element-673bc781 elementor-widget elementor-widget-text-editor\" data-id=\"673bc781\" data-element_type=\"widget\" data-e-type=\"widget\" data-widget_type=\"text-editor.default\">\n\t\t\t\t<div class=\"elementor-widget-container\">\n\t\t\t\t\t\t\t\t\t<div id=\"elementor-tab-title-2021\" class=\"elementor-tab-title elementor-active\" tabindex=\"0\" role=\"button\" data-tab=\"1\" aria-controls=\"elementor-tab-content-2021\" aria-expanded=\"true\" aria-selected=\"true\"><strong>Acerca de las presentaciones<\/strong><\/div><div id=\"elementor-tab-content-2021\" class=\"elementor-tab-content elementor-clearfix elementor-active\" role=\"region\" data-tab=\"1\" aria-labelledby=\"elementor-tab-title-2021\"><p>Esta serie de videos de dos partes ofrece una descripci\u00f3n general en lenguaje sencillo de los acu\u00edferos y el flujo de agua subterr\u00e1nea en la cuenca del valle de Las Posas, la subcuenca de Oxnard y la cuenca del valle de Pleasant. La presentaci\u00f3n est\u00e1 a cargo de la Dra. Jill Weinberger, hidroge\u00f3loga principal de Dudek, quien fue miembro principal del equipo que prepar\u00f3 los Planes de sostenibilidad de las aguas subterr\u00e1neas.<\/p><p>Los videos, cuyos enlaces se incluyen a continuaci\u00f3n, se abrir\u00e1n en una nueva ventana. El video centrado en el OPV es el primero de la serie; el video centrado en el LPV es el segundo.<\/p><p>La financiaci\u00f3n para este proyecto ha sido proporcionada total o parcialmente por la Ley de Sequ\u00eda, Agua, Parques, Clima, Protecci\u00f3n Costera y Acceso al Aire Libre para Todos de California de 2018 (Proposici\u00f3n 68) y mediante un acuerdo con el Departamento de Recursos H\u00eddricos del Estado.<\/p><\/div>\t\t\t\t\t\t\t\t<\/div>\n\t\t\t\t<\/div>\n\t\t\t\t<div class=\"elementor-element elementor-element-01cc7dc elementor-widget elementor-widget-n-accordion\" data-id=\"01cc7dc\" data-element_type=\"widget\" data-e-type=\"widget\" data-settings=\"{&quot;default_state&quot;:&quot;expanded&quot;,&quot;max_items_expended&quot;:&quot;one&quot;,&quot;n_accordion_animation_duration&quot;:{&quot;unit&quot;:&quot;ms&quot;,&quot;size&quot;:400,&quot;sizes&quot;:[]}}\" data-widget_type=\"nested-accordion.default\">\n\t\t\t\t<div class=\"elementor-widget-container\">\n\t\t\t\t\t\t\t<div class=\"e-n-accordion\" aria-label=\"Acorde\u00f3n. Abra los enlaces con Enter o Espacio, ci\u00e9rrelos con Escape y navegue con las teclas de flecha\">\n\t\t\t\t\t\t<details id=\"e-n-accordion-item-1880\" class=\"e-n-accordion-item\" open>\n\t\t\t\t<summary class=\"e-n-accordion-item-title\" data-accordion-index=\"1\" tabindex=\"0\" aria-expanded=\"true\" aria-controls=\"e-n-accordion-item-1880\" >\n\t\t\t\t\t<span class='e-n-accordion-item-title-header'><div class=\"e-n-accordion-item-title-text\"> Cuenca de Oxnard y Pleasant Valley <\/div><\/span>\n\t\t\t\t\t\t\t<span class='e-n-accordion-item-title-icon'>\n\t\t\t<span class='e-opened' ><i aria-hidden=\"true\" class=\"fas fa-minus\"><\/i><\/span>\n\t\t\t<span class='e-closed'><i aria-hidden=\"true\" class=\"fas fa-plus\"><\/i><\/span>\n\t\t<\/span>\n\n\t\t\t\t\t\t<\/summary>\n\t\t\t\t<div role=\"region\" aria-labelledby=\"e-n-accordion-item-1880\" class=\"elementor-element elementor-element-9dacff2 e-con-full e-flex e-con e-child\" data-id=\"9dacff2\" data-element_type=\"container\" data-e-type=\"container\">\n\t\t<div role=\"region\" aria-labelledby=\"e-n-accordion-item-1880\" class=\"elementor-element elementor-element-b0fdaee e-flex e-con-boxed e-con e-child\" data-id=\"b0fdaee\" data-element_type=\"container\" data-e-type=\"container\">\n\t\t\t\t\t<div class=\"e-con-inner\">\n\t\t\t\t<div class=\"elementor-element elementor-element-9304f16 elementor-widget elementor-widget-text-editor\" data-id=\"9304f16\" data-element_type=\"widget\" data-e-type=\"widget\" data-widget_type=\"text-editor.default\">\n\t\t\t\t<div class=\"elementor-widget-container\">\n\t\t\t\t\t\t\t\t\t<p><a href=\"https:\/\/youtu.be\/1sL1xSsLa0w\" target=\"_blank\" rel=\"noopener\">Presentaci\u00f3n de antecedentes t\u00e9cnicos de las cuencas de Oxnard y Pleasant Valley\u00a0<\/a><\/p>\t\t\t\t\t\t\t\t<\/div>\n\t\t\t\t<\/div>\n\t\t\t\t\t<\/div>\n\t\t\t\t<\/div>\n\t\t\t\t<\/div>\n\t\t\t\t\t<\/details>\n\t\t\t\t\t\t<details id=\"e-n-accordion-item-1881\" class=\"e-n-accordion-item\" >\n\t\t\t\t<summary class=\"e-n-accordion-item-title\" data-accordion-index=\"2\" tabindex=\"-1\" aria-expanded=\"false\" aria-controls=\"e-n-accordion-item-1881\" >\n\t\t\t\t\t<span class='e-n-accordion-item-title-header'><div class=\"e-n-accordion-item-title-text\"> Cuenca del Valle de Las Posas <\/div><\/span>\n\t\t\t\t\t\t\t<span class='e-n-accordion-item-title-icon'>\n\t\t\t<span class='e-opened' ><i aria-hidden=\"true\" class=\"fas fa-minus\"><\/i><\/span>\n\t\t\t<span class='e-closed'><i aria-hidden=\"true\" class=\"fas fa-plus\"><\/i><\/span>\n\t\t<\/span>\n\n\t\t\t\t\t\t<\/summary>\n\t\t\t\t<div role=\"region\" aria-labelledby=\"e-n-accordion-item-1881\" class=\"elementor-element elementor-element-44c6eda e-con-full e-flex e-con e-child\" data-id=\"44c6eda\" data-element_type=\"container\" data-e-type=\"container\">\n\t\t<div role=\"region\" aria-labelledby=\"e-n-accordion-item-1881\" class=\"elementor-element elementor-element-e56b57c e-flex e-con-boxed e-con e-child\" data-id=\"e56b57c\" data-element_type=\"container\" data-e-type=\"container\">\n\t\t\t\t\t<div class=\"e-con-inner\">\n\t\t\t\t<div class=\"elementor-element elementor-element-3b17066 elementor-widget elementor-widget-text-editor\" data-id=\"3b17066\" data-element_type=\"widget\" data-e-type=\"widget\" data-widget_type=\"text-editor.default\">\n\t\t\t\t<div class=\"elementor-widget-container\">\n\t\t\t\t\t\t\t\t\t<p><a href=\"https:\/\/youtu.be\/j5JfjkPcUks\" target=\"_blank\" rel=\"noopener\">Presentaci\u00f3n Antecedentes T\u00e9cnicos Cuenca del Valle de Las Posas<\/a><\/p>\t\t\t\t\t\t\t\t<\/div>\n\t\t\t\t<\/div>\n\t\t\t\t\t<\/div>\n\t\t\t\t<\/div>\n\t\t\t\t<\/div>\n\t\t\t\t\t<\/details>\n\t\t\t\t\t<\/div>\n\t\t\t\t\t\t<\/div>\n\t\t\t\t<\/div>\n\t\t\t\t\t<\/div>\n\t\t<\/div>\n\t\t\t\t\t<\/div>\n\t\t<\/section>\n\t\t\t\t<section class=\"elementor-section elementor-top-section elementor-element elementor-element-1c5dcc63 elementor-section-boxed elementor-section-height-default elementor-section-height-default\" data-id=\"1c5dcc63\" data-element_type=\"section\" data-e-type=\"section\">\n\t\t\t\t\t\t<div class=\"elementor-container elementor-column-gap-default\">\n\t\t\t\t\t<div class=\"elementor-column elementor-col-100 elementor-top-column elementor-element elementor-element-3858d6ef\" data-id=\"3858d6ef\" data-element_type=\"column\" data-e-type=\"column\">\n\t\t\t<div class=\"elementor-widget-wrap\">\n\t\t\t\t\t\t\t<\/div>\n\t\t<\/div>\n\t\t\t\t\t<\/div>\n\t\t<\/section>\n\t\t\t\t<\/div>","protected":false},"excerpt":{"rendered":"<p>Menu Groundwater Sustainability Plans (GSPs) GSP Files by Basin Las Posas Valley Basin Oxnard Subbasin Pleasant Valley Basin GSP Annual Reports Periodic Evaluations Periodic Evaluation Drafts &#038; Comments Stakeholder Workshops [&hellip;]<\/p>\n","protected":false},"author":11,"featured_media":0,"parent":0,"menu_order":0,"comment_status":"closed","ping_status":"closed","template":"","meta":{"_price":"","_stock":"","_tribe_ticket_header":"","_tribe_default_ticket_provider":"","_tribe_ticket_capacity":"0","_ticket_start_date":"","_ticket_end_date":"","_tribe_ticket_show_description":"","_tribe_ticket_show_not_going":false,"_tribe_ticket_use_global_stock":"","_tribe_ticket_global_stock_level":"","_global_stock_mode":"","_global_stock_cap":"","_tribe_rsvp_for_event":"","_tribe_ticket_going_count":"","_tribe_ticket_not_going_count":"","_tribe_tickets_list":"[]","_tribe_ticket_has_attendee_info_fields":false,"footnotes":"","_tec_slr_enabled":"","_tec_slr_layout":""},"class_list":["post-5544","page","type-page","status-publish","hentry"],"ticketed":false,"_links":{"self":[{"href":"https:\/\/fcgma.org\/es\/wp-json\/wp\/v2\/pages\/5544","targetHints":{"allow":["GET"]}}],"collection":[{"href":"https:\/\/fcgma.org\/es\/wp-json\/wp\/v2\/pages"}],"about":[{"href":"https:\/\/fcgma.org\/es\/wp-json\/wp\/v2\/types\/page"}],"author":[{"embeddable":true,"href":"https:\/\/fcgma.org\/es\/wp-json\/wp\/v2\/users\/11"}],"replies":[{"embeddable":true,"href":"https:\/\/fcgma.org\/es\/wp-json\/wp\/v2\/comments?post=5544"}],"version-history":[{"count":0,"href":"https:\/\/fcgma.org\/es\/wp-json\/wp\/v2\/pages\/5544\/revisions"}],"wp:attachment":[{"href":"https:\/\/fcgma.org\/es\/wp-json\/wp\/v2\/media?parent=5544"}],"curies":[{"name":"gracias","href":"https:\/\/api.w.org\/{rel}","templated":true}]}}