{"id":4822,"date":"2023-07-11T11:34:36","date_gmt":"2023-07-11T18:34:36","guid":{"rendered":"https:\/\/fcgma.org\/?page_id=4822"},"modified":"2025-04-04T15:57:05","modified_gmt":"2025-04-04T22:57:05","slug":"lpv-adjudication-judgment","status":"publish","type":"page","link":"https:\/\/fcgma.org\/es\/las-posas-valley-watermaster\/lpv-adjudication-judgment\/","title":{"rendered":"Sentencia de Adjudicaci\u00f3n de LPV"},"content":{"rendered":"<div data-elementor-type=\"wp-page\" data-elementor-id=\"4822\" class=\"elementor elementor-4822\" data-elementor-post-type=\"page\">\n\t\t\t\t\t\t<section class=\"elementor-section elementor-top-section elementor-element elementor-element-72bd38da elementor-section-boxed elementor-section-height-default elementor-section-height-default\" data-id=\"72bd38da\" data-element_type=\"section\" data-e-type=\"section\" data-settings=\"{&quot;background_background&quot;:&quot;classic&quot;}\">\n\t\t\t\t\t\t<div class=\"elementor-container elementor-column-gap-no\">\n\t\t\t\t\t<div class=\"elementor-column elementor-col-100 elementor-top-column elementor-element elementor-element-1d16a992\" data-id=\"1d16a992\" data-element_type=\"column\" data-e-type=\"column\" data-settings=\"{&quot;background_background&quot;:&quot;classic&quot;}\">\n\t\t\t<div class=\"elementor-widget-wrap elementor-element-populated\">\n\t\t\t\t\t\t<section class=\"elementor-section elementor-inner-section elementor-element elementor-element-1dbad403 elementor-section-boxed elementor-section-height-default elementor-section-height-default\" data-id=\"1dbad403\" data-element_type=\"section\" data-e-type=\"section\">\n\t\t\t\t\t\t<div class=\"elementor-container elementor-column-gap-default\">\n\t\t\t\t\t<div class=\"elementor-column elementor-col-50 elementor-inner-column elementor-element elementor-element-360ff67a\" data-id=\"360ff67a\" data-element_type=\"column\" data-e-type=\"column\">\n\t\t\t<div class=\"elementor-widget-wrap elementor-element-populated\">\n\t\t\t\t\t\t<div class=\"elementor-element elementor-element-7a0e56d hfe-link-redirect-self_link elementor-widget__width-initial hfe-nav-menu__align-left hfe-submenu-icon-arrow hfe-nav-menu__breakpoint-tablet elementor-widget elementor-widget-navigation-menu\" data-id=\"7a0e56d\" data-element_type=\"widget\" data-e-type=\"widget\" data-settings=\"{&quot;padding_horizontal_menu_item&quot;:{&quot;unit&quot;:&quot;px&quot;,&quot;size&quot;:11,&quot;sizes&quot;:[]},&quot;menu_space_between&quot;:{&quot;unit&quot;:&quot;px&quot;,&quot;size&quot;:0,&quot;sizes&quot;:[]},&quot;padding_horizontal_dropdown_item&quot;:{&quot;unit&quot;:&quot;px&quot;,&quot;size&quot;:14,&quot;sizes&quot;:[]},&quot;padding_vertical_dropdown_item&quot;:{&quot;unit&quot;:&quot;px&quot;,&quot;size&quot;:11,&quot;sizes&quot;:[]},&quot;distance_from_menu&quot;:{&quot;unit&quot;:&quot;px&quot;,&quot;size&quot;:2,&quot;sizes&quot;:[]},&quot;padding_horizontal_menu_item_tablet&quot;:{&quot;unit&quot;:&quot;px&quot;,&quot;size&quot;:&quot;&quot;,&quot;sizes&quot;:[]},&quot;padding_horizontal_menu_item_mobile&quot;:{&quot;unit&quot;:&quot;px&quot;,&quot;size&quot;:&quot;&quot;,&quot;sizes&quot;:[]},&quot;padding_vertical_menu_item&quot;:{&quot;unit&quot;:&quot;px&quot;,&quot;size&quot;:15,&quot;sizes&quot;:[]},&quot;padding_vertical_menu_item_tablet&quot;:{&quot;unit&quot;:&quot;px&quot;,&quot;size&quot;:&quot;&quot;,&quot;sizes&quot;:[]},&quot;padding_vertical_menu_item_mobile&quot;:{&quot;unit&quot;:&quot;px&quot;,&quot;size&quot;:&quot;&quot;,&quot;sizes&quot;:[]},&quot;menu_space_between_tablet&quot;:{&quot;unit&quot;:&quot;px&quot;,&quot;size&quot;:&quot;&quot;,&quot;sizes&quot;:[]},&quot;menu_space_between_mobile&quot;:{&quot;unit&quot;:&quot;px&quot;,&quot;size&quot;:&quot;&quot;,&quot;sizes&quot;:[]},&quot;dropdown_border_radius&quot;:{&quot;unit&quot;:&quot;px&quot;,&quot;top&quot;:&quot;&quot;,&quot;right&quot;:&quot;&quot;,&quot;bottom&quot;:&quot;&quot;,&quot;left&quot;:&quot;&quot;,&quot;isLinked&quot;:true},&quot;dropdown_border_radius_tablet&quot;:{&quot;unit&quot;:&quot;px&quot;,&quot;top&quot;:&quot;&quot;,&quot;right&quot;:&quot;&quot;,&quot;bottom&quot;:&quot;&quot;,&quot;left&quot;:&quot;&quot;,&quot;isLinked&quot;:true},&quot;dropdown_border_radius_mobile&quot;:{&quot;unit&quot;:&quot;px&quot;,&quot;top&quot;:&quot;&quot;,&quot;right&quot;:&quot;&quot;,&quot;bottom&quot;:&quot;&quot;,&quot;left&quot;:&quot;&quot;,&quot;isLinked&quot;:true},&quot;padding_horizontal_dropdown_item_tablet&quot;:{&quot;unit&quot;:&quot;px&quot;,&quot;size&quot;:&quot;&quot;,&quot;sizes&quot;:[]},&quot;padding_horizontal_dropdown_item_mobile&quot;:{&quot;unit&quot;:&quot;px&quot;,&quot;size&quot;:&quot;&quot;,&quot;sizes&quot;:[]},&quot;padding_vertical_dropdown_item_tablet&quot;:{&quot;unit&quot;:&quot;px&quot;,&quot;size&quot;:&quot;&quot;,&quot;sizes&quot;:[]},&quot;padding_vertical_dropdown_item_mobile&quot;:{&quot;unit&quot;:&quot;px&quot;,&quot;size&quot;:&quot;&quot;,&quot;sizes&quot;:[]},&quot;distance_from_menu_tablet&quot;:{&quot;unit&quot;:&quot;px&quot;,&quot;size&quot;:&quot;&quot;,&quot;sizes&quot;:[]},&quot;distance_from_menu_mobile&quot;:{&quot;unit&quot;:&quot;px&quot;,&quot;size&quot;:&quot;&quot;,&quot;sizes&quot;:[]},&quot;toggle_size&quot;:{&quot;unit&quot;:&quot;px&quot;,&quot;size&quot;:&quot;&quot;,&quot;sizes&quot;:[]},&quot;toggle_size_tablet&quot;:{&quot;unit&quot;:&quot;px&quot;,&quot;size&quot;:&quot;&quot;,&quot;sizes&quot;:[]},&quot;toggle_size_mobile&quot;:{&quot;unit&quot;:&quot;px&quot;,&quot;size&quot;:&quot;&quot;,&quot;sizes&quot;:[]},&quot;toggle_border_width&quot;:{&quot;unit&quot;:&quot;px&quot;,&quot;size&quot;:&quot;&quot;,&quot;sizes&quot;:[]},&quot;toggle_border_width_tablet&quot;:{&quot;unit&quot;:&quot;px&quot;,&quot;size&quot;:&quot;&quot;,&quot;sizes&quot;:[]},&quot;toggle_border_width_mobile&quot;:{&quot;unit&quot;:&quot;px&quot;,&quot;size&quot;:&quot;&quot;,&quot;sizes&quot;:[]},&quot;toggle_border_radius&quot;:{&quot;unit&quot;:&quot;px&quot;,&quot;size&quot;:&quot;&quot;,&quot;sizes&quot;:[]},&quot;toggle_border_radius_tablet&quot;:{&quot;unit&quot;:&quot;px&quot;,&quot;size&quot;:&quot;&quot;,&quot;sizes&quot;:[]},&quot;toggle_border_radius_mobile&quot;:{&quot;unit&quot;:&quot;px&quot;,&quot;size&quot;:&quot;&quot;,&quot;sizes&quot;:[]}}\" data-widget_type=\"navigation-menu.default\">\n\t\t\t\t<div class=\"elementor-widget-container\">\n\t\t\t\t\t\t\t\t<div class=\"hfe-nav-menu hfe-layout-vertical hfe-nav-menu-layout vertical\" data-layout=\"vertical\">\n\t\t\t\t<div role=\"button\" class=\"hfe-nav-menu__toggle elementor-clickable\">\n\t\t\t\t\t<span class=\"screen-reader-text\">Men\u00fa<\/span>\n\t\t\t\t\t<div class=\"hfe-nav-menu-icon\">\n\t\t\t\t\t\t<i aria-hidden=\"true\"  class=\"fas fa-align-justify\"><\/i>\t\t\t\t\t<\/div>\n\t\t\t\t<\/div>\n\t\t\t\t<nav itemscope=\"itemscope\" itemtype=\"http:\/\/schema.org\/SiteNavigationElement\" class=\"hfe-nav-menu__layout-vertical hfe-nav-menu__submenu-arrow\" data-toggle-icon=\"&lt;i aria-hidden=&quot;true&quot; tabindex=&quot;0&quot; class=&quot;fas fa-align-justify&quot;&gt;&lt;\/i&gt;\" data-close-icon=\"&lt;i aria-hidden=&quot;true&quot; tabindex=&quot;0&quot; class=&quot;far fa-window-close&quot;&gt;&lt;\/i&gt;\" data-full-width=\"yes\"><ul id=\"menu-1-7a0e56d\" class=\"hfe-nav-menu\"><li id=\"menu-item-4892\" itemprop=\"name\" class=\"menu-item menu-item-type-post_type menu-item-object-page parent hfe-creative-menu\"><a href=\"https:\/\/fcgma.org\/es\/las-posas-valley-watermaster\/lpv-adjudication-judgment\/\" itemprop=\"url\" class = \"hfe-menu-item\">Sentencia de Adjudicaci\u00f3n de LPV<\/a><\/li>\n<li id=\"menu-item-4940\" itemprop=\"name\" class=\"menu-item menu-item-type-post_type menu-item-object-page parent hfe-creative-menu\"><a href=\"https:\/\/fcgma.org\/es\/wm_service_list\/\" itemprop=\"url\" class = \"hfe-menu-item\">Lista de servicios de Watermaster<\/a><\/li>\n<li id=\"menu-item-5157\" itemprop=\"name\" class=\"menu-item menu-item-type-post_type menu-item-object-page menu-item-has-children parent hfe-has-submenu hfe-creative-menu\"><div class=\"hfe-has-submenu-container\"><a href=\"https:\/\/fcgma.org\/es\/annual-allocations_lpv\/\" itemprop=\"url\" class = \"hfe-menu-item\">Asignaciones anuales<span class='hfe-menu-toggle sub-arrow hfe-menu-child-0'><i class='fa'><\/i><\/span><\/a><\/div>\n<ul class=\"sub-menu\">\n\t<li id=\"menu-item-8102\" itemprop=\"name\" class=\"menu-item menu-item-type-post_type menu-item-object-page hfe-creative-menu\"><a href=\"https:\/\/fcgma.org\/es\/las-posas-valley-watermaster\/annual-allocations-wy-2025\/\" itemprop=\"url\" class = \"hfe-sub-menu-item\">A\u00f1o Nuevo Lunar 2025<\/a><\/li>\n\t<li id=\"menu-item-5404\" itemprop=\"name\" class=\"menu-item menu-item-type-post_type menu-item-object-page hfe-creative-menu\"><a href=\"https:\/\/fcgma.org\/es\/annual-allocations-wy-2024\/\" itemprop=\"url\" class = \"hfe-sub-menu-item\">A\u00f1o Nuevo Lunar 2024<\/a><\/li>\n\t<li id=\"menu-item-5403\" itemprop=\"name\" class=\"menu-item menu-item-type-post_type menu-item-object-page hfe-creative-menu\"><a href=\"https:\/\/fcgma.org\/es\/annual-allocations-wy-2023\/\" itemprop=\"url\" class = \"hfe-sub-menu-item\">A\u00f1o Nuevo Lunar 2023<\/a><\/li>\n<\/ul>\n<\/li>\n<li id=\"menu-item-8638\" itemprop=\"name\" class=\"menu-item menu-item-type-post_type menu-item-object-page parent hfe-creative-menu\"><a href=\"https:\/\/fcgma.org\/es\/lpv-transfers-and-cure\/\" itemprop=\"url\" class = \"hfe-menu-item\">Transferencias y curado<\/a><\/li>\n<li id=\"menu-item-8554\" itemprop=\"name\" class=\"menu-item menu-item-type-custom menu-item-object-custom menu-item-has-children parent hfe-has-submenu hfe-creative-menu\"><div class=\"hfe-has-submenu-container\"><a href=\"#\" itemprop=\"url\" class = \"hfe-menu-item\">Informes del Watermaster<span class='hfe-menu-toggle sub-arrow hfe-menu-child-0'><i class='fa'><\/i><\/span><\/a><\/div>\n<ul class=\"sub-menu\">\n\t<li id=\"menu-item-5889\" itemprop=\"name\" class=\"menu-item menu-item-type-post_type menu-item-object-page hfe-creative-menu\"><a href=\"https:\/\/fcgma.org\/es\/lpvb_annual-report\/\" itemprop=\"url\" class = \"hfe-sub-menu-item\">Informe anual<\/a><\/li>\n\t<li id=\"menu-item-7810\" itemprop=\"name\" class=\"menu-item menu-item-type-post_type menu-item-object-page hfe-creative-menu\"><a href=\"https:\/\/fcgma.org\/es\/watermaster-budget-documents\/\" itemprop=\"url\" class = \"hfe-sub-menu-item\">Documentos presupuestarios<\/a><\/li>\n\t<li id=\"menu-item-7766\" itemprop=\"name\" class=\"menu-item menu-item-type-post_type menu-item-object-page hfe-creative-menu\"><a href=\"https:\/\/fcgma.org\/es\/watermaster-audit-reports\/\" itemprop=\"url\" class = \"hfe-sub-menu-item\">Archivo de informes de auditor\u00eda<\/a><\/li>\n\t<li id=\"menu-item-7753\" itemprop=\"name\" class=\"menu-item menu-item-type-post_type menu-item-object-page hfe-creative-menu\"><a href=\"https:\/\/fcgma.org\/es\/other-watermaster-reports\/\" itemprop=\"url\" class = \"hfe-sub-menu-item\">Otros informes<\/a><\/li>\n<\/ul>\n<\/li>\n<li id=\"menu-item-7444\" itemprop=\"name\" class=\"menu-item menu-item-type-post_type menu-item-object-page parent hfe-creative-menu\"><a href=\"https:\/\/fcgma.org\/es\/basin-optimization-plan\/\" itemprop=\"url\" class = \"hfe-menu-item\">Plan de Optimizaci\u00f3n de Cuencas<\/a><\/li>\n<li id=\"menu-item-9603\" itemprop=\"name\" class=\"menu-item menu-item-type-post_type menu-item-object-page parent hfe-creative-menu\"><a href=\"https:\/\/fcgma.org\/es\/lpv_boys\/\" itemprop=\"url\" class = \"hfe-menu-item\">Estudio de rendimiento de optimizaci\u00f3n de cuencas<\/a><\/li>\n<li id=\"menu-item-5380\" itemprop=\"name\" class=\"menu-item menu-item-type-post_type menu-item-object-page menu-item-has-children parent hfe-has-submenu hfe-creative-menu\"><div class=\"hfe-has-submenu-container\"><a href=\"https:\/\/fcgma.org\/es\/lpv-watermaster-meetings\/\" itemprop=\"url\" class = \"hfe-menu-item\">Reuniones y agendas<span class='hfe-menu-toggle sub-arrow hfe-menu-child-0'><i class='fa'><\/i><\/span><\/a><\/div>\n<ul class=\"sub-menu\">\n\t<li id=\"menu-item-5060\" itemprop=\"name\" class=\"menu-item menu-item-type-post_type menu-item-object-page menu-item-has-children hfe-has-submenu hfe-creative-menu\"><div class=\"hfe-has-submenu-container\"><a href=\"https:\/\/fcgma.org\/es\/pac-meetings\/\" itemprop=\"url\" class = \"hfe-sub-menu-item\">Comit\u00e9 Asesor de Pol\u00edticas (PAC)<span class='hfe-menu-toggle sub-arrow hfe-menu-child-1'><i class='fa'><\/i><\/span><\/a><\/div>\n\t<ul class=\"sub-menu\">\n\t\t<li id=\"menu-item-8492\" itemprop=\"name\" class=\"menu-item menu-item-type-post_type menu-item-object-page hfe-creative-menu\"><a href=\"https:\/\/fcgma.org\/es\/pac-meetings\/pac_wy-2025\/\" itemprop=\"url\" class = \"hfe-sub-menu-item\">A\u00f1o Nuevo Lunar 2025<\/a><\/li>\n\t\t<li id=\"menu-item-5790\" itemprop=\"name\" class=\"menu-item menu-item-type-post_type menu-item-object-page hfe-creative-menu\"><a href=\"https:\/\/fcgma.org\/es\/pac_wy-2024\/\" itemprop=\"url\" class = \"hfe-sub-menu-item\">A\u00f1o Nuevo Lunar 2024<\/a><\/li>\n\t\t<li id=\"menu-item-5792\" itemprop=\"name\" class=\"menu-item menu-item-type-post_type menu-item-object-page hfe-creative-menu\"><a href=\"https:\/\/fcgma.org\/es\/pac_wy-2023\/\" itemprop=\"url\" class = \"hfe-sub-menu-item\">A\u00f1o Nuevo Lunar 2023<\/a><\/li>\n\t\t<li id=\"menu-item-5061\" itemprop=\"name\" class=\"menu-item menu-item-type-post_type menu-item-object-page hfe-creative-menu\"><a target=\"_blank\"rel=\"noopener\" href=\"https:\/\/fcgma.org\/es\/initial-organizational-meetings\/\" itemprop=\"url\" class = \"hfe-sub-menu-item\">Reuniones organizativas iniciales<\/a><\/li>\n\t<\/ul>\n<\/li>\n\t<li id=\"menu-item-5385\" itemprop=\"name\" class=\"menu-item menu-item-type-post_type menu-item-object-page menu-item-has-children hfe-has-submenu hfe-creative-menu\"><div class=\"hfe-has-submenu-container\"><a href=\"https:\/\/fcgma.org\/es\/tac-meetings\/\" itemprop=\"url\" class = \"hfe-sub-menu-item\">Comit\u00e9 Asesor T\u00e9cnico (CAT)<span class='hfe-menu-toggle sub-arrow hfe-menu-child-1'><i class='fa'><\/i><\/span><\/a><\/div>\n\t<ul class=\"sub-menu\">\n\t\t<li id=\"menu-item-8625\" itemprop=\"name\" class=\"menu-item menu-item-type-post_type menu-item-object-page hfe-creative-menu\"><a href=\"https:\/\/fcgma.org\/es\/tac_wy-2025\/\" itemprop=\"url\" class = \"hfe-sub-menu-item\">A\u00f1o Nuevo Lunar 2025<\/a><\/li>\n\t\t<li id=\"menu-item-5794\" itemprop=\"name\" class=\"menu-item menu-item-type-post_type menu-item-object-page hfe-creative-menu\"><a href=\"https:\/\/fcgma.org\/es\/tac_wy-2024\/\" itemprop=\"url\" class = \"hfe-sub-menu-item\">A\u00f1o Nuevo Lunar 2024<\/a><\/li>\n\t\t<li id=\"menu-item-5796\" itemprop=\"name\" class=\"menu-item menu-item-type-post_type menu-item-object-page hfe-creative-menu\"><a href=\"https:\/\/fcgma.org\/es\/tac_wy-2023\/\" itemprop=\"url\" class = \"hfe-sub-menu-item\">A\u00f1o Nuevo Lunar 2023<\/a><\/li>\n\t<\/ul>\n<\/li>\n\t<li id=\"menu-item-8912\" itemprop=\"name\" class=\"menu-item menu-item-type-post_type menu-item-object-page hfe-creative-menu\"><a href=\"https:\/\/fcgma.org\/es\/recommendation-response-reports\/wy-2025_rec-resp-reports\/\" itemprop=\"url\" class = \"hfe-sub-menu-item\">Informes de recomendaciones y respuestas de WY 2025<\/a><\/li>\n\t<li id=\"menu-item-7401\" itemprop=\"name\" class=\"menu-item menu-item-type-post_type menu-item-object-page hfe-creative-menu\"><a href=\"https:\/\/fcgma.org\/es\/recommendation-response-reports\/wy-2024_rec-resp-reports\/\" itemprop=\"url\" class = \"hfe-sub-menu-item\">Informes de recomendaciones y respuestas de WY 2024<\/a><\/li>\n\t<li id=\"menu-item-7400\" itemprop=\"name\" class=\"menu-item menu-item-type-post_type menu-item-object-page hfe-creative-menu\"><a href=\"https:\/\/fcgma.org\/es\/recommendation-response-reports\/wy-2023_rec-resp-reports\/\" itemprop=\"url\" class = \"hfe-sub-menu-item\">Informes de recomendaciones y respuestas del WY 2023<\/a><\/li>\n<\/ul>\n<\/li>\n<li id=\"menu-item-5412\" itemprop=\"name\" class=\"menu-item menu-item-type-post_type menu-item-object-page menu-item-has-children parent hfe-has-submenu hfe-creative-menu\"><div class=\"hfe-has-submenu-container\"><a href=\"https:\/\/fcgma.org\/es\/lpv-reporting\/\" itemprop=\"url\" class = \"hfe-menu-item\">Informes de extracci\u00f3n y uso<span class='hfe-menu-toggle sub-arrow hfe-menu-child-0'><i class='fa'><\/i><\/span><\/a><\/div>\n<ul class=\"sub-menu\">\n\t<li id=\"menu-item-10268\" itemprop=\"name\" class=\"menu-item menu-item-type-post_type menu-item-object-page hfe-creative-menu\"><a href=\"https:\/\/fcgma.org\/es\/lpv-reporting-wy-2025\/\" itemprop=\"url\" class = \"hfe-sub-menu-item\">A\u00f1o Nuevo Lunar 2025<\/a><\/li>\n\t<li id=\"menu-item-8560\" itemprop=\"name\" class=\"menu-item menu-item-type-post_type menu-item-object-page hfe-creative-menu\"><a href=\"https:\/\/fcgma.org\/es\/lpv-reporting-wy-2024\/\" itemprop=\"url\" class = \"hfe-sub-menu-item\">A\u00f1o Nuevo Lunar 2024<\/a><\/li>\n\t<li id=\"menu-item-5414\" itemprop=\"name\" class=\"menu-item menu-item-type-post_type menu-item-object-page hfe-creative-menu\"><a href=\"https:\/\/fcgma.org\/es\/lpv-reporting-wy-2023\/\" itemprop=\"url\" class = \"hfe-sub-menu-item\">A\u00f1o Nuevo Lunar 2023<\/a><\/li>\n<\/ul>\n<\/li>\n<li id=\"menu-item-5392\" itemprop=\"name\" class=\"menu-item menu-item-type-custom menu-item-object-custom menu-item-has-children parent hfe-has-submenu hfe-creative-menu\"><div class=\"hfe-has-submenu-container\"><a href=\"https:\/\/fcgma.org\/es\/las-posas-valley-watermaster\/confirmations-and-corrections\/\" itemprop=\"url\" class = \"hfe-menu-item\">Confirmaciones y correcciones<span class='hfe-menu-toggle sub-arrow hfe-menu-child-0'><i class='fa'><\/i><\/span><\/a><\/div>\n<ul class=\"sub-menu\">\n\t<li id=\"menu-item-5408\" itemprop=\"name\" class=\"menu-item menu-item-type-post_type menu-item-object-page hfe-creative-menu\"><a href=\"https:\/\/fcgma.org\/es\/las-posas-valley-watermaster\/confirmations-and-corrections-wy-2024\/\" itemprop=\"url\" class = \"hfe-sub-menu-item\">A\u00f1o Nuevo Lunar 2024<\/a><\/li>\n\t<li id=\"menu-item-5395\" itemprop=\"name\" class=\"menu-item menu-item-type-post_type menu-item-object-page hfe-creative-menu\"><a href=\"https:\/\/fcgma.org\/es\/las-posas-valley-watermaster\/confirmations-and-corrections-wy-2023\/\" itemprop=\"url\" class = \"hfe-sub-menu-item\">A\u00f1o Nuevo Lunar 2023<\/a><\/li>\n<\/ul>\n<\/li>\n<li id=\"menu-item-6102\" itemprop=\"name\" class=\"menu-item menu-item-type-post_type menu-item-object-page parent hfe-creative-menu\"><a href=\"https:\/\/fcgma.org\/es\/fcgma-ordinance-carryover\/\" itemprop=\"url\" class = \"hfe-menu-item\">Ordenanza y transferencia de la FCGMA<\/a><\/li>\n<li id=\"menu-item-5578\" itemprop=\"name\" class=\"menu-item menu-item-type-post_type menu-item-object-page parent hfe-creative-menu\"><a href=\"https:\/\/fcgma.org\/es\/lpv_watermaster_faqs\/\" itemprop=\"url\" class = \"hfe-menu-item\">Preguntas frecuentes<\/a><\/li>\n<\/ul><\/nav>\n\t\t\t<\/div>\n\t\t\t\t\t\t\t<\/div>\n\t\t\t\t<\/div>\n\t\t\t\t\t<\/div>\n\t\t<\/div>\n\t\t\t\t<div class=\"elementor-column elementor-col-50 elementor-inner-column elementor-element elementor-element-ddc7ee0\" data-id=\"ddc7ee0\" data-element_type=\"column\" data-e-type=\"column\">\n\t\t\t<div class=\"elementor-widget-wrap elementor-element-populated\">\n\t\t\t\t\t\t<div class=\"elementor-element elementor-element-ab38d7c elementor-widget elementor-widget-page-title\" data-id=\"ab38d7c\" data-element_type=\"widget\" data-e-type=\"widget\" data-widget_type=\"page-title.default\">\n\t\t\t\t<div class=\"elementor-widget-container\">\n\t\t\t\t\t\t\t\n\t\t<div class=\"hfe-page-title hfe-page-title-wrapper elementor-widget-heading\">\n\n\t\t\t\t\t\t\t\t<h2 class=\"elementor-heading-title elementor-size-default\">\n\t\t\t\t\t\t\t\t\n\t\t\t\tSentencia de Adjudicaci\u00f3n de LPV  \n\t\t\t<\/h2> \n\t\t\t\t\t<\/div>\n\t\t\t\t\t\t<\/div>\n\t\t\t\t<\/div>\n\t\t\t\t<div class=\"elementor-element elementor-element-6d046b9b elementor-widget__width-initial elementor-widget elementor-widget-text-editor\" data-id=\"6d046b9b\" data-element_type=\"widget\" data-e-type=\"widget\" data-widget_type=\"text-editor.default\">\n\t\t\t\t<div class=\"elementor-widget-container\">\n\t\t\t\t\t\t\t\t\t<p>Se puede acceder a la Sentencia de Adjudicaci\u00f3n del LPV y a sus anexos y descargarlos desde los siguientes enlaces:<\/p><p><a href=\"https:\/\/fcgma.org\/wp-content\/uploads\/2023\/08\/Judgment-w-Exhibits.cleaned.pdf\" target=\"_blank\" rel=\"noopener\" aria-label=\"LPV Juicio Completo - abrir en una nueva pesta\u00f1a\" data-uw-rm-ext-link=\"\" data-uw-pdf-br=\"1\" data-uw-pdf-doc=\"\">Sentencia completa del LPV<\/a><\/p><p><a href=\"https:\/\/fcgma.org\/wp-content\/uploads\/2023\/08\/Judgment-w-Exhibits.cleaned-1.pdf\" target=\"_blank\" rel=\"noopener\" aria-label=\"Texto de Sentencia LPV - abrir en una nueva pesta\u00f1a\" data-uw-rm-ext-link=\"\" data-uw-pdf-br=\"1\" data-uw-pdf-doc=\"\">Texto de la sentencia LPV<\/a><\/p><p><a href=\"https:\/\/fcgma.org\/wp-content\/uploads\/2023\/08\/Exh-A-Watermaster-Rules.cleaned.pdf\" target=\"_blank\" rel=\"noopener\" aria-label=\"Anexo A - Reglas de Watermaster - abrir en una nueva pesta\u00f1a\" data-uw-rm-ext-link=\"\" data-uw-pdf-br=\"1\" data-uw-pdf-doc=\"\">Anexo A \u2013 Normas del Watermaster<\/a><\/p><p><a href=\"https:\/\/fcgma.org\/wp-content\/uploads\/2023\/08\/Exh-B-Master-Disclosure-Record.cleaned.pdf\" target=\"_blank\" rel=\"noopener\" aria-label=\"Anexo B - Registro maestro de divulgaci\u00f3n - abrir en una nueva pesta\u00f1a\" data-uw-rm-ext-link=\"\" data-uw-pdf-br=\"1\" data-uw-pdf-doc=\"\">Anexo B \u2013 Registro maestro de divulgaci\u00f3n<\/a><\/p><p><a href=\"https:\/\/fcgma.org\/wp-content\/uploads\/2023\/08\/Exh-C-Groundwater-Allocation-Schedule.cleaned.pdf\" target=\"_blank\" rel=\"noopener\" aria-label=\"Anexo C - Calendario de asignaci\u00f3n de aguas subterr\u00e1neas - abrir en una nueva pesta\u00f1a\" data-uw-rm-ext-link=\"\" data-uw-pdf-br=\"1\" data-uw-pdf-doc=\"\">Anexo C \u2013 Cronograma de asignaci\u00f3n de aguas subterr\u00e1neas<\/a><\/p><p><a href=\"https:\/\/fcgma.org\/wp-content\/uploads\/2023\/08\/Exh-D-Annual-Allocation-Protocols-Formulas.cleaned.pdf\" target=\"_blank\" rel=\"noopener\" aria-label=\"Anexo D - F\u00f3rmulas y protocolos de asignaci\u00f3n anual - abrir en una nueva pesta\u00f1a\" data-uw-rm-ext-link=\"\" data-uw-pdf-br=\"1\" data-uw-pdf-doc=\"\">Anexo D \u2013 Protocolos y f\u00f3rmulas de asignaci\u00f3n anual<\/a><\/p><p><a href=\"https:\/\/fcgma.org\/wp-content\/uploads\/2023\/08\/Exh-E-Crestview-Domestic-Parcels.cleaned.pdf\" target=\"_blank\" rel=\"noopener\" aria-label=\"Anexo E - Paquetes nacionales de Crestview - abrir en una nueva pesta\u00f1a\" data-uw-rm-ext-link=\"\" data-uw-pdf-br=\"1\" data-uw-pdf-doc=\"\">Anexo E \u2013 Parcelas nacionales de Crestview<\/a><\/p><p><a href=\"https:\/\/fcgma.org\/wp-content\/uploads\/2023\/08\/Exh-F-Del-Norte-Domestic-Parcels.cleaned.pdf\" target=\"_blank\" rel=\"noopener\" aria-label=\"Anexo F - Parcelas Nacionales Del Norte - abrir en una nueva pesta\u00f1a\" data-uw-rm-ext-link=\"\" data-uw-pdf-br=\"1\" data-uw-pdf-doc=\"\">Anexo F \u2013 Parcelas nacionales de Del Norte<\/a><\/p><p><a href=\"https:\/\/fcgma.org\/wp-content\/uploads\/2023\/08\/Exh-G-Conditions-Precedent-to-Conditional-Allocations-for-Hypericum-and-Butler-Ranch.cleaned.pdf\" target=\"_blank\" rel=\"noopener\" aria-label=\"Anexo G - Condiciones previas a las asignaciones condicionales para Hypericum y Butler Ranch - abrir en una nueva pesta\u00f1a\" data-uw-rm-ext-link=\"\" data-uw-pdf-br=\"1\" data-uw-pdf-doc=\"\">Anexo G \u2013 Condiciones previas a las asignaciones condicionales para Hypericum y Butler Ranch<\/a><\/p><p><a href=\"https:\/\/fcgma.org\/wp-content\/uploads\/2023\/08\/Exh-H-Conditions-Precedent-to-Conditional-Domestic-Allocation-for-Del-Norte.cleaned.pdf\" target=\"_blank\" rel=\"noopener\" aria-label=\"Anexo H - Condiciones previas a la asignaci\u00f3n nacional condicional para Del Norte - abrir en una nueva pesta\u00f1a\" data-uw-rm-ext-link=\"\" data-uw-pdf-br=\"1\" data-uw-pdf-doc=\"\">Anexo H \u2013 Condiciones previas a la asignaci\u00f3n condicional de derechos internos para Del Norte<\/a><\/p><p><a href=\"https:\/\/fcgma.org\/wp-content\/uploads\/2023\/08\/Exh-I-Transfer-Request-Form.cleaned.pdf\" target=\"_blank\" rel=\"noopener\" aria-label=\"Anexo I - Formulario de solicitud de transferencia - abrir en una nueva pesta\u00f1a\" data-uw-rm-ext-link=\"\" data-uw-pdf-br=\"1\" data-uw-pdf-doc=\"\">Anexo I \u2013 Formulario de solicitud de transferencia<\/a><\/p><p><a href=\"https:\/\/fcgma.org\/wp-content\/uploads\/2023\/08\/Exh-J-Stipulation-for-Entry-of-Judgment.cleaned.pdf\" target=\"_blank\" rel=\"noopener\" aria-label=\"Anexo J - Estipulaci\u00f3n para la emisi\u00f3n de sentencia - abrir en una nueva pesta\u00f1a\" data-uw-rm-ext-link=\"\" data-uw-pdf-br=\"1\" data-uw-pdf-doc=\"\">Anexo J \u2013 Estipulaci\u00f3n para dictar sentencia<\/a><\/p>\t\t\t\t\t\t\t\t<\/div>\n\t\t\t\t<\/div>\n\t\t\t\t\t<\/div>\n\t\t<\/div>\n\t\t\t\t\t<\/div>\n\t\t<\/section>\n\t\t\t\t\t<\/div>\n\t\t<\/div>\n\t\t\t\t\t<\/div>\n\t\t<\/section>\n\t\t\t\t<\/div>","protected":false},"excerpt":{"rendered":"<p>Menu Las Posas Valley Watermaster LPV Adjudication Judgment LPV Watermaster Service List Annual Allocations WY 2024 WY 2023 Annual Report LPV Meetings and Agendas Policy Advisory Committee (PAC) WY 2024 [&hellip;]<\/p>\n","protected":false},"author":7,"featured_media":0,"parent":4819,"menu_order":0,"comment_status":"closed","ping_status":"closed","template":"elementor_header_footer","meta":{"_price":"","_stock":"","_tribe_ticket_header":"","_tribe_default_ticket_provider":"","_tribe_ticket_capacity":"0","_ticket_start_date":"","_ticket_end_date":"","_tribe_ticket_show_description":"","_tribe_ticket_show_not_going":false,"_tribe_ticket_use_global_stock":"","_tribe_ticket_global_stock_level":"","_global_stock_mode":"","_global_stock_cap":"","_tribe_rsvp_for_event":"","_tribe_ticket_going_count":"","_tribe_ticket_not_going_count":"","_tribe_tickets_list":"[]","_tribe_ticket_has_attendee_info_fields":false,"footnotes":"","_tec_slr_enabled":"","_tec_slr_layout":""},"class_list":["post-4822","page","type-page","status-publish","hentry"],"ticketed":false,"_links":{"self":[{"href":"https:\/\/fcgma.org\/es\/wp-json\/wp\/v2\/pages\/4822","targetHints":{"allow":["GET"]}}],"collection":[{"href":"https:\/\/fcgma.org\/es\/wp-json\/wp\/v2\/pages"}],"about":[{"href":"https:\/\/fcgma.org\/es\/wp-json\/wp\/v2\/types\/page"}],"author":[{"embeddable":true,"href":"https:\/\/fcgma.org\/es\/wp-json\/wp\/v2\/users\/7"}],"replies":[{"embeddable":true,"href":"https:\/\/fcgma.org\/es\/wp-json\/wp\/v2\/comments?post=4822"}],"version-history":[{"count":0,"href":"https:\/\/fcgma.org\/es\/wp-json\/wp\/v2\/pages\/4822\/revisions"}],"up":[{"embeddable":true,"href":"https:\/\/fcgma.org\/es\/wp-json\/wp\/v2\/pages\/4819"}],"wp:attachment":[{"href":"https:\/\/fcgma.org\/es\/wp-json\/wp\/v2\/media?parent=4822"}],"curies":[{"name":"gracias","href":"https:\/\/api.w.org\/{rel}","templated":true}]}}