{"id":3076,"date":"2022-06-03T10:34:55","date_gmt":"2022-06-03T17:34:55","guid":{"rendered":"https:\/\/fcgma.org\/?page_id=3076"},"modified":"2025-01-30T13:18:43","modified_gmt":"2025-01-30T21:18:43","slug":"fcgma-online-account-user-guide","status":"publish","type":"page","link":"https:\/\/fcgma.org\/es\/fcgma-online-account-user-guide\/","title":{"rendered":"Gu\u00eda del usuario de la cuenta en l\u00ednea de FCGMA"},"content":{"rendered":"<div data-elementor-type=\"wp-page\" data-elementor-id=\"3076\" class=\"elementor elementor-3076\" data-elementor-post-type=\"page\">\n\t\t\t\t\t\t<section class=\"elementor-section elementor-top-section elementor-element elementor-element-25425c3d elementor-section-boxed elementor-section-height-default elementor-section-height-default\" data-id=\"25425c3d\" data-element_type=\"section\" data-e-type=\"section\">\n\t\t\t\t\t\t<div class=\"elementor-container elementor-column-gap-default\">\n\t\t\t\t\t<div class=\"elementor-column elementor-col-100 elementor-top-column elementor-element elementor-element-220aae89\" data-id=\"220aae89\" data-element_type=\"column\" data-e-type=\"column\">\n\t\t\t<div class=\"elementor-widget-wrap elementor-element-populated\">\n\t\t\t\t\t\t<div class=\"elementor-element elementor-element-3d0c0ae elementor-widget elementor-widget-page-title\" data-id=\"3d0c0ae\" data-element_type=\"widget\" data-e-type=\"widget\" data-settings=\"{&quot;align&quot;:&quot;center&quot;}\" data-widget_type=\"page-title.default\">\n\t\t\t\t<div class=\"elementor-widget-container\">\n\t\t\t\t\t\t\t\n\t\t<div class=\"hfe-page-title hfe-page-title-wrapper elementor-widget-heading\">\n\n\t\t\t\t\t\t\t\t<h2 class=\"elementor-heading-title elementor-size-default\">\n\t\t\t\t\t\t\t\t\n\t\t\t\tGu\u00eda del usuario de la cuenta en l\u00ednea de FCGMA  \n\t\t\t<\/h2> \n\t\t\t\t\t<\/div>\n\t\t\t\t\t\t<\/div>\n\t\t\t\t<\/div>\n\t\t\t\t\t<\/div>\n\t\t<\/div>\n\t\t\t\t\t<\/div>\n\t\t<\/section>\n\t\t\t\t<section class=\"elementor-section elementor-top-section elementor-element elementor-element-1926778c elementor-section-boxed elementor-section-height-default elementor-section-height-default\" data-id=\"1926778c\" data-element_type=\"section\" data-e-type=\"section\">\n\t\t\t\t\t\t<div class=\"elementor-container elementor-column-gap-default\">\n\t\t\t\t\t<div class=\"elementor-column elementor-col-100 elementor-top-column elementor-element elementor-element-35a0965b\" data-id=\"35a0965b\" data-element_type=\"column\" data-e-type=\"column\">\n\t\t\t<div class=\"elementor-widget-wrap elementor-element-populated\">\n\t\t\t\t\t\t<div class=\"elementor-element elementor-element-468d67b1 elementor-widget elementor-widget-text-editor\" data-id=\"468d67b1\" data-element_type=\"widget\" data-e-type=\"widget\" data-widget_type=\"text-editor.default\">\n\t\t\t\t<div class=\"elementor-widget-container\">\n\t\t\t\t\t\t\t\t\t<p><strong><a href=\"https:\/\/fcgma.org\/wp-content\/uploads\/2024\/05\/UserGuide_Online_Reporting_Updated-20240521.pdf\" target=\"_blank\" rel=\"noopener\">Gu\u00eda para la presentaci\u00f3n de informes en l\u00ednea \u2013 2024<\/a><\/strong><\/p>\t\t\t\t\t\t\t\t<\/div>\n\t\t\t\t<\/div>\n\t\t\t\t\t<\/div>\n\t\t<\/div>\n\t\t\t\t\t<\/div>\n\t\t<\/section>\n\t\t\t\t<\/div>","protected":false},"excerpt":{"rendered":"<p>Gu\u00eda del usuario de la cuenta en l\u00ednea de FCGMA Gu\u00eda para la presentaci\u00f3n de informes en l\u00ednea \u2013 2024<\/p>","protected":false},"author":11,"featured_media":0,"parent":0,"menu_order":0,"comment_status":"closed","ping_status":"closed","template":"","meta":{"_price":"","_stock":"","_tribe_ticket_header":"","_tribe_default_ticket_provider":"","_tribe_ticket_capacity":"0","_ticket_start_date":"","_ticket_end_date":"","_tribe_ticket_show_description":"","_tribe_ticket_show_not_going":false,"_tribe_ticket_use_global_stock":"","_tribe_ticket_global_stock_level":"","_global_stock_mode":"","_global_stock_cap":"","_tribe_rsvp_for_event":"","_tribe_ticket_going_count":"","_tribe_ticket_not_going_count":"","_tribe_tickets_list":"[]","_tribe_ticket_has_attendee_info_fields":false,"footnotes":"","_tec_slr_enabled":"","_tec_slr_layout":""},"class_list":["post-3076","page","type-page","status-publish","hentry"],"yoast_head":"<!-- This site is optimized with the Yoast SEO plugin v26.8 - https:\/\/yoast.com\/product\/yoast-seo-wordpress\/ -->\n<title>FCGMA Online Account User Guide - FCGMA<\/title>\n<meta name=\"robots\" content=\"index, follow, max-snippet:-1, max-image-preview:large, max-video-preview:-1\" \/>\n<link rel=\"canonical\" href=\"https:\/\/fcgma.org\/es\/fcgma-online-account-user-guide\/\" \/>\n<meta property=\"og:locale\" content=\"es_MX\" \/>\n<meta property=\"og:type\" content=\"article\" \/>\n<meta property=\"og:title\" content=\"FCGMA Online Account User Guide - FCGMA\" \/>\n<meta property=\"og:description\" content=\"FCGMA Online Account User Guide Guide to Reporting Online &#8211; 2024\" \/>\n<meta property=\"og:url\" content=\"https:\/\/fcgma.org\/es\/fcgma-online-account-user-guide\/\" \/>\n<meta property=\"og:site_name\" content=\"FCGMA\" \/>\n<meta property=\"article:modified_time\" content=\"2025-01-30T21:18:43+00:00\" \/>\n<meta name=\"twitter:card\" content=\"summary_large_image\" \/>\n<meta name=\"twitter:label1\" content=\"Tiempo de lectura\" \/>\n\t<meta name=\"twitter:data1\" content=\"1 minuto\" \/>\n<script type=\"application\/ld+json\" class=\"yoast-schema-graph\">{\"@context\":\"https:\/\/schema.org\",\"@graph\":[{\"@type\":\"WebPage\",\"@id\":\"https:\/\/fcgma.org\/fcgma-online-account-user-guide\/\",\"url\":\"https:\/\/fcgma.org\/fcgma-online-account-user-guide\/\",\"name\":\"FCGMA Online Account User Guide - FCGMA\",\"isPartOf\":{\"@id\":\"https:\/\/fcgma.org\/#website\"},\"datePublished\":\"2022-06-03T17:34:55+00:00\",\"dateModified\":\"2025-01-30T21:18:43+00:00\",\"breadcrumb\":{\"@id\":\"https:\/\/fcgma.org\/fcgma-online-account-user-guide\/#breadcrumb\"},\"inLanguage\":\"es\",\"potentialAction\":[{\"@type\":\"ReadAction\",\"target\":[\"https:\/\/fcgma.org\/fcgma-online-account-user-guide\/\"]}]},{\"@type\":\"BreadcrumbList\",\"@id\":\"https:\/\/fcgma.org\/fcgma-online-account-user-guide\/#breadcrumb\",\"itemListElement\":[{\"@type\":\"ListItem\",\"position\":1,\"name\":\"Home\",\"item\":\"https:\/\/fcgma.org\/\"},{\"@type\":\"ListItem\",\"position\":2,\"name\":\"FCGMA Online Account User Guide\"}]},{\"@type\":\"WebSite\",\"@id\":\"https:\/\/fcgma.org\/#website\",\"url\":\"https:\/\/fcgma.org\/\",\"name\":\"FCGMA\",\"description\":\"Fox Canyon Groundwater Management Agency\",\"publisher\":{\"@id\":\"https:\/\/fcgma.org\/#organization\"},\"potentialAction\":[{\"@type\":\"SearchAction\",\"target\":{\"@type\":\"EntryPoint\",\"urlTemplate\":\"https:\/\/fcgma.org\/?s={search_term_string}\"},\"query-input\":{\"@type\":\"PropertyValueSpecification\",\"valueRequired\":true,\"valueName\":\"search_term_string\"}}],\"inLanguage\":\"es\"},{\"@type\":\"Organization\",\"@id\":\"https:\/\/fcgma.org\/#organization\",\"name\":\"Fox Canyon General Management Agency\",\"url\":\"https:\/\/fcgma.org\/\",\"logo\":{\"@type\":\"ImageObject\",\"inLanguage\":\"es\",\"@id\":\"https:\/\/fcgma.org\/#\/schema\/logo\/image\/\",\"url\":\"https:\/\/fcgma.org\/wp-content\/uploads\/2022\/04\/fcgma-logo-v2.png\",\"contentUrl\":\"https:\/\/fcgma.org\/wp-content\/uploads\/2022\/04\/fcgma-logo-v2.png\",\"width\":310,\"height\":310,\"caption\":\"Fox Canyon General Management Agency\"},\"image\":{\"@id\":\"https:\/\/fcgma.org\/#\/schema\/logo\/image\/\"}}]}<\/script>\n<!-- \/ Yoast SEO plugin. -->","yoast_head_json":{"title":"Gu\u00eda del usuario de la cuenta en l\u00ednea de FCGMA - FCGMA","robots":{"index":"index","follow":"follow","max-snippet":"max-snippet:-1","max-image-preview":"max-image-preview:large","max-video-preview":"max-video-preview:-1"},"canonical":"https:\/\/fcgma.org\/es\/fcgma-online-account-user-guide\/","og_locale":"es_MX","og_type":"article","og_title":"FCGMA Online Account User Guide - FCGMA","og_description":"FCGMA Online Account User Guide Guide to Reporting Online &#8211; 2024","og_url":"https:\/\/fcgma.org\/es\/fcgma-online-account-user-guide\/","og_site_name":"FCGMA","article_modified_time":"2025-01-30T21:18:43+00:00","twitter_card":"summary_large_image","twitter_misc":{"Tiempo de lectura":"1 minuto"},"schema":{"@context":"https:\/\/schema.org","@graph":[{"@type":"WebPage","@id":"https:\/\/fcgma.org\/fcgma-online-account-user-guide\/","url":"https:\/\/fcgma.org\/fcgma-online-account-user-guide\/","name":"Gu\u00eda del usuario de la cuenta en l\u00ednea de FCGMA - FCGMA","isPartOf":{"@id":"https:\/\/fcgma.org\/#website"},"datePublished":"2022-06-03T17:34:55+00:00","dateModified":"2025-01-30T21:18:43+00:00","breadcrumb":{"@id":"https:\/\/fcgma.org\/fcgma-online-account-user-guide\/#breadcrumb"},"inLanguage":"es","potentialAction":[{"@type":"ReadAction","target":["https:\/\/fcgma.org\/fcgma-online-account-user-guide\/"]}]},{"@type":"BreadcrumbList","@id":"https:\/\/fcgma.org\/fcgma-online-account-user-guide\/#breadcrumb","itemListElement":[{"@type":"ListItem","position":1,"name":"Home","item":"https:\/\/fcgma.org\/"},{"@type":"ListItem","position":2,"name":"FCGMA Online Account User Guide"}]},{"@type":"WebSite","@id":"https:\/\/fcgma.org\/#website","url":"https:\/\/fcgma.org\/","name":"FCGMA","description":"Agencia de Gesti\u00f3n de Aguas Subterr\u00e1neas de Fox Canyon","publisher":{"@id":"https:\/\/fcgma.org\/#organization"},"potentialAction":[{"@type":"SearchAction","target":{"@type":"EntryPoint","urlTemplate":"https:\/\/fcgma.org\/?s={search_term_string}"},"query-input":{"@type":"PropertyValueSpecification","valueRequired":true,"valueName":"search_term_string"}}],"inLanguage":"es"},{"@type":"Organization","@id":"https:\/\/fcgma.org\/#organization","name":"Agencia de Gesti\u00f3n General de Fox Canyon","url":"https:\/\/fcgma.org\/","logo":{"@type":"ImageObject","inLanguage":"es","@id":"https:\/\/fcgma.org\/#\/schema\/logo\/image\/","url":"https:\/\/fcgma.org\/wp-content\/uploads\/2022\/04\/fcgma-logo-v2.png","contentUrl":"https:\/\/fcgma.org\/wp-content\/uploads\/2022\/04\/fcgma-logo-v2.png","width":310,"height":310,"caption":"Fox Canyon General Management Agency"},"image":{"@id":"https:\/\/fcgma.org\/#\/schema\/logo\/image\/"}}]}},"ticketed":false,"_links":{"self":[{"href":"https:\/\/fcgma.org\/es\/wp-json\/wp\/v2\/pages\/3076","targetHints":{"allow":["GET"]}}],"collection":[{"href":"https:\/\/fcgma.org\/es\/wp-json\/wp\/v2\/pages"}],"about":[{"href":"https:\/\/fcgma.org\/es\/wp-json\/wp\/v2\/types\/page"}],"author":[{"embeddable":true,"href":"https:\/\/fcgma.org\/es\/wp-json\/wp\/v2\/users\/11"}],"replies":[{"embeddable":true,"href":"https:\/\/fcgma.org\/es\/wp-json\/wp\/v2\/comments?post=3076"}],"version-history":[{"count":10,"href":"https:\/\/fcgma.org\/es\/wp-json\/wp\/v2\/pages\/3076\/revisions"}],"predecessor-version":[{"id":3087,"href":"https:\/\/fcgma.org\/es\/wp-json\/wp\/v2\/pages\/3076\/revisions\/3087"}],"wp:attachment":[{"href":"https:\/\/fcgma.org\/es\/wp-json\/wp\/v2\/media?parent=3076"}],"curies":[{"name":"gracias","href":"https:\/\/api.w.org\/{rel}","templated":true}]}}