{"id":2771,"date":"2022-05-27T11:22:24","date_gmt":"2022-05-27T18:22:24","guid":{"rendered":"https:\/\/fcgma.org\/?page_id=2771"},"modified":"2025-05-05T09:18:30","modified_gmt":"2025-05-05T16:18:30","slug":"forms","status":"publish","type":"page","link":"https:\/\/fcgma.org\/es\/public-documents\/forms\/","title":{"rendered":"Formularios"},"content":{"rendered":"<div data-elementor-type=\"wp-page\" data-elementor-id=\"2771\" class=\"elementor elementor-2771\" data-elementor-post-type=\"page\">\n\t\t\t\t\t\t<section class=\"elementor-section elementor-top-section elementor-element elementor-element-297243e7 elementor-section-boxed elementor-section-height-default elementor-section-height-default\" data-id=\"297243e7\" data-element_type=\"section\" data-e-type=\"section\">\n\t\t\t\t\t\t<div class=\"elementor-container elementor-column-gap-default\">\n\t\t\t\t\t<div class=\"elementor-column elementor-col-100 elementor-top-column elementor-element elementor-element-21b80055\" data-id=\"21b80055\" data-element_type=\"column\" data-e-type=\"column\">\n\t\t\t<div class=\"elementor-widget-wrap elementor-element-populated\">\n\t\t\t\t\t\t<div class=\"elementor-element elementor-element-4857c0f elementor-widget elementor-widget-page-title\" data-id=\"4857c0f\" data-element_type=\"widget\" data-e-type=\"widget\" data-settings=\"{&quot;align&quot;:&quot;center&quot;}\" data-widget_type=\"page-title.default\">\n\t\t\t\t<div class=\"elementor-widget-container\">\n\t\t\t\t\t\t\t\n\t\t<div class=\"hfe-page-title hfe-page-title-wrapper elementor-widget-heading\">\n\n\t\t\t\t\t\t\t\t<h2 class=\"elementor-heading-title elementor-size-default\">\n\t\t\t\t\t\t\t\t\n\t\t\t\tFormularios  \n\t\t\t<\/h2> \n\t\t\t\t\t<\/div>\n\t\t\t\t\t\t<\/div>\n\t\t\t\t<\/div>\n\t\t\t\t\t<\/div>\n\t\t<\/div>\n\t\t\t\t\t<\/div>\n\t\t<\/section>\n\t\t\t\t<section class=\"elementor-section elementor-top-section elementor-element elementor-element-a55df64 elementor-section-boxed elementor-section-height-default elementor-section-height-default\" data-id=\"a55df64\" data-element_type=\"section\" data-e-type=\"section\">\n\t\t\t\t\t\t<div class=\"elementor-container elementor-column-gap-default\">\n\t\t\t\t\t<div class=\"elementor-column elementor-col-100 elementor-top-column elementor-element elementor-element-5bace0ce\" data-id=\"5bace0ce\" data-element_type=\"column\" data-e-type=\"column\">\n\t\t\t<div class=\"elementor-widget-wrap elementor-element-populated\">\n\t\t\t\t\t\t<div class=\"elementor-element elementor-element-26e05385 elementor-widget__width-initial elementor-widget elementor-widget-text-editor\" data-id=\"26e05385\" data-element_type=\"widget\" data-e-type=\"widget\" data-widget_type=\"text-editor.default\">\n\t\t\t\t<div class=\"elementor-widget-container\">\n\t\t\t\t\t\t\t\t\t<h3>Navegue a nuestra p\u00e1gina de Formularios actualizada en <a href=\"https:\/\/fcgma.org\/es\/agency-forms\/\" target=\"_blank\" rel=\"noopener\">https:\/\/fcgma.org\/agency-forms\/<\/a>.<\/h3><h4>_________<\/h4><p>\u00a0<\/p><h4><strong>Solicitud de Perforaci\u00f3n de Pozo<\/strong><\/h4><p align=\"justify\"><strong><a href=\"https:\/\/fcgma.org\/wp-content\/uploads\/2024\/10\/No-Fee-FCGMA-Well-Permit-Application-2024.pdf\" target=\"_blank\" rel=\"noopener\">Solicitud de permiso para pozo de agua de FCGMA<\/a> \u2013 <\/strong>\u00a0norte<em>No se cobrar\u00e1 ning\u00fan costo por el permiso. Se requiere para todos los pozos dentro de los l\u00edmites de la Agencia.<\/em><\/p><p><strong>Adem\u00e1s, deber\u00e1 ponerse en contacto con el <a href=\"https:\/\/fcgma.org\/wp-content\/uploads\/2022\/08\/County-Well-Permit-Application-and-Fee-Schedule.pdf\" target=\"_blank\" rel=\"noopener\">Condado de Ventura<\/a> para una solicitud de permiso de pozo. Se requieren permisos para todos los pozos, independientemente del tipo, en todas las \u00e1reas del condado de Ventura, excepto la ciudad de Oxnard. Comun\u00edquese con el <a href=\"https:\/\/www.oxnard.org\/wp-content\/uploads\/2016\/03\/Well-Permit-Application-11-25-09.pdf\" target=\"_blank\" rel=\"noopener\">Ciudad de Oxnard<\/a>\u00a0para permisos de pozos dentro del l\u00edmite de la ciudad.<\/strong><\/p><h4 align=\"justify\"><strong>Registro de pozo<\/strong><\/h4><p><strong><a href=\"\/wp-content\/uploads\/2022\/06\/Registration_Form_-_2015.pdf\" target=\"_blank\" rel=\"noopener\" aria-label=\"Formulario de registro de instalaciones de extracci\u00f3n de aguas subterr\u00e1neas: abrir en una nueva pesta\u00f1a\" data-uw-rm-ext-link=\"\">Formulario de registro de instalaciones de extracci\u00f3n de aguas subterr\u00e1neas<\/a>\u2013\u00a0<\/strong>METRO<em>Cumple con los requisitos del C\u00f3digo de Ordenanzas de la FCGMA, Cap\u00edtulo 2 para registrar un pozo.<\/em><\/p><p><strong><a href=\"\/wp-content\/uploads\/2022\/06\/Authorization_Form.pdf\" target=\"_blank\" rel=\"noopener\" aria-label=\"Formulario de autorizaci\u00f3n - abrir en una nueva pesta\u00f1a\" data-uw-rm-ext-link=\"\">Formulario de autorizaci\u00f3n<\/a>\u00a0\u2013\u00a0<\/strong>A<em>Permite al propietario del pozo designar la responsabilidad a otra persona o entidad.<\/em><\/p><p><em>\u00a0<\/em><\/p><h4 align=\"justify\"><strong>Formas de caudal\u00edmetro<\/strong><\/h4><p align=\"justify\"><a href=\"https:\/\/fcgma.org\/wp-content\/uploads\/2023\/08\/20230810_Flowmeter_Update_Instructions-2.pdf\" target=\"_blank\" rel=\"noopener\" aria-label=\"Instrucciones del formulario de actualizaci\u00f3n del caudal\u00edmetro: abrir en una nueva pesta\u00f1a\" data-uw-rm-ext-link=\"\">Instrucciones del formulario de actualizaci\u00f3n del caudal\u00edmetro<\/a><\/p><p align=\"justify\"><a href=\"https:\/\/fcgma.org\/wp-content\/uploads\/2023\/09\/20230810_FMU_Instructions_FCGMASPANISH.pdf\">Instrucciones del formulario de actualizaci\u00f3n del caudal\u00edmetro<\/a> - (Espa\u00f1ol)<\/p><p align=\"justify\"><a href=\"https:\/\/fcgma.org\/wp-content\/uploads\/2023\/09\/20230809_Flowmeter_Update_Form_Fillable.pdf\" target=\"_blank\" rel=\"noopener\" aria-label=\"Formulario de actualizaci\u00f3n del caudal\u00edmetro: abrir en una nueva pesta\u00f1a\" data-uw-rm-ext-link=\"\">Formulario de actualizaci\u00f3n del caudal\u00edmetro<\/a>\u2013 (PDF rellenable)<\/p><p align=\"justify\"><a href=\"https:\/\/fcgma.org\/wp-content\/uploads\/2023\/08\/20230809_Flowmeter_Calibration_Form_Fillable.pdf\" target=\"_blank\" rel=\"noopener\" aria-label=\"Formulario de calibraci\u00f3n de caudal\u00edmetro: abrir en una nueva pesta\u00f1a\" data-uw-rm-ext-link=\"\">Formulario de calibraci\u00f3n del caudal\u00edmetro<\/a>\u2013 (PDF rellenable)<\/p><p align=\"justify\"><a href=\"https:\/\/fcgma.org\/wp-content\/uploads\/2025\/04\/20250415_Approved_Flowmeter_Calibration_Contractors.pdf\" target=\"_blank\" rel=\"noopener\">Contratistas de calibraci\u00f3n de caudal\u00edmetros aprobados<\/a><\/p><p align=\"justify\"><a href=\"https:\/\/fcgma.org\/wp-content\/uploads\/2023\/10\/Annual_Flowmeter_Exemption_form_10_17_23.pdf\" target=\"_blank\" rel=\"noopener\" aria-label=\"Formulario de exenci\u00f3n de caudal\u00edmetro: abrir en una nueva pesta\u00f1a\" data-uw-rm-ext-link=\"\">Formulario de exenci\u00f3n de caudal\u00edmetro<\/a>\u2013 (PDF rellenable)<\/p><p align=\"justify\"><a href=\"https:\/\/fcgma.org\/wp-content\/uploads\/2023\/06\/2023_AMI_Vendor_List.pdf\" target=\"_blank\" rel=\"noopener\">Lista de proveedores de infraestructura de medici\u00f3n avanzada (AMI)<\/a><\/p><p align=\"justify\"><a href=\"https:\/\/fcgma.org\/wp-content\/uploads\/2023\/11\/AMI_Update_Form_10_17_23.pdf\" target=\"_blank\" rel=\"noopener\" aria-label=\"Formulario de actualizaci\u00f3n de la infraestructura de medici\u00f3n avanzada: abrir en una nueva pesta\u00f1a\" data-uw-rm-ext-link=\"\">Formulario de actualizaci\u00f3n de la infraestructura de medici\u00f3n avanzada<\/a> \u2013 (PDF rellenable)<\/p><h4><strong>Solicitudes de asignaci\u00f3n y solicitudes de transferencia<\/strong><\/h4><p><a href=\"https:\/\/fcgma.org\/wp-content\/uploads\/2025\/01\/20250109_Form_OPV_AllocationTransfer_V2_fillable.pdf\" target=\"_blank\" rel=\"noopener\">Solicitud de transferencia de asignaci\u00f3n de OPV<\/a> \u2013 Solicitud de transferencia de asignaci\u00f3n entre pozos en las cuencas de Oxnard o Pleasant Valley. (PDF rellenable)<\/p><p><a href=\"https:\/\/fcgma.org\/wp-content\/uploads\/2025\/01\/20250109_Form_LPV_AllocationTransfer_Fillable.pdf\" target=\"_blank\" rel=\"noopener\">Solicitud de transferencia de asignaci\u00f3n de LPV<\/a> \u2013 Solicitud de transferencia de asignaci\u00f3n entre pozos dentro de la Cuenca del Valle de Las Posas \u2013 solo antes de la Sentencia de LPV. (PDF rellenable)<\/p><p><a href=\"\/wp-content\/uploads\/2022\/06\/20200504_Application_for_Allocation_Correction_Transfer_or_Appeal_Form_Fillable.pdf\" target=\"_blank\" rel=\"noopener\" aria-label=\"Solicitud de correcci\u00f3n, transferencia o variaci\u00f3n: solicite una correcci\u00f3n, transferencia de asignaci\u00f3n o asignaci\u00f3n de extracci\u00f3n adicional (PDF rellenable) - abrir en una nueva pesta\u00f1a\" data-uw-rm-ext-link=\"\">Solicitud de Correcci\u00f3n, Transferencia o V<\/a><strong><a href=\"\/wp-content\/uploads\/2022\/06\/20200504_Application_for_Allocation_Correction_Transfer_or_Appeal_Form_Fillable.pdf\" target=\"_blank\" rel=\"noopener\" aria-label=\"Solicitud de correcci\u00f3n, transferencia o variaci\u00f3n: solicite una correcci\u00f3n, transferencia de asignaci\u00f3n o asignaci\u00f3n de extracci\u00f3n adicional (PDF rellenable) - abrir en una nueva pesta\u00f1a\" data-uw-rm-ext-link=\"\">arianza<\/a><\/strong>\u2013 Solicitar correcci\u00f3n, transferencia de asignaci\u00f3n o asignaci\u00f3n de extracci\u00f3n adicional (PDF rellenable)<\/p><p><strong><a href=\"\/wp-content\/uploads\/2022\/06\/20200504_Application_for_Allocation_Correction_Transfer_or_Appeal_Form_Printable.pdf\" target=\"_blank\" rel=\"noopener\" aria-label=\"Solicitud de correcci\u00f3n, transferencia o variaci\u00f3n (PDF imprimible) - abrir en una nueva pesta\u00f1a\" data-uw-rm-ext-link=\"\">Solicitud de correcci\u00f3n, transferencia o variaci\u00f3n\u00a0<\/a><\/strong>\u2013 (PDF imprimible)<\/p><h4 align=\"left\"><strong>Formularios de requisitos de informes adicionales para el a\u00f1o hidrol\u00f3gico 2023\/2024<\/strong><\/h4><p><strong>Cuencas de Oxnard y Pleasant Valley<\/strong><\/p><p><a href=\"https:\/\/fcgma.org\/wp-content\/uploads\/2025\/01\/OPV_Addtl_Rpt_Rqmnts-Form_AG_WY-23-24_Secure.pdf\" target=\"_blank\" rel=\"noopener\">Agr\u00edcola<\/a> operadores no sujetos a\u00a0<a href=\"https:\/\/s42135.pcdn.co\/wp-content\/uploads\/2022\/06\/Ord-to-Establish-an-Allocation-System-for-the-OPV-Groundwater-Basins-with-Amendments.pdf#page=8\" target=\"_blank\" rel=\"noopener\">Art\u00edculo 7.2<\/a>, por <a href=\"https:\/\/s42135.pcdn.co\/wp-content\/uploads\/2022\/06\/Ord-to-Establish-an-Allocation-System-for-the-OPV-Groundwater-Basins-with-Amendments.pdf#page=8\" target=\"_blank\" rel=\"noopener\">Art\u00edculo 7.1<\/a><\/p><p><a href=\"https:\/\/s42135.pcdn.co\/wp-content\/uploads\/2023\/10\/OPV_Addtl_Rpt_Rqmnts_WY_22-23_MI_AG_Infosheet.pdf\" target=\"_blank\" rel=\"noopener\">Compa\u00f1\u00edas Mutuas de Agua, Distritos Especiales y Municipios<\/a>\u00a0suministro de agua subterr\u00e1nea o en su lugar entregas para uso agr\u00edcola, por <a href=\"https:\/\/s42135.pcdn.co\/wp-content\/uploads\/2022\/06\/Ord-to-Establish-an-Allocation-System-for-the-OPV-Groundwater-Basins-with-Amendments.pdf#page=8\" target=\"_blank\" rel=\"noopener\">Art\u00edculo 7.2<\/a><\/p><p><a href=\"https:\/\/fcgma.org\/wp-content\/uploads\/2025\/01\/OPV_Addtl_Rprt_Rqrmts-Form_MI_WY-23-24_Secure.pdf\" target=\"_blank\" rel=\"noopener\">Compa\u00f1\u00edas Mutuas de Agua, Distritos Especiales y Municipios<\/a>\u00a0suministro de agua subterr\u00e1nea o en su lugar entregas para uso municipal y\/o industrial, por\u00a0<a href=\"https:\/\/s42135.pcdn.co\/wp-content\/uploads\/2022\/06\/Ord-to-Establish-an-Allocation-System-for-the-OPV-Groundwater-Basins-with-Amendments.pdf#page=9\" target=\"_blank\" rel=\"noopener\">Art\u00edculo 7.3<\/a><\/p><p><a href=\"https:\/\/fcgma.org\/wp-content\/uploads\/2025\/01\/OPV_Addtl_Rprt_Rqrmts-Form_DOM_MI_WY-23-24_Secure.pdf\" target=\"_blank\" rel=\"noopener\">Operadores dom\u00e9sticos, municipales o industriales<\/a>, por\u00a0<a href=\"https:\/\/s42135.pcdn.co\/wp-content\/uploads\/2022\/06\/Ord-to-Establish-an-Allocation-System-for-the-OPV-Groundwater-Basins-with-Amendments.pdf#page=9\" target=\"_blank\" rel=\"noopener\">Art\u00edculo 7.4<\/a><\/p><p><strong>Cuenca del Valle de Las Posas<\/strong><\/p><p>Los Operadores de Pozos con pozos ubicados en la cuenca del Valle de Las Posas, bajo la autoridad de la Adjudicaci\u00f3n del Valle de Las Posas son <u>no<\/u> requerido para completar los Requisitos de Informes Adicionales para el A\u00f1o Hidrol\u00f3gico 2023\/2024.\u00a0<\/p><h4 align=\"left\"><strong>Evaluaciones de proyectos<\/strong><\/h4><p><strong><a href=\"https:\/\/fcgma.org\/wp-content\/uploads\/2023\/09\/Project_Evaluation_Instructions_20230901-2.pdf\" target=\"_blank\" rel=\"noopener\" aria-label=\"Instrucciones para la evaluaci\u00f3n del proyecto - abrir en una nueva pesta\u00f1a\" data-uw-rm-ext-link=\"\">Instrucciones de evaluaci\u00f3n del proyecto<\/a><\/strong><\/p><p><strong><a href=\"https:\/\/fcgma.org\/wp-content\/uploads\/2023\/08\/Project_Evaluation_Checklist_20230829.xlsx\" target=\"_blank\" rel=\"noopener\" aria-label=\"Lista de verificaci\u00f3n para la evaluaci\u00f3n del proyecto: abrir en una nueva pesta\u00f1a\" data-uw-rm-ext-link=\"\" data-uw-rm-brl=\"PR\" data-uw-original-href=\"https:\/\/fcgma.org\/wp-content\/uploads\/2023\/08\/Project_Evaluation_Checklist_20230829.xlsx\">Lista de verificaci\u00f3n para la evaluaci\u00f3n del proyecto<\/a><\/strong><\/p><p><strong><a href=\"https:\/\/fcgma.org\/wp-content\/uploads\/2023\/08\/Project_Ranking_Sheet_20230628.pdf\" target=\"_blank\" rel=\"noopener\" aria-label=\"Hoja de clasificaci\u00f3n de proyectos: abrir en una nueva pesta\u00f1a\" data-uw-rm-ext-link=\"\">Hoja de clasificaci\u00f3n de proyectos<\/a><\/strong><\/p>\t\t\t\t\t\t\t\t<\/div>\n\t\t\t\t<\/div>\n\t\t\t\t\t<\/div>\n\t\t<\/div>\n\t\t\t\t\t<\/div>\n\t\t<\/section>\n\t\t\t\t<\/div>","protected":false},"excerpt":{"rendered":"<p>Forms Please navigate to our updated Forms page at https:\/\/fcgma.org\/agency-forms\/. _________ \u00a0 Application to Drill a Well FCGMA Water Well Permit Application &#8211; \u00a0No cost or charge for permit. Required [&hellip;]<\/p>\n","protected":false},"author":11,"featured_media":0,"parent":2098,"menu_order":0,"comment_status":"closed","ping_status":"closed","template":"","meta":{"_price":"","_stock":"","_tribe_ticket_header":"","_tribe_default_ticket_provider":"","_tribe_ticket_capacity":"0","_ticket_start_date":"","_ticket_end_date":"","_tribe_ticket_show_description":"","_tribe_ticket_show_not_going":false,"_tribe_ticket_use_global_stock":"","_tribe_ticket_global_stock_level":"","_global_stock_mode":"","_global_stock_cap":"","_tribe_rsvp_for_event":"","_tribe_ticket_going_count":"","_tribe_ticket_not_going_count":"","_tribe_tickets_list":"[]","_tribe_ticket_has_attendee_info_fields":false,"footnotes":"","_tec_slr_enabled":"","_tec_slr_layout":""},"class_list":["post-2771","page","type-page","status-publish","hentry"],"yoast_head":"<!-- This site is optimized with the Yoast SEO plugin v26.8 - https:\/\/yoast.com\/product\/yoast-seo-wordpress\/ -->\n<title>Forms - FCGMA<\/title>\n<meta name=\"robots\" content=\"index, follow, max-snippet:-1, max-image-preview:large, max-video-preview:-1\" \/>\n<link rel=\"canonical\" href=\"https:\/\/fcgma.org\/es\/public-documents\/forms\/\" \/>\n<meta property=\"og:locale\" content=\"es_MX\" \/>\n<meta property=\"og:type\" content=\"article\" \/>\n<meta property=\"og:title\" content=\"Forms - FCGMA\" \/>\n<meta property=\"og:description\" content=\"Forms Please navigate to our updated Forms page at https:\/\/fcgma.org\/agency-forms\/. _________ \u00a0 Application to Drill a Well FCGMA Water Well Permit Application &#8211; \u00a0No cost or charge for permit. Required [&hellip;]\" \/>\n<meta property=\"og:url\" content=\"https:\/\/fcgma.org\/es\/public-documents\/forms\/\" \/>\n<meta property=\"og:site_name\" content=\"FCGMA\" \/>\n<meta property=\"article:modified_time\" content=\"2025-05-05T16:18:30+00:00\" \/>\n<meta name=\"twitter:card\" content=\"summary_large_image\" \/>\n<meta name=\"twitter:label1\" content=\"Tiempo de lectura\" \/>\n\t<meta name=\"twitter:data1\" content=\"2 minutos\" \/>\n<script type=\"application\/ld+json\" class=\"yoast-schema-graph\">{\"@context\":\"https:\/\/schema.org\",\"@graph\":[{\"@type\":\"WebPage\",\"@id\":\"https:\/\/fcgma.org\/public-documents\/forms\/\",\"url\":\"https:\/\/fcgma.org\/public-documents\/forms\/\",\"name\":\"Forms - FCGMA\",\"isPartOf\":{\"@id\":\"https:\/\/fcgma.org\/#website\"},\"datePublished\":\"2022-05-27T18:22:24+00:00\",\"dateModified\":\"2025-05-05T16:18:30+00:00\",\"breadcrumb\":{\"@id\":\"https:\/\/fcgma.org\/public-documents\/forms\/#breadcrumb\"},\"inLanguage\":\"es\",\"potentialAction\":[{\"@type\":\"ReadAction\",\"target\":[\"https:\/\/fcgma.org\/public-documents\/forms\/\"]}]},{\"@type\":\"BreadcrumbList\",\"@id\":\"https:\/\/fcgma.org\/public-documents\/forms\/#breadcrumb\",\"itemListElement\":[{\"@type\":\"ListItem\",\"position\":1,\"name\":\"Home\",\"item\":\"https:\/\/fcgma.org\/\"},{\"@type\":\"ListItem\",\"position\":2,\"name\":\"Public Meetings &amp; Documents\",\"item\":\"https:\/\/fcgma.org\/public-documents\/\"},{\"@type\":\"ListItem\",\"position\":3,\"name\":\"Forms\"}]},{\"@type\":\"WebSite\",\"@id\":\"https:\/\/fcgma.org\/#website\",\"url\":\"https:\/\/fcgma.org\/\",\"name\":\"FCGMA\",\"description\":\"Fox Canyon Groundwater Management Agency\",\"publisher\":{\"@id\":\"https:\/\/fcgma.org\/#organization\"},\"potentialAction\":[{\"@type\":\"SearchAction\",\"target\":{\"@type\":\"EntryPoint\",\"urlTemplate\":\"https:\/\/fcgma.org\/?s={search_term_string}\"},\"query-input\":{\"@type\":\"PropertyValueSpecification\",\"valueRequired\":true,\"valueName\":\"search_term_string\"}}],\"inLanguage\":\"es\"},{\"@type\":\"Organization\",\"@id\":\"https:\/\/fcgma.org\/#organization\",\"name\":\"Fox Canyon General Management Agency\",\"url\":\"https:\/\/fcgma.org\/\",\"logo\":{\"@type\":\"ImageObject\",\"inLanguage\":\"es\",\"@id\":\"https:\/\/fcgma.org\/#\/schema\/logo\/image\/\",\"url\":\"https:\/\/fcgma.org\/wp-content\/uploads\/2022\/04\/fcgma-logo-v2.png\",\"contentUrl\":\"https:\/\/fcgma.org\/wp-content\/uploads\/2022\/04\/fcgma-logo-v2.png\",\"width\":310,\"height\":310,\"caption\":\"Fox Canyon General Management Agency\"},\"image\":{\"@id\":\"https:\/\/fcgma.org\/#\/schema\/logo\/image\/\"}}]}<\/script>\n<!-- \/ Yoast SEO plugin. -->","yoast_head_json":{"title":"Formularios - FCGMA","robots":{"index":"index","follow":"follow","max-snippet":"max-snippet:-1","max-image-preview":"max-image-preview:large","max-video-preview":"max-video-preview:-1"},"canonical":"https:\/\/fcgma.org\/es\/public-documents\/forms\/","og_locale":"es_MX","og_type":"article","og_title":"Forms - FCGMA","og_description":"Forms Please navigate to our updated Forms page at https:\/\/fcgma.org\/agency-forms\/. _________ \u00a0 Application to Drill a Well FCGMA Water Well Permit Application &#8211; \u00a0No cost or charge for permit. Required [&hellip;]","og_url":"https:\/\/fcgma.org\/es\/public-documents\/forms\/","og_site_name":"FCGMA","article_modified_time":"2025-05-05T16:18:30+00:00","twitter_card":"summary_large_image","twitter_misc":{"Tiempo de lectura":"2 minutos"},"schema":{"@context":"https:\/\/schema.org","@graph":[{"@type":"WebPage","@id":"https:\/\/fcgma.org\/public-documents\/forms\/","url":"https:\/\/fcgma.org\/public-documents\/forms\/","name":"Formularios - FCGMA","isPartOf":{"@id":"https:\/\/fcgma.org\/#website"},"datePublished":"2022-05-27T18:22:24+00:00","dateModified":"2025-05-05T16:18:30+00:00","breadcrumb":{"@id":"https:\/\/fcgma.org\/public-documents\/forms\/#breadcrumb"},"inLanguage":"es","potentialAction":[{"@type":"ReadAction","target":["https:\/\/fcgma.org\/public-documents\/forms\/"]}]},{"@type":"BreadcrumbList","@id":"https:\/\/fcgma.org\/public-documents\/forms\/#breadcrumb","itemListElement":[{"@type":"ListItem","position":1,"name":"Home","item":"https:\/\/fcgma.org\/"},{"@type":"ListItem","position":2,"name":"Public Meetings &amp; Documents","item":"https:\/\/fcgma.org\/public-documents\/"},{"@type":"ListItem","position":3,"name":"Forms"}]},{"@type":"WebSite","@id":"https:\/\/fcgma.org\/#website","url":"https:\/\/fcgma.org\/","name":"FCGMA","description":"Agencia de Gesti\u00f3n de Aguas Subterr\u00e1neas de Fox Canyon","publisher":{"@id":"https:\/\/fcgma.org\/#organization"},"potentialAction":[{"@type":"SearchAction","target":{"@type":"EntryPoint","urlTemplate":"https:\/\/fcgma.org\/?s={search_term_string}"},"query-input":{"@type":"PropertyValueSpecification","valueRequired":true,"valueName":"search_term_string"}}],"inLanguage":"es"},{"@type":"Organization","@id":"https:\/\/fcgma.org\/#organization","name":"Agencia de Gesti\u00f3n General de Fox Canyon","url":"https:\/\/fcgma.org\/","logo":{"@type":"ImageObject","inLanguage":"es","@id":"https:\/\/fcgma.org\/#\/schema\/logo\/image\/","url":"https:\/\/fcgma.org\/wp-content\/uploads\/2022\/04\/fcgma-logo-v2.png","contentUrl":"https:\/\/fcgma.org\/wp-content\/uploads\/2022\/04\/fcgma-logo-v2.png","width":310,"height":310,"caption":"Fox Canyon General Management Agency"},"image":{"@id":"https:\/\/fcgma.org\/#\/schema\/logo\/image\/"}}]}},"ticketed":false,"_links":{"self":[{"href":"https:\/\/fcgma.org\/es\/wp-json\/wp\/v2\/pages\/2771","targetHints":{"allow":["GET"]}}],"collection":[{"href":"https:\/\/fcgma.org\/es\/wp-json\/wp\/v2\/pages"}],"about":[{"href":"https:\/\/fcgma.org\/es\/wp-json\/wp\/v2\/types\/page"}],"author":[{"embeddable":true,"href":"https:\/\/fcgma.org\/es\/wp-json\/wp\/v2\/users\/11"}],"replies":[{"embeddable":true,"href":"https:\/\/fcgma.org\/es\/wp-json\/wp\/v2\/comments?post=2771"}],"version-history":[{"count":3,"href":"https:\/\/fcgma.org\/es\/wp-json\/wp\/v2\/pages\/2771\/revisions"}],"predecessor-version":[{"id":6324,"href":"https:\/\/fcgma.org\/es\/wp-json\/wp\/v2\/pages\/2771\/revisions\/6324"}],"up":[{"embeddable":true,"href":"https:\/\/fcgma.org\/es\/wp-json\/wp\/v2\/pages\/2098"}],"wp:attachment":[{"href":"https:\/\/fcgma.org\/es\/wp-json\/wp\/v2\/media?parent=2771"}],"curies":[{"name":"gracias","href":"https:\/\/api.w.org\/{rel}","templated":true}]}}