{"id":2104,"date":"2022-05-20T23:02:45","date_gmt":"2022-05-20T23:02:45","guid":{"rendered":"https:\/\/fcgma.org\/?page_id=2104"},"modified":"2026-04-20T12:03:03","modified_gmt":"2026-04-20T19:03:03","slug":"board-agendas-broadcasts-minutes","status":"publish","type":"page","link":"https:\/\/fcgma.org\/es\/board-agendas-broadcasts-minutes\/","title":{"rendered":"\u00d3rdenes del d\u00eda, transmisiones y actas de la junta"},"content":{"rendered":"<div data-elementor-type=\"wp-page\" data-elementor-id=\"2104\" class=\"elementor elementor-2104\" data-elementor-post-type=\"page\">\n\t\t\t\t\t\t<section class=\"elementor-section elementor-top-section elementor-element elementor-element-79451cc elementor-section-height-min-height elementor-section-boxed elementor-section-height-default elementor-section-items-middle\" data-id=\"79451cc\" data-element_type=\"section\" data-e-type=\"section\" data-settings=\"{&quot;background_background&quot;:&quot;classic&quot;}\">\n\t\t\t\t\t\t<div class=\"elementor-container elementor-column-gap-no\">\n\t\t\t\t\t<div class=\"elementor-column elementor-col-100 elementor-top-column elementor-element elementor-element-ae2b109\" data-id=\"ae2b109\" data-element_type=\"column\" data-e-type=\"column\">\n\t\t\t<div class=\"elementor-widget-wrap elementor-element-populated\">\n\t\t\t\t\t\t<div class=\"elementor-element elementor-element-cc93309 elementor-widget elementor-widget-page-title\" data-id=\"cc93309\" data-element_type=\"widget\" data-e-type=\"widget\" data-settings=\"{&quot;align&quot;:&quot;center&quot;}\" data-widget_type=\"page-title.default\">\n\t\t\t\t<div class=\"elementor-widget-container\">\n\t\t\t\t\t\t\t\n\t\t<div class=\"hfe-page-title hfe-page-title-wrapper elementor-widget-heading\">\n\n\t\t\t\t\t\t\t\t<h2 class=\"elementor-heading-title elementor-size-default\">\n\t\t\t\t\t\t\t\t\n\t\t\t\t\u00d3rdenes del d\u00eda, transmisiones y actas de la junta  \n\t\t\t<\/h2> \n\t\t\t\t\t<\/div>\n\t\t\t\t\t\t<\/div>\n\t\t\t\t<\/div>\n\t\t\t\t<div class=\"elementor-element elementor-element-d7f8c98 elementor-widget elementor-widget-html\" data-id=\"d7f8c98\" data-element_type=\"widget\" data-e-type=\"widget\" data-widget_type=\"html.default\">\n\t\t\t\t<div class=\"elementor-widget-container\">\n\t\t\t\t\t\n\n<iframe title =\"Reuniones actuales y futuras\" src=\"https:\/\/ventura.primegov.com\/public\/portal?committee=86&amp;fromiframe=1\" width=\"100%\" height=\"1200px\" frameborder=\"2\" scrolling=\"yes\"><\/iframe>\n<br><\/br>\n\n\t\t\t\t<\/div>\n\t\t\t\t<\/div>\n\t\t\t\t\t<\/div>\n\t\t<\/div>\n\t\t\t\t\t<\/div>\n\t\t<\/section>\n\t\t<div class=\"elementor-element elementor-element-c11c42e e-flex e-con-boxed e-con e-parent\" data-id=\"c11c42e\" data-element_type=\"container\" data-e-type=\"container\">\n\t\t\t\t\t<div class=\"e-con-inner\">\n\t\t\t\t<div class=\"elementor-element elementor-element-c37fb1b elementor-widget elementor-widget-text-editor\" data-id=\"c37fb1b\" data-element_type=\"widget\" data-e-type=\"widget\" data-widget_type=\"text-editor.default\">\n\t\t\t\t<div class=\"elementor-widget-container\">\n\t\t\t\t\t\t\t\t\t<ul><li>Esta p\u00e1gina est\u00e1 dedicada a la informaci\u00f3n sobre las reuniones de la Junta Directiva de FCGMA. Para obtener informaci\u00f3n sobre las reuniones de los comit\u00e9s, <a href=\"https:\/\/fcgma.org\/es\/committee-meetings\/\" target=\"_blank\" rel=\"noopener\">Por favor, dir\u00edjase a la p\u00e1gina de reuniones del Comit\u00e9.<\/a>.<\/li><li>Revisa este breve <a href=\"https:\/\/fcgma.org\/wp-content\/uploads\/2025\/04\/How-to-Search-Publicly-Available-FCGMA-Board-Agenda-Materials.pdf\" target=\"_blank\" rel=\"noopener\">Gu\u00eda pr\u00e1ctica con consejos para buscar materiales indexados de reuniones de la junta directiva<\/a> disponible al p\u00fablico.<\/li><li>Para ser agregado a nuestra lista de notificaciones de reuniones, <a href=\"mailto:fcgma@venturacounty.gov?subject=FCGMA Notification List Addition Request &amp;body=Please add me to your notification list. My full name and preferred email address are:\" target=\"_blank\" rel=\"noopener\">Por favor env\u00edenos un correo electr\u00f3nico con su solicitud.<\/a>.<\/li><\/ul>\t\t\t\t\t\t\t\t<\/div>\n\t\t\t\t<\/div>\n\t\t\t\t\t<\/div>\n\t\t\t\t<\/div>\n\t\t<div class=\"elementor-element elementor-element-706158e e-flex e-con-boxed e-con e-parent\" data-id=\"706158e\" data-element_type=\"container\" data-e-type=\"container\" id=\"2025_Reg_Mtg_Schedule\">\n\t\t\t\t\t<div class=\"e-con-inner\">\n\t\t\t\t<div class=\"elementor-element elementor-element-8928215 elementor-widget__width-initial elementor-widget elementor-widget-heading\" data-id=\"8928215\" data-element_type=\"widget\" data-e-type=\"widget\" data-widget_type=\"heading.default\">\n\t\t\t\t<div class=\"elementor-widget-container\">\n\t\t\t\t\t<h2 class=\"elementor-heading-title elementor-size-default\">Calendario de reuniones ordinarias de la Junta Directiva para 2026<\/h2>\t\t\t\t<\/div>\n\t\t\t\t<\/div>\n\t\t\t\t\t<\/div>\n\t\t\t\t<\/div>\n\t\t<div class=\"elementor-element elementor-element-fa77be9 e-flex e-con-boxed e-con e-parent\" data-id=\"fa77be9\" data-element_type=\"container\" data-e-type=\"container\">\n\t\t\t\t\t<div class=\"e-con-inner\">\n\t\t\t\t<div class=\"elementor-element elementor-element-d44464f elementor-widget__width-initial elementor-widget elementor-widget-text-editor\" data-id=\"d44464f\" data-element_type=\"widget\" data-e-type=\"widget\" data-widget_type=\"text-editor.default\">\n\t\t\t\t<div class=\"elementor-widget-container\">\n\t\t\t\t\t\t\t\t\t<p>\u00a0<\/p><table width=\"636\"><tbody><tr><td width=\"138\"><p><strong>FECHA<\/strong><\/p><\/td><td width=\"120\"><p><strong>D\u00cdA<\/strong><\/p><\/td><td width=\"144\"><p><strong>TIEMPO<\/strong><\/p><\/td><td width=\"234\"><p><strong>UBICACI\u00d3N<\/strong><\/p><\/td><\/tr><tr><td width=\"138\"><p>28 de enero\u00a0<\/p><\/td><td width=\"120\"><p>Mi\u00e9rcoles<\/p><\/td><td width=\"144\"><p>12:30 a 16:00 horas<\/p><\/td><td width=\"234\"><p>Sala de Audiencias de la Junta de Supervisi\u00f3n<\/p><\/td><\/tr><tr><td width=\"138\"><p>25 de febrero<\/p><\/td><td width=\"120\"><p>Mi\u00e9rcoles<\/p><\/td><td width=\"144\"><p>12:30 a 16:00 horas<\/p><\/td><td width=\"234\"><p>Sala de Audiencias de la Junta de Supervisi\u00f3n<\/p><\/td><\/tr><tr><td width=\"138\"><p>25 de marzo<\/p><\/td><td width=\"120\"><p>Mi\u00e9rcoles<\/p><\/td><td width=\"144\"><p>12:30 a 16:00 horas<\/p><\/td><td width=\"234\"><p>Sala de Audiencias de la Junta de Supervisi\u00f3n<\/p><\/td><\/tr><tr><td width=\"138\"><p>22 de abril<\/p><\/td><td width=\"120\"><p>Mi\u00e9rcoles<\/p><\/td><td width=\"144\"><p>12:30 a 16:00 horas<\/p><\/td><td width=\"234\"><p>Sala de Audiencias de la Junta de Supervisi\u00f3n<\/p><\/td><\/tr><tr><td width=\"138\"><p>27 de mayo<\/p><\/td><td width=\"120\"><p>Mi\u00e9rcoles<\/p><\/td><td width=\"144\"><p>12:30 a 16:00 horas<\/p><\/td><td width=\"234\"><p>Sala de Audiencias de la Junta de Supervisi\u00f3n<\/p><\/td><\/tr><tr><td width=\"138\"><p>24 de junio<\/p><\/td><td width=\"120\"><p>Mi\u00e9rcoles<\/p><\/td><td width=\"144\"><p>12:30 a 16:00 horas<\/p><\/td><td width=\"234\"><p>Sala de Audiencias de la Junta de Supervisi\u00f3n<\/p><\/td><\/tr><tr><td width=\"138\"><p>22 de julio<\/p><\/td><td width=\"120\"><p>Mi\u00e9rcoles<\/p><\/td><td width=\"144\"><p>13:30 a 16:00 horas<\/p><\/td><td width=\"234\"><p>Sala de usos m\u00faltiples<\/p><\/td><\/tr><tr><td width=\"138\"><p>26 de agosto<\/p><\/td><td width=\"120\"><p>Mi\u00e9rcoles<\/p><\/td><td width=\"144\"><p>12:30 a 16:00 horas<\/p><\/td><td width=\"234\"><p>Sala de Audiencias de la Junta de Supervisi\u00f3n<\/p><\/td><\/tr><tr><td width=\"138\"><p>23 de septiembre<\/p><\/td><td width=\"120\"><p>Mi\u00e9rcoles<\/p><\/td><td width=\"144\"><p>12:30 a 16:00 horas<\/p><\/td><td width=\"234\"><p>Sala de Audiencias de la Junta de Supervisi\u00f3n<\/p><\/td><\/tr><tr><td width=\"138\"><p>28 de octubre<\/p><\/td><td width=\"120\"><p>Mi\u00e9rcoles<\/p><\/td><td width=\"144\"><p>12:30 a 16:00 horas<\/p><\/td><td width=\"234\"><p>Sala de Audiencias de la Junta de Supervisi\u00f3n<\/p><\/td><\/tr><tr><td width=\"138\"><p>Noviembre<\/p><\/td><td width=\"120\"><p>NINGUNO<\/p><\/td><td width=\"144\"><p>N \/ A<\/p><\/td><td width=\"234\"><p>N \/ A<\/p><\/td><\/tr><tr><td width=\"138\"><p>9 de diciembre<\/p><\/td><td width=\"120\"><p>Mi\u00e9rcoles<\/p><\/td><td width=\"144\"><p>12:30 a 16:00 horas<\/p><\/td><td width=\"234\"><p>Sala de Audiencias de la Junta de Supervisi\u00f3n<\/p><\/td><\/tr><\/tbody><\/table><p>Las reuniones de noviembre y diciembre generalmente se combinan para adaptarse a los calendarios de vacaciones.<\/p><p>Todas las reuniones regulares se llevar\u00e1n a cabo en el Centro de Gobierno del Condado de Ventura, Edificio de Administraci\u00f3n, en la Sala de Audiencias de la Junta de Supervisores del Condado. <em>(fuera del vest\u00edbulo principal)<\/em> en 800 South Victoria Avenue, Ventura, California, a menos que se indique lo contrario.\u00a0<\/p><p>Es posible que se produzcan cancelaciones o modificaciones, por lo que le rogamos que consulte los cambios cada mes.\u00a0<\/p>\t\t\t\t\t\t\t\t<\/div>\n\t\t\t\t<\/div>\n\t\t\t\t\t<\/div>\n\t\t\t\t<\/div>\n\t\t\t\t<\/div>","protected":false},"excerpt":{"rendered":"<p>Board Agendas, Broadcasts, &#038; Minutes This page is dedicated to FCGMA Board meeting information. For Committee meeting information, please head to the Committee meetings page. Review this short &#8220;how-to&#8221; guide [&hellip;]<\/p>\n","protected":false},"author":11,"featured_media":0,"parent":0,"menu_order":0,"comment_status":"closed","ping_status":"closed","template":"","meta":{"_price":"","_stock":"","_tribe_ticket_header":"","_tribe_default_ticket_provider":"","_tribe_ticket_capacity":"0","_ticket_start_date":"","_ticket_end_date":"","_tribe_ticket_show_description":"","_tribe_ticket_show_not_going":false,"_tribe_ticket_use_global_stock":"","_tribe_ticket_global_stock_level":"","_global_stock_mode":"","_global_stock_cap":"","_tribe_rsvp_for_event":"","_tribe_ticket_going_count":"","_tribe_ticket_not_going_count":"","_tribe_tickets_list":"[]","_tribe_ticket_has_attendee_info_fields":false,"footnotes":"","_tec_slr_enabled":"","_tec_slr_layout":""},"class_list":["post-2104","page","type-page","status-publish","hentry"],"ticketed":false,"_links":{"self":[{"href":"https:\/\/fcgma.org\/es\/wp-json\/wp\/v2\/pages\/2104","targetHints":{"allow":["GET"]}}],"collection":[{"href":"https:\/\/fcgma.org\/es\/wp-json\/wp\/v2\/pages"}],"about":[{"href":"https:\/\/fcgma.org\/es\/wp-json\/wp\/v2\/types\/page"}],"author":[{"embeddable":true,"href":"https:\/\/fcgma.org\/es\/wp-json\/wp\/v2\/users\/11"}],"replies":[{"embeddable":true,"href":"https:\/\/fcgma.org\/es\/wp-json\/wp\/v2\/comments?post=2104"}],"version-history":[{"count":3,"href":"https:\/\/fcgma.org\/es\/wp-json\/wp\/v2\/pages\/2104\/revisions"}],"predecessor-version":[{"id":10847,"href":"https:\/\/fcgma.org\/es\/wp-json\/wp\/v2\/pages\/2104\/revisions\/10847"}],"wp:attachment":[{"href":"https:\/\/fcgma.org\/es\/wp-json\/wp\/v2\/media?parent=2104"}],"curies":[{"name":"gracias","href":"https:\/\/api.w.org\/{rel}","templated":true}]}}