{"id":2098,"date":"2022-05-20T23:00:47","date_gmt":"2022-05-20T23:00:47","guid":{"rendered":"https:\/\/fcgma.org\/?page_id=2098"},"modified":"2025-04-28T15:00:36","modified_gmt":"2025-04-28T22:00:36","slug":"public-documents","status":"publish","type":"page","link":"https:\/\/fcgma.org\/es\/public-documents\/","title":{"rendered":"Reuniones p\u00fablicas y documentos"},"content":{"rendered":"<div data-elementor-type=\"wp-page\" data-elementor-id=\"2098\" class=\"elementor elementor-2098\" data-elementor-post-type=\"page\">\n\t\t\t\t\t\t<section class=\"elementor-section elementor-top-section elementor-element elementor-element-76fc4d97 elementor-section-boxed elementor-section-height-default elementor-section-height-default\" data-id=\"76fc4d97\" data-element_type=\"section\" data-e-type=\"section\">\n\t\t\t\t\t\t<div class=\"elementor-container elementor-column-gap-default\">\n\t\t\t\t\t<div class=\"elementor-column elementor-col-100 elementor-top-column elementor-element elementor-element-7d8159c2\" data-id=\"7d8159c2\" data-element_type=\"column\" data-e-type=\"column\">\n\t\t\t<div class=\"elementor-widget-wrap elementor-element-populated\">\n\t\t\t\t\t\t<div class=\"elementor-element elementor-element-2852f703 elementor-widget elementor-widget-page-title\" data-id=\"2852f703\" data-element_type=\"widget\" data-e-type=\"widget\" data-settings=\"{&quot;align&quot;:&quot;center&quot;}\" data-widget_type=\"page-title.default\">\n\t\t\t\t<div class=\"elementor-widget-container\">\n\t\t\t\t\t\t\t\n\t\t<div class=\"hfe-page-title hfe-page-title-wrapper elementor-widget-heading\">\n\n\t\t\t\t\t\t\t\t<h2 class=\"elementor-heading-title elementor-size-default\">\n\t\t\t\t\t\t\t\t\n\t\t\t\tReuniones p\u00fablicas y documentos  \n\t\t\t<\/h2> \n\t\t\t\t\t<\/div>\n\t\t\t\t\t\t<\/div>\n\t\t\t\t<\/div>\n\t\t\t\t\t<\/div>\n\t\t<\/div>\n\t\t\t\t\t<\/div>\n\t\t<\/section>\n\t\t\t\t<section class=\"elementor-section elementor-top-section elementor-element elementor-element-6980016 elementor-section-boxed elementor-section-height-default elementor-section-height-default\" data-id=\"6980016\" data-element_type=\"section\" data-e-type=\"section\">\n\t\t\t\t\t\t<div class=\"elementor-container elementor-column-gap-default\">\n\t\t\t\t\t<div class=\"elementor-column elementor-col-100 elementor-top-column elementor-element elementor-element-6a22041d\" data-id=\"6a22041d\" data-element_type=\"column\" data-e-type=\"column\">\n\t\t\t<div class=\"elementor-widget-wrap elementor-element-populated\">\n\t\t\t\t\t\t<div class=\"elementor-element elementor-element-3b67454c elementor-widget elementor-widget-text-editor\" data-id=\"3b67454c\" data-element_type=\"widget\" data-e-type=\"widget\" data-widget_type=\"text-editor.default\">\n\t\t\t\t<div class=\"elementor-widget-container\">\n\t\t\t\t\t\t\t\t\t<h4><strong>Consejos de navegaci\u00f3n<\/strong><\/h4><ul><li>Calendario, agenda y paquetes de reuniones de la junta: ir a <a href=\"https:\/\/fcgma.org\/es\/board-agendas-broadcasts-minutes\/\" rel=\"noopener\">\u00d3rdenes del d\u00eda, transmisiones y actas de la Junta Directiva<\/a>\u00a0y utilice la barra de desplazamiento interior para navegar hacia abajo hasta las agendas y paquetes publicados.<\/li><li>Reuniones del comit\u00e9 y materiales: <a href=\"https:\/\/fcgma.org\/es\/committee-meetings\/\" target=\"_blank\" rel=\"noopener\">Desde esta p\u00e1gina<\/a> Puede hacer clic para acceder a las p\u00e1ginas de Operaciones, Comit\u00e9 Ejecutivo o Comit\u00e9 Fiscal.\u00a0<\/li><li>Dirigirse a <a href=\"https:\/\/fcgma.org\/es\/public-documents\/resolutions\/\" target=\"_blank\" rel=\"noopener\">Resoluciones<\/a> para obtener una lista hipervinculada en orden cronol\u00f3gico inverso de todas las Resoluciones de la Agencia.<\/li><li>Seleccionar <a href=\"https:\/\/fcgma.org\/es\/ordinances-legislation\/\">C\u00f3digo de ordenanzas<\/a> para conocer la legislaci\u00f3n habilitante.<\/li><li>Seleccionar <a href=\"https:\/\/fcgma.org\/es\/public-documents\/forms\/\" rel=\"noopener\">Formularios\u00a0<\/a>para descargar solicitudes de la Agencia, registros y formularios de pruebas de calibraci\u00f3n de medidores de flujo.<\/li><li>Leer m\u00e1s sobre <a href=\"https:\/\/fcgma.org\/es\/public-documents\/public-records-act-request\/\" target=\"_blank\" rel=\"noopener\">Solicitudes de la Ley de Registros P\u00fablicos de la Agencia<\/a>.<\/li><\/ul>\t\t\t\t\t\t\t\t<\/div>\n\t\t\t\t<\/div>\n\t\t\t\t\t<\/div>\n\t\t<\/div>\n\t\t\t\t\t<\/div>\n\t\t<\/section>\n\t\t\t\t<\/div>","protected":false},"excerpt":{"rendered":"<p>Public Meetings &#038; Documents Navigation Tips Board Meeting Schedule, Agenda, and Packets: Go to Board Agendas, Broadcasts and Minutes\u00a0and use the inside scrollbar to navigate down to the posted agendas [&hellip;]<\/p>\n","protected":false},"author":11,"featured_media":0,"parent":0,"menu_order":0,"comment_status":"closed","ping_status":"closed","template":"","meta":{"_price":"","_stock":"","_tribe_ticket_header":"","_tribe_default_ticket_provider":"","_tribe_ticket_capacity":"0","_ticket_start_date":"","_ticket_end_date":"","_tribe_ticket_show_description":"","_tribe_ticket_show_not_going":false,"_tribe_ticket_use_global_stock":"","_tribe_ticket_global_stock_level":"","_global_stock_mode":"","_global_stock_cap":"","_tribe_rsvp_for_event":"","_tribe_ticket_going_count":"","_tribe_ticket_not_going_count":"","_tribe_tickets_list":"[]","_tribe_ticket_has_attendee_info_fields":false,"footnotes":"","_tec_slr_enabled":"","_tec_slr_layout":""},"class_list":["post-2098","page","type-page","status-publish","hentry"],"yoast_head":"<!-- This site is optimized with the Yoast SEO plugin v26.8 - https:\/\/yoast.com\/product\/yoast-seo-wordpress\/ -->\n<title>Public Meetings &amp; Documents - FCGMA<\/title>\n<meta name=\"robots\" content=\"index, follow, max-snippet:-1, max-image-preview:large, max-video-preview:-1\" \/>\n<link rel=\"canonical\" href=\"https:\/\/fcgma.org\/es\/public-documents\/\" \/>\n<meta property=\"og:locale\" content=\"es_MX\" \/>\n<meta property=\"og:type\" content=\"article\" \/>\n<meta property=\"og:title\" content=\"Public Meetings &amp; Documents - FCGMA\" \/>\n<meta property=\"og:description\" content=\"Public Meetings &#038; Documents Navigation Tips Board Meeting Schedule, Agenda, and Packets: Go to Board Agendas, Broadcasts and Minutes\u00a0and use the inside scrollbar to navigate down to the posted agendas [&hellip;]\" \/>\n<meta property=\"og:url\" content=\"https:\/\/fcgma.org\/es\/public-documents\/\" \/>\n<meta property=\"og:site_name\" content=\"FCGMA\" \/>\n<meta property=\"article:modified_time\" content=\"2025-04-28T22:00:36+00:00\" \/>\n<meta name=\"twitter:card\" content=\"summary_large_image\" \/>\n<meta name=\"twitter:label1\" content=\"Tiempo de lectura\" \/>\n\t<meta name=\"twitter:data1\" content=\"1 minuto\" \/>\n<script type=\"application\/ld+json\" class=\"yoast-schema-graph\">{\"@context\":\"https:\/\/schema.org\",\"@graph\":[{\"@type\":\"WebPage\",\"@id\":\"https:\/\/fcgma.org\/public-documents\/\",\"url\":\"https:\/\/fcgma.org\/public-documents\/\",\"name\":\"Public Meetings &amp; Documents - FCGMA\",\"isPartOf\":{\"@id\":\"https:\/\/fcgma.org\/#website\"},\"datePublished\":\"2022-05-20T23:00:47+00:00\",\"dateModified\":\"2025-04-28T22:00:36+00:00\",\"breadcrumb\":{\"@id\":\"https:\/\/fcgma.org\/public-documents\/#breadcrumb\"},\"inLanguage\":\"es\",\"potentialAction\":[{\"@type\":\"ReadAction\",\"target\":[\"https:\/\/fcgma.org\/public-documents\/\"]}]},{\"@type\":\"BreadcrumbList\",\"@id\":\"https:\/\/fcgma.org\/public-documents\/#breadcrumb\",\"itemListElement\":[{\"@type\":\"ListItem\",\"position\":1,\"name\":\"Home\",\"item\":\"https:\/\/fcgma.org\/\"},{\"@type\":\"ListItem\",\"position\":2,\"name\":\"Public Meetings &amp; Documents\"}]},{\"@type\":\"WebSite\",\"@id\":\"https:\/\/fcgma.org\/#website\",\"url\":\"https:\/\/fcgma.org\/\",\"name\":\"FCGMA\",\"description\":\"Fox Canyon Groundwater Management Agency\",\"publisher\":{\"@id\":\"https:\/\/fcgma.org\/#organization\"},\"potentialAction\":[{\"@type\":\"SearchAction\",\"target\":{\"@type\":\"EntryPoint\",\"urlTemplate\":\"https:\/\/fcgma.org\/?s={search_term_string}\"},\"query-input\":{\"@type\":\"PropertyValueSpecification\",\"valueRequired\":true,\"valueName\":\"search_term_string\"}}],\"inLanguage\":\"es\"},{\"@type\":\"Organization\",\"@id\":\"https:\/\/fcgma.org\/#organization\",\"name\":\"Fox Canyon General Management Agency\",\"url\":\"https:\/\/fcgma.org\/\",\"logo\":{\"@type\":\"ImageObject\",\"inLanguage\":\"es\",\"@id\":\"https:\/\/fcgma.org\/#\/schema\/logo\/image\/\",\"url\":\"https:\/\/fcgma.org\/wp-content\/uploads\/2022\/04\/fcgma-logo-v2.png\",\"contentUrl\":\"https:\/\/fcgma.org\/wp-content\/uploads\/2022\/04\/fcgma-logo-v2.png\",\"width\":310,\"height\":310,\"caption\":\"Fox Canyon General Management Agency\"},\"image\":{\"@id\":\"https:\/\/fcgma.org\/#\/schema\/logo\/image\/\"}}]}<\/script>\n<!-- \/ Yoast SEO plugin. -->","yoast_head_json":{"title":"Reuniones p\u00fablicas y documentos - FCGMA","robots":{"index":"index","follow":"follow","max-snippet":"max-snippet:-1","max-image-preview":"max-image-preview:large","max-video-preview":"max-video-preview:-1"},"canonical":"https:\/\/fcgma.org\/es\/public-documents\/","og_locale":"es_MX","og_type":"article","og_title":"Public Meetings &amp; Documents - FCGMA","og_description":"Public Meetings &#038; Documents Navigation Tips Board Meeting Schedule, Agenda, and Packets: Go to Board Agendas, Broadcasts and Minutes\u00a0and use the inside scrollbar to navigate down to the posted agendas [&hellip;]","og_url":"https:\/\/fcgma.org\/es\/public-documents\/","og_site_name":"FCGMA","article_modified_time":"2025-04-28T22:00:36+00:00","twitter_card":"summary_large_image","twitter_misc":{"Tiempo de lectura":"1 minuto"},"schema":{"@context":"https:\/\/schema.org","@graph":[{"@type":"WebPage","@id":"https:\/\/fcgma.org\/public-documents\/","url":"https:\/\/fcgma.org\/public-documents\/","name":"Reuniones p\u00fablicas y documentos - FCGMA","isPartOf":{"@id":"https:\/\/fcgma.org\/#website"},"datePublished":"2022-05-20T23:00:47+00:00","dateModified":"2025-04-28T22:00:36+00:00","breadcrumb":{"@id":"https:\/\/fcgma.org\/public-documents\/#breadcrumb"},"inLanguage":"es","potentialAction":[{"@type":"ReadAction","target":["https:\/\/fcgma.org\/public-documents\/"]}]},{"@type":"BreadcrumbList","@id":"https:\/\/fcgma.org\/public-documents\/#breadcrumb","itemListElement":[{"@type":"ListItem","position":1,"name":"Home","item":"https:\/\/fcgma.org\/"},{"@type":"ListItem","position":2,"name":"Public Meetings &amp; Documents"}]},{"@type":"WebSite","@id":"https:\/\/fcgma.org\/#website","url":"https:\/\/fcgma.org\/","name":"FCGMA","description":"Agencia de Gesti\u00f3n de Aguas Subterr\u00e1neas de Fox Canyon","publisher":{"@id":"https:\/\/fcgma.org\/#organization"},"potentialAction":[{"@type":"SearchAction","target":{"@type":"EntryPoint","urlTemplate":"https:\/\/fcgma.org\/?s={search_term_string}"},"query-input":{"@type":"PropertyValueSpecification","valueRequired":true,"valueName":"search_term_string"}}],"inLanguage":"es"},{"@type":"Organization","@id":"https:\/\/fcgma.org\/#organization","name":"Agencia de Gesti\u00f3n General de Fox Canyon","url":"https:\/\/fcgma.org\/","logo":{"@type":"ImageObject","inLanguage":"es","@id":"https:\/\/fcgma.org\/#\/schema\/logo\/image\/","url":"https:\/\/fcgma.org\/wp-content\/uploads\/2022\/04\/fcgma-logo-v2.png","contentUrl":"https:\/\/fcgma.org\/wp-content\/uploads\/2022\/04\/fcgma-logo-v2.png","width":310,"height":310,"caption":"Fox Canyon General Management Agency"},"image":{"@id":"https:\/\/fcgma.org\/#\/schema\/logo\/image\/"}}]}},"ticketed":false,"_links":{"self":[{"href":"https:\/\/fcgma.org\/es\/wp-json\/wp\/v2\/pages\/2098","targetHints":{"allow":["GET"]}}],"collection":[{"href":"https:\/\/fcgma.org\/es\/wp-json\/wp\/v2\/pages"}],"about":[{"href":"https:\/\/fcgma.org\/es\/wp-json\/wp\/v2\/types\/page"}],"author":[{"embeddable":true,"href":"https:\/\/fcgma.org\/es\/wp-json\/wp\/v2\/users\/11"}],"replies":[{"embeddable":true,"href":"https:\/\/fcgma.org\/es\/wp-json\/wp\/v2\/comments?post=2098"}],"version-history":[{"count":3,"href":"https:\/\/fcgma.org\/es\/wp-json\/wp\/v2\/pages\/2098\/revisions"}],"predecessor-version":[{"id":6150,"href":"https:\/\/fcgma.org\/es\/wp-json\/wp\/v2\/pages\/2098\/revisions\/6150"}],"wp:attachment":[{"href":"https:\/\/fcgma.org\/es\/wp-json\/wp\/v2\/media?parent=2098"}],"curies":[{"name":"gracias","href":"https:\/\/api.w.org\/{rel}","templated":true}]}}